{"id":9803,"date":"2025-03-23T09:27:45","date_gmt":"2025-03-23T08:27:45","guid":{"rendered":"https:\/\/medtech-ingenieur.de\/?page_id=9803"},"modified":"2025-07-15T08:43:12","modified_gmt":"2025-07-15T06:43:12","slug":"leistungen","status":"publish","type":"page","link":"https:\/\/medtech-ingenieur.de\/en\/leistungen\/","title":{"rendered":"Services"},"content":{"rendered":"<h1 style=\"text-align: center;\"><span style=\"font-style: normal;\"><strong><span style=\"\">Services<\/span><\/strong><\/span><\/h1>\n<p style=\"text-align: center;\">We develop customized electronics, embedded software and mechanical components that meet the highest standards in medical technology.<\/p>\n<h2>Development of medical technology<\/h2>\n<p style=\"\">Precision meets innovation \u2013 this is how medical technology development succeeds.<\/p>\n<h6 style=\"\"><strong><\/strong><strong>Regulatory security from the start<\/strong><\/h6>\n<p style=\"\">Our development takes MDR, ISO 13485 and IEC 60601 requirements into account right from the start to ensure smooth market approval.<\/p>\n<h6 style=\"\"><strong><\/strong><strong>Interdisciplinary expertise<\/strong><\/h6>\n<p style=\"\">Our interdisciplinary team creates innovative medical devices, and our experts accelerate your project and move you forward.<\/p>\n<h6 style=\"\"><strong>Fast and flexible development<\/strong><\/h6>\n<p style=\"\">Thanks to agile processes and in-house prototyping, we test and optimize products early on to shorten development times.<\/p>\n<h6 style=\"\"><strong>Scalable solutions for the future<\/strong><\/h6>\n<p style=\"\">Our technologies and architectures are modular, allowing products to be sustainably optimized and further developed.<\/p>\n<p><span style=\"\">Customers served!<\/span><span data-anim=\"ticker\" data-refresh-interval=\"10\" data-from=\"0\" data-formatted-from=\"0\" data-to=\"50\" data-final-number=\"50\" data-decimals=\"0\" data-thousand-divider=\",\" data-decimal-character=\".\" data-speed=\"2507\" style=\"\"><span style=\"display: inline;\"><\/span><span style=\"\">0<\/span><span style=\"\">+<\/span><\/span><span style=\"\">Customers<\/span><span style=\"\">Customers served!<\/span><span data-anim=\"ticker\" data-refresh-interval=\"10\" data-from=\"0\" data-formatted-from=\"0\" data-to=\"100\" data-final-number=\"100\" data-decimals=\"0\" data-thousand-divider=\",\" data-decimal-character=\".\" data-speed=\"2507\" style=\"\"><span style=\"display: inline;\"><\/span><span style=\"\">0<\/span><span style=\"\">+<\/span><\/span><span style=\"\">Projects<\/span><span style=\"\">Customers served!<\/span><span data-anim=\"ticker\" data-refresh-interval=\"10\" data-from=\"0\" data-formatted-from=\"0\" data-to=\"17\" data-final-number=\"17\" data-decimals=\"0\" data-thousand-divider=\",\" data-decimal-character=\".\" data-speed=\"2507\" style=\"\"><span style=\"display: inline;\"><\/span><span style=\"\">0<\/span><span style=\"\">+<\/span><\/span><span style=\"\">Years of experience<\/span><span style=\"\">Customers served!<\/span><span data-anim=\"ticker\" data-refresh-interval=\"10\" data-from=\"0\" data-formatted-from=\"0\" data-to=\"10000\" data-final-number=\"10,000\" data-decimals=\"0\" data-thousand-divider=\",\" data-decimal-character=\".\" data-speed=\"2507\" style=\"\"><span style=\"display: inline;\"><\/span><span style=\"\">0<\/span><span style=\"\">+<\/span><\/span><span style=\"\">cups of coffee per year<\/span><\/p>\n<h2 style=\"text-align: center;\">Our services<\/h2>\n<h2 style=\"\">Our success factors<\/h2>\n<p style=\"\">Why leading MedTech companies develop with us:<\/p>\n<ul>\n<li style=\"\"><span style=\"\"><strong><span style=\"--tcb-applied-color: rgb(0, 0, 0) !important; color: rgb(0, 0, 0) !important;\"><strong><span>17+ years of experience&nbsp;<\/span><\/strong><\/span><\/strong><span style=\"--tcb-applied-color: rgb(0, 0, 0) !important; color: rgb(0, 0, 0) !important;\"><span>in medical technology development<\/span><\/span><\/span><\/li>\n<li style=\"\"><span style=\"\"><strong><span style=\"text-transform: capitalize !important;\"><strong><span style=\"--tcb-applied-color: rgb(0, 0, 0) !important; color: rgb(0, 0, 0) !important;\">Certified processes <\/span><\/strong><\/span><\/strong><span style=\"text-transform: none !important;\"><span style=\"--tcb-applied-color: rgb(0, 0, 0) !important; color: rgb(0, 0, 0) !important;\">according to MDR, ISO 13485 &amp; IEC 60601<\/span><\/span><\/span><\/li>\n<li style=\"\"><span><strong><\/strong><strong><span style=\"--tcb-applied-color: rgb(0, 0, 0) !important; color: rgb(0, 0, 0) !important;\">In-house testing options <\/span><\/strong><span style=\"--tcb-applied-color: rgb(0, 0, 0) !important; color: rgb(0, 0, 0) !important;\">for EMC, functional tests &amp; quality assurance<\/span><\/span><\/li>\n<li style=\"\"><span style=\"\"><strong><\/strong><strong><span style=\"--tcb-applied-color: rgb(0, 0, 0) !important; color: rgb(0, 0, 0) !important;\">Fast &amp; flexible prototype production<\/span><\/strong><\/span><\/li>\n<\/ul>\n<p><span style=\"\"><img decoding=\"async\" alt=\"\" data-id=\"9817\" width=\"730\" data-init-width=\"2560\" height=\"487\" data-init-height=\"1707\" title=\"Med_Groups-17\" loading=\"lazy\" src=\"https:\/\/medtech-ingenieur.de\/wp-content\/uploads\/2025\/03\/Med_Gruppen-17-scaled.jpg\" data-width=\"730\" data-height=\"487\" style=\"aspect-ratio: auto 2560 \/ 1707;\" ml-d=\"-56\" mt-d=\"0\" center-h-d=\"true\"\/><\/span><\/p>","protected":false},"excerpt":{"rendered":"<p>Leistungen Wir entwickeln ma\u00dfgeschneiderte Elektronik, Embedded Software und mechanische Komponenten, die den h\u00f6chsten Standards in der Medizintechnik entsprechen. Entwicklung von Medizintechnik Pr\u00e4zision trifft Innovation \u2013 So gelingt erfolgreiche Medizintechnik-Entwicklung. Regulatorische Sicherheit von Anfang an Unsere Entwicklung ber\u00fccksichtigt von Beginn an MDR-, ISO 13485- und IEC 60601-Anforderungen f\u00fcr eine reibungslose Marktzulassung. Interdisziplin\u00e4re Expertise Durch unser interdisziplin\u00e4res [&hellip;]<\/p>\n","protected":false},"author":48,"featured_media":0,"parent":0,"menu_order":0,"comment_status":"closed","ping_status":"closed","template":"","meta":{"footnotes":""},"class_list":["post-9803","page","type-page","status-publish","hentry","post-wrapper","thrv_wrapper"],"yoast_head":"<!-- This site is optimized with the Yoast SEO plugin v27.4 - https:\/\/yoast.com\/product\/yoast-seo-wordpress\/ -->\n<title>Leistungen - MEDtech Ingenieur GmbH<\/title>\n<meta name=\"robots\" content=\"index, follow, max-snippet:-1, max-image-preview:large, max-video-preview:-1\" \/>\n<link rel=\"canonical\" href=\"https:\/\/medtech-ingenieur.de\/en\/leistungen\/\" \/>\n<meta property=\"og:locale\" content=\"en_US\" \/>\n<meta property=\"og:type\" content=\"article\" \/>\n<meta property=\"og:title\" content=\"Leistungen - MEDtech Ingenieur GmbH\" \/>\n<meta property=\"og:description\" content=\"Leistungen Wir entwickeln ma\u00dfgeschneiderte Elektronik, Embedded Software und mechanische Komponenten, die den h\u00f6chsten Standards in der Medizintechnik entsprechen. Entwicklung von Medizintechnik Pr\u00e4zision trifft Innovation \u2013 So gelingt erfolgreiche Medizintechnik-Entwicklung. Regulatorische Sicherheit von Anfang an Unsere Entwicklung ber\u00fccksichtigt von Beginn an MDR-, ISO 13485- und IEC 60601-Anforderungen f\u00fcr eine reibungslose Marktzulassung. Interdisziplin\u00e4re Expertise Durch unser interdisziplin\u00e4res [&hellip;]\" \/>\n<meta property=\"og:url\" content=\"https:\/\/medtech-ingenieur.de\/en\/leistungen\/\" \/>\n<meta property=\"og:site_name\" content=\"MEDtech Ingenieur GmbH\" \/>\n<meta property=\"article:publisher\" content=\"https:\/\/www.facebook.com\/medtechIngenieur\" \/>\n<meta property=\"article:modified_time\" content=\"2025-07-15T06:43:12+00:00\" \/>\n<meta property=\"og:image\" content=\"https:\/\/medtech-ingenieur.de\/wp-content\/uploads\/2025\/03\/Med_Gruppen-17-scaled.jpg\" \/>\n<meta name=\"twitter:card\" content=\"summary_large_image\" \/>\n<meta name=\"twitter:site\" content=\"@MedtechIng\" \/>\n<meta name=\"twitter:label1\" content=\"Est. reading time\" \/>\n\t<meta name=\"twitter:data1\" content=\"2 minutes\" \/>\n<script type=\"application\/ld+json\" class=\"yoast-schema-graph\">{\"@context\":\"https:\\\/\\\/schema.org\",\"@graph\":[{\"@type\":\"WebPage\",\"@id\":\"https:\\\/\\\/medtech-ingenieur.de\\\/leistungen\\\/\",\"url\":\"https:\\\/\\\/medtech-ingenieur.de\\\/leistungen\\\/\",\"name\":\"Leistungen - MEDtech Ingenieur GmbH\",\"isPartOf\":{\"@id\":\"https:\\\/\\\/medtech-ingenieur.de\\\/#website\"},\"primaryImageOfPage\":{\"@id\":\"https:\\\/\\\/medtech-ingenieur.de\\\/leistungen\\\/#primaryimage\"},\"image\":{\"@id\":\"https:\\\/\\\/medtech-ingenieur.de\\\/leistungen\\\/#primaryimage\"},\"thumbnailUrl\":\"https:\\\/\\\/medtech-ingenieur.de\\\/wp-content\\\/uploads\\\/2025\\\/03\\\/Med_Gruppen-17-scaled.jpg\",\"datePublished\":\"2025-03-23T08:27:45+00:00\",\"dateModified\":\"2025-07-15T06:43:12+00:00\",\"breadcrumb\":{\"@id\":\"https:\\\/\\\/medtech-ingenieur.de\\\/leistungen\\\/#breadcrumb\"},\"inLanguage\":\"en-US\",\"potentialAction\":[{\"@type\":\"ReadAction\",\"target\":[\"https:\\\/\\\/medtech-ingenieur.de\\\/leistungen\\\/\"]}]},{\"@type\":\"ImageObject\",\"inLanguage\":\"en-US\",\"@id\":\"https:\\\/\\\/medtech-ingenieur.de\\\/leistungen\\\/#primaryimage\",\"url\":\"https:\\\/\\\/medtech-ingenieur.de\\\/wp-content\\\/uploads\\\/2025\\\/03\\\/Med_Gruppen-17-scaled.jpg\",\"contentUrl\":\"https:\\\/\\\/medtech-ingenieur.de\\\/wp-content\\\/uploads\\\/2025\\\/03\\\/Med_Gruppen-17-scaled.jpg\"},{\"@type\":\"BreadcrumbList\",\"@id\":\"https:\\\/\\\/medtech-ingenieur.de\\\/leistungen\\\/#breadcrumb\",\"itemListElement\":[{\"@type\":\"ListItem\",\"position\":1,\"name\":\"Startseite\",\"item\":\"https:\\\/\\\/medtech-ingenieur.de\\\/\"},{\"@type\":\"ListItem\",\"position\":2,\"name\":\"Leistungen\"}]},{\"@type\":\"WebSite\",\"@id\":\"https:\\\/\\\/medtech-ingenieur.de\\\/#website\",\"url\":\"https:\\\/\\\/medtech-ingenieur.de\\\/\",\"name\":\"MEDtech Ingenieur GmbH\",\"description\":\"Ingenieursdienstleister f\u00fcr Medizintechnik\",\"publisher\":{\"@id\":\"https:\\\/\\\/medtech-ingenieur.de\\\/#organization\"},\"alternateName\":\"MEDtech\",\"potentialAction\":[{\"@type\":\"SearchAction\",\"target\":{\"@type\":\"EntryPoint\",\"urlTemplate\":\"https:\\\/\\\/medtech-ingenieur.de\\\/?s={search_term_string}\"},\"query-input\":{\"@type\":\"PropertyValueSpecification\",\"valueRequired\":true,\"valueName\":\"search_term_string\"}}],\"inLanguage\":\"en-US\"},{\"@type\":\"Organization\",\"@id\":\"https:\\\/\\\/medtech-ingenieur.de\\\/#organization\",\"name\":\"MEDtech Ingenieur\",\"alternateName\":\"MEDtech\",\"url\":\"https:\\\/\\\/medtech-ingenieur.de\\\/\",\"logo\":{\"@type\":\"ImageObject\",\"inLanguage\":\"en-US\",\"@id\":\"https:\\\/\\\/medtech-ingenieur.de\\\/#\\\/schema\\\/logo\\\/image\\\/\",\"url\":\"https:\\\/\\\/medtech-ingenieur.de\\\/wp-content\\\/uploads\\\/2024\\\/01\\\/logo-700x700-1.png\",\"contentUrl\":\"https:\\\/\\\/medtech-ingenieur.de\\\/wp-content\\\/uploads\\\/2024\\\/01\\\/logo-700x700-1.png\",\"width\":700,\"height\":700,\"caption\":\"MEDtech Ingenieur\"},\"image\":{\"@id\":\"https:\\\/\\\/medtech-ingenieur.de\\\/#\\\/schema\\\/logo\\\/image\\\/\"},\"sameAs\":[\"https:\\\/\\\/www.facebook.com\\\/medtechIngenieur\",\"https:\\\/\\\/x.com\\\/MedtechIng\",\"https:\\\/\\\/www.instagram.com\\\/medtech.ingenieure\\\/\",\"https:\\\/\\\/www.linkedin.com\\\/company\\\/37871229\\\/\"]}]}<\/script>\n<!-- \/ Yoast SEO plugin. -->","yoast_head_json":{"title":"Services - MEDtech Ingenieur GmbH","robots":{"index":"index","follow":"follow","max-snippet":"max-snippet:-1","max-image-preview":"max-image-preview:large","max-video-preview":"max-video-preview:-1"},"canonical":"https:\/\/medtech-ingenieur.de\/en\/leistungen\/","og_locale":"en_US","og_type":"article","og_title":"Leistungen - MEDtech Ingenieur GmbH","og_description":"Leistungen Wir entwickeln ma\u00dfgeschneiderte Elektronik, Embedded Software und mechanische Komponenten, die den h\u00f6chsten Standards in der Medizintechnik entsprechen. Entwicklung von Medizintechnik Pr\u00e4zision trifft Innovation \u2013 So gelingt erfolgreiche Medizintechnik-Entwicklung. Regulatorische Sicherheit von Anfang an Unsere Entwicklung ber\u00fccksichtigt von Beginn an MDR-, ISO 13485- und IEC 60601-Anforderungen f\u00fcr eine reibungslose Marktzulassung. Interdisziplin\u00e4re Expertise Durch unser interdisziplin\u00e4res [&hellip;]","og_url":"https:\/\/medtech-ingenieur.de\/en\/leistungen\/","og_site_name":"MEDtech Ingenieur GmbH","article_publisher":"https:\/\/www.facebook.com\/medtechIngenieur","article_modified_time":"2025-07-15T06:43:12+00:00","og_image":[{"url":"https:\/\/medtech-ingenieur.de\/wp-content\/uploads\/2025\/03\/Med_Gruppen-17-scaled.jpg","type":"","width":"","height":""}],"twitter_card":"summary_large_image","twitter_site":"@MedtechIng","twitter_misc":{"Est. reading time":"2 minutes"},"schema":{"@context":"https:\/\/schema.org","@graph":[{"@type":"WebPage","@id":"https:\/\/medtech-ingenieur.de\/leistungen\/","url":"https:\/\/medtech-ingenieur.de\/leistungen\/","name":"Services - MEDtech Ingenieur GmbH","isPartOf":{"@id":"https:\/\/medtech-ingenieur.de\/#website"},"primaryImageOfPage":{"@id":"https:\/\/medtech-ingenieur.de\/leistungen\/#primaryimage"},"image":{"@id":"https:\/\/medtech-ingenieur.de\/leistungen\/#primaryimage"},"thumbnailUrl":"https:\/\/medtech-ingenieur.de\/wp-content\/uploads\/2025\/03\/Med_Gruppen-17-scaled.jpg","datePublished":"2025-03-23T08:27:45+00:00","dateModified":"2025-07-15T06:43:12+00:00","breadcrumb":{"@id":"https:\/\/medtech-ingenieur.de\/leistungen\/#breadcrumb"},"inLanguage":"en-US","potentialAction":[{"@type":"ReadAction","target":["https:\/\/medtech-ingenieur.de\/leistungen\/"]}]},{"@type":"ImageObject","inLanguage":"en-US","@id":"https:\/\/medtech-ingenieur.de\/leistungen\/#primaryimage","url":"https:\/\/medtech-ingenieur.de\/wp-content\/uploads\/2025\/03\/Med_Gruppen-17-scaled.jpg","contentUrl":"https:\/\/medtech-ingenieur.de\/wp-content\/uploads\/2025\/03\/Med_Gruppen-17-scaled.jpg"},{"@type":"BreadcrumbList","@id":"https:\/\/medtech-ingenieur.de\/leistungen\/#breadcrumb","itemListElement":[{"@type":"ListItem","position":1,"name":"Startseite","item":"https:\/\/medtech-ingenieur.de\/"},{"@type":"ListItem","position":2,"name":"Leistungen"}]},{"@type":"WebSite","@id":"https:\/\/medtech-ingenieur.de\/#website","url":"https:\/\/medtech-ingenieur.de\/","name":"MEDtech Ingenieur GmbH","description":"Engineering service provider for medical technology","publisher":{"@id":"https:\/\/medtech-ingenieur.de\/#organization"},"alternateName":"MEDtech","potentialAction":[{"@type":"SearchAction","target":{"@type":"EntryPoint","urlTemplate":"https:\/\/medtech-ingenieur.de\/?s={search_term_string}"},"query-input":{"@type":"PropertyValueSpecification","valueRequired":true,"valueName":"search_term_string"}}],"inLanguage":"en-US"},{"@type":"Organization","@id":"https:\/\/medtech-ingenieur.de\/#organization","name":"MEDtech Engineer","alternateName":"MEDtech","url":"https:\/\/medtech-ingenieur.de\/","logo":{"@type":"ImageObject","inLanguage":"en-US","@id":"https:\/\/medtech-ingenieur.de\/#\/schema\/logo\/image\/","url":"https:\/\/medtech-ingenieur.de\/wp-content\/uploads\/2024\/01\/logo-700x700-1.png","contentUrl":"https:\/\/medtech-ingenieur.de\/wp-content\/uploads\/2024\/01\/logo-700x700-1.png","width":700,"height":700,"caption":"MEDtech Ingenieur"},"image":{"@id":"https:\/\/medtech-ingenieur.de\/#\/schema\/logo\/image\/"},"sameAs":["https:\/\/www.facebook.com\/medtechIngenieur","https:\/\/x.com\/MedtechIng","https:\/\/www.instagram.com\/medtech.ingenieure\/","https:\/\/www.linkedin.com\/company\/37871229\/"]}]}},"_links":{"self":[{"href":"https:\/\/medtech-ingenieur.de\/en\/wp-json\/wp\/v2\/pages\/9803","targetHints":{"allow":["GET"]}}],"collection":[{"href":"https:\/\/medtech-ingenieur.de\/en\/wp-json\/wp\/v2\/pages"}],"about":[{"href":"https:\/\/medtech-ingenieur.de\/en\/wp-json\/wp\/v2\/types\/page"}],"author":[{"embeddable":true,"href":"https:\/\/medtech-ingenieur.de\/en\/wp-json\/wp\/v2\/users\/48"}],"replies":[{"embeddable":true,"href":"https:\/\/medtech-ingenieur.de\/en\/wp-json\/wp\/v2\/comments?post=9803"}],"version-history":[{"count":16,"href":"https:\/\/medtech-ingenieur.de\/en\/wp-json\/wp\/v2\/pages\/9803\/revisions"}],"predecessor-version":[{"id":11154,"href":"https:\/\/medtech-ingenieur.de\/en\/wp-json\/wp\/v2\/pages\/9803\/revisions\/11154"}],"wp:attachment":[{"href":"https:\/\/medtech-ingenieur.de\/en\/wp-json\/wp\/v2\/media?parent=9803"}],"curies":[{"name":"wp","href":"https:\/\/api.w.org\/{rel}","templated":true}]}}