{"id":9740,"date":"2025-04-20T19:28:04","date_gmt":"2025-04-20T17:28:04","guid":{"rendered":"https:\/\/medtech-ingenieur.de\/?page_id=9740"},"modified":"2026-04-01T09:29:33","modified_gmt":"2026-04-01T07:29:33","slug":"ihr-partner-fuer-entwicklung-test-produktion-von-medizingeraeten","status":"publish","type":"page","link":"https:\/\/medtech-ingenieur.de\/en\/","title":{"rendered":"Home"},"content":{"rendered":"<h1 style=\"\"><span style=\"font-style: normal;\"><strong><span><span style=\"font-size: 29px !important;\">Ihr zuverl\u00e4ssiger Partner in der<\/span> Medizintechnik<\/span><\/strong><\/span><\/h1>\n<p style=\"\">Entwicklung, Test und Produktion von Medizintechnik. <br \/>Flexibel, effizient und CE-konform.<\/p>\n<p><span><img decoding=\"async\" alt=\"\" data-id=\"9763\" width=\"204\" data-init-width=\"1965\" height=\"75\" data-init-height=\"725\" title=\"T\u00dcV Zertifikat Medtech Ingenieur GmbH\" loading=\"lazy\" src=\"https:\/\/medtech-ingenieur.de\/wp-content\/uploads\/2025\/02\/TUeV-Zertifikat-Medtech-Ingenieur-GmbH.png\" data-width=\"204\" data-height=\"75\" style=\"aspect-ratio: auto 1965 \/ 725;\"\/><\/span><span><img decoding=\"async\" alt=\"Medical Valley Member\" data-id=\"9798\" width=\"136\" data-init-width=\"1600\" height=\"77\" data-init-height=\"900\" title=\"Medical Valley Member\" loading=\"lazy\" src=\"https:\/\/medtech-ingenieur.de\/wp-content\/uploads\/2025\/03\/MEMBER-OF.png\" data-width=\"136\" data-height=\"77\" style=\"aspect-ratio: auto 1600 \/ 900;\"\/><\/span><span style=\"\"><img decoding=\"async\" alt=\"Medizintechnik Ingenieur in der Hardwareentwicklung\" data-id=\"9743\" width=\"508\" data-init-width=\"1103\" height=\"762\" data-init-height=\"1655\" title=\"Medizintechnik Ingenieur in der Hardwareentwicklung\" loading=\"lazy\" src=\"https:\/\/medtech-ingenieur.de\/wp-content\/uploads\/2025\/02\/NIC-04.png\" data-width=\"508\" data-height=\"762\" style=\"aspect-ratio: auto 1103 \/ 1655;\" mt-d=\"-3.0160000000000764\" ml-d=\"0\"\/><\/span><\/p>\n<h2 style=\"\">Ihre Herausforderung \u2013 Unsere L\u00f6sung<\/h2>\n<p style=\"\">Medizintechnik erfordert Pr\u00e4zision, Innovation und regulatorische Sicherheit. Wir begleiten Sie von der Entwicklung bis zur CE-konformen Serienfertigung.<\/p>\n<h6 style=\"\"><strong><\/strong><strong>Produktentwicklung &amp; Prototyping<\/strong><\/h6>\n<p style=\"text-align: justify;\">Schnelle Entwicklung und Prototypenbau f\u00fcr Medizintechnik \u2013 von Embedded-Systemen \u00fcber Hardwarel\u00f6sungen bis hin zu komplexen Systemen<\/p>\n<h6 style=\"\"><strong><\/strong><strong>MEDtech Testlab<\/strong><\/h6>\n<p style=\"text-align: justify;\">Ihr Testteam f\u00fcr Medizinprodukte \u2013 Sicherheit durch Expertise im Testlab. Funktionstests, Normtests, EMV-Tests, Klimatests, Inte-grationstests und vieles mehr.<\/p>\n<h6 style=\"\"><strong>Flexible Fertigung<\/strong><\/h6>\n<p style=\"text-align: justify;\">Effiziente Produktion von Medizinprodukten \u2013 Kleinserien &amp; skalierbare Fertigung f\u00fcr Ihr Produkt. Schnell, zuverl\u00e4ssig und unkompliziert.<\/p>\n<h6 style=\"\"><strong>Regulatorische Sicherheit<\/strong><\/h6>\n<p style=\"text-align: justify;\">MDR-, IVDR- und CE-Zerti-fizierung f\u00fcr Medizintechnik \u2013 Konformit\u00e4tsbewertung, technische Dokumentation und Zulassungsstrategie.<\/p>\n<h2 style=\"text-align: center;\">Blog<\/h2>\n<p><span><img decoding=\"async\" alt=\"\" data-id=\"8650\" width=\"28\" data-init-width=\"700\" height=\"28\" data-init-height=\"700\" title=\"logo 700x700\" loading=\"lazy\" src=\"https:\/\/medtech-ingenieur.de\/wp-content\/uploads\/2024\/01\/logo-700x700-1.png\" data-width=\"28\" data-height=\"28\" style=\"aspect-ratio: auto 700 \/ 700;\"\/><\/span><\/p>\n<h2 style=\"\"><span data-shortcode=\"tcb_post_title\" data-shortcode-name=\"Post title\" data-extra_key=\"\" data-attr-link=\"0\" data-attr-target=\"0\" data-attr-rel=\"0\" data-option-inline=\"1\" style=\"\">BLE-Synchronisation f\u00fcr medizinische Sensorik \u2013 Pr\u00e4zise bis 50 \u00b5s<\/span><\/h2>\n<p>In drahtlosen verteilten Systemen l\u00e4uft auf jedem Knoten eine eigene Hardware-Uhr. Selbst <a href=\"https:\/\/medtech-ingenieur.de\/ble-synchronisation-sensorik\/#more-12274\">[&#8230;]<\/a><\/p>\n<p style=\"\"><span data-shortcode=\"tcb_post_published_date\" data-shortcode-name=\"Post date\" data-extra_key=\"\" data-attr-type=\"published\" data-attr-date-format-select=\"custom\" data-attr-date-format=\"F j\" data-attr-show-time=\"0\" data-attr-time-format-select=\"g:i a\" data-attr-time-format=\"\" data-attr-link=\"0\" data-attr-target=\"1\" data-attr-rel=\"0\" data-option-inline=\"1\">M\u00e4rz 19 <\/span> |&nbsp;<span data-attr-date-format=\"Y\" data-attr-date-format-select=\"custom\" data-attr-link=\"0\" data-attr-rel=\"0\" data-attr-show-time=\"0\" data-attr-target=\"1\" data-attr-time-format=\"\" data-attr-time-format-select=\"g:i a\" data-attr-type=\"published\" data-extra_key=\"\" data-option-inline=\"1\" data-shortcode=\"tcb_post_published_date\" data-shortcode-name=\"Post date\">2026 <\/span><\/p>\n<p><span><img decoding=\"async\" alt=\"\" data-id=\"8650\" width=\"28\" data-init-width=\"700\" height=\"28\" data-init-height=\"700\" title=\"logo 700x700\" loading=\"lazy\" src=\"https:\/\/medtech-ingenieur.de\/wp-content\/uploads\/2024\/01\/logo-700x700-1.png\" data-width=\"28\" data-height=\"28\" style=\"aspect-ratio: auto 700 \/ 700;\"\/><\/span><\/p>\n<h2 style=\"\"><span data-shortcode=\"tcb_post_title\" data-shortcode-name=\"Post title\" data-extra_key=\"\" data-attr-link=\"0\" data-attr-target=\"0\" data-attr-rel=\"0\" data-option-inline=\"1\" style=\"\">Miniaturisierung von Wearables in der Medizintechnik<\/span><\/h2>\n<p>Miniaturisierung in Wearables &#8211; Chancen und Herausforderungen f\u00fcr die Hardwareentwicklung Als Beginn <a href=\"https:\/\/medtech-ingenieur.de\/miniaturisierung-wearables-medizintechnik\/#more-12989\">[&#8230;]<\/a><\/p>\n<p style=\"\"><span data-shortcode=\"tcb_post_published_date\" data-shortcode-name=\"Post date\" data-extra_key=\"\" data-attr-type=\"published\" data-attr-date-format-select=\"custom\" data-attr-date-format=\"F j\" data-attr-show-time=\"0\" data-attr-time-format-select=\"g:i a\" data-attr-time-format=\"\" data-attr-link=\"0\" data-attr-target=\"1\" data-attr-rel=\"0\" data-option-inline=\"1\">M\u00e4rz 5 <\/span> |&nbsp;<span data-attr-date-format=\"Y\" data-attr-date-format-select=\"custom\" data-attr-link=\"0\" data-attr-rel=\"0\" data-attr-show-time=\"0\" data-attr-target=\"1\" data-attr-time-format=\"\" data-attr-time-format-select=\"g:i a\" data-attr-type=\"published\" data-extra_key=\"\" data-option-inline=\"1\" data-shortcode=\"tcb_post_published_date\" data-shortcode-name=\"Post date\">2026 <\/span><\/p>\n<p><span><img decoding=\"async\" alt=\"\" data-id=\"8650\" width=\"28\" data-init-width=\"700\" height=\"28\" data-init-height=\"700\" title=\"logo 700x700\" loading=\"lazy\" src=\"https:\/\/medtech-ingenieur.de\/wp-content\/uploads\/2024\/01\/logo-700x700-1.png\" data-width=\"28\" data-height=\"28\" style=\"aspect-ratio: auto 700 \/ 700;\"\/><\/span><\/p>\n<h2 style=\"\"><span data-shortcode=\"tcb_post_title\" data-shortcode-name=\"Post title\" data-extra_key=\"\" data-attr-link=\"0\" data-attr-target=\"0\" data-attr-rel=\"0\" data-option-inline=\"1\" style=\"\">Wiederbelebung: Wenn jede Sekunde z\u00e4hlt \u2013 Medizintechnik rettet Leben<\/span><\/h2>\n<p>370 Menschen pro Tag \u2013 so viele erleiden laut dem Deutschen Reanimationsregister <a href=\"https:\/\/medtech-ingenieur.de\/wiederbelebung-verbessern-medizintechnik\/#more-11969\">[&#8230;]<\/a><\/p>\n<p style=\"\"><span data-shortcode=\"tcb_post_published_date\" data-shortcode-name=\"Post date\" data-extra_key=\"\" data-attr-type=\"published\" data-attr-date-format-select=\"custom\" data-attr-date-format=\"F j\" data-attr-show-time=\"0\" data-attr-time-format-select=\"g:i a\" data-attr-time-format=\"\" data-attr-link=\"0\" data-attr-target=\"1\" data-attr-rel=\"0\" data-option-inline=\"1\">Februar 26 <\/span> |&nbsp;<span data-attr-date-format=\"Y\" data-attr-date-format-select=\"custom\" data-attr-link=\"0\" data-attr-rel=\"0\" data-attr-show-time=\"0\" data-attr-target=\"1\" data-attr-time-format=\"\" data-attr-time-format-select=\"g:i a\" data-attr-type=\"published\" data-extra_key=\"\" data-option-inline=\"1\" data-shortcode=\"tcb_post_published_date\" data-shortcode-name=\"Post date\">2026 <\/span><\/p>\n<h2 style=\"\">Unser Versprechen<\/h2>\n<p style=\"\">Erfolg in 4 einfachen Schritten<\/p>\n<ul>\n<li style=\"\"><span style=\"\"><strong><span style=\"--tcb-applied-color: rgb(0, 0, 0) !important; color: rgb(0, 0, 0) !important;\"><strong><span>Konzept &amp; Planung:&nbsp;<\/span><\/strong><\/span><\/strong><span style=\"--tcb-applied-color: var$(--tcb-skin-color-5) !important; color: var(--tcb-skin-color-5) !important;\">Analyse, Strategie und technische Konzeption f\u00fcr innovative Medizintechnik \u2013 effizient, pr\u00e4zise und regulatorisch konform.<\/span><\/span><\/li>\n<li style=\"\"><span style=\"\"><strong><span style=\"text-transform: capitalize !important;\"><strong><span style=\"--tcb-applied-color: rgb(0, 0, 0) !important; color: rgb(0, 0, 0) !important;\">Entwicklung &amp; Prototyping:&nbsp;<\/span><\/strong><\/span><\/strong><span style=\"--tcb-applied-color: var$(--tcb-skin-color-5) !important; color: var(--tcb-skin-color-5) !important;\">Schnelle Prototypenentwicklung und Embedded-Software-Integration f\u00fcr sichere und marktf\u00e4hige Medizinprodukte.<\/span><\/span><\/li>\n<li style=\"\"><span><strong><\/strong><strong><span style=\"--tcb-applied-color: rgb(0, 0, 0) !important; color: rgb(0, 0, 0) !important;\">Verifikation &amp; Validierung:&nbsp;<\/span><\/strong><span style=\"--tcb-applied-color: var$(--tcb-skin-color-5) !important; color: var(--tcb-skin-color-5) !important;\">Zuverl\u00e4ssige Tests und Pr\u00fcfverfahren f\u00fcr CE-konforme Medizintechnik \u2013 MDR, ISO 13485 und IEC 60601 gepr\u00fcft.<\/span><\/span><\/li>\n<li style=\"\"><span style=\"\"><strong><\/strong><strong><span style=\"--tcb-applied-color: rgb(0, 0, 0) !important; color: rgb(0, 0, 0) !important;\">Designtransfer in Produktion:&nbsp;<\/span><\/strong><span style=\"--tcb-applied-color: var$(--tcb-skin-color-5) !important; color: var(--tcb-skin-color-5) !important;\">Effiziente \u00dcberf\u00fchrung von Prototypen in die Serienfertigung \u2013 flexibel, zertifiziert und produktionsoptimiert.<\/span><\/span><\/li>\n<\/ul>\n<p><span style=\"\">Customers served!<\/span><span data-anim=\"ticker\" data-refresh-interval=\"10\" data-from=\"0\" data-formatted-from=\"0\" data-to=\"50\" data-final-number=\"50\" data-decimals=\"0\" data-thousand-divider=\",\" data-decimal-character=\".\" data-speed=\"2507\" style=\"\"><span style=\"display: inline;\"><\/span><span style=\"\">0<\/span><span style=\"\">+<\/span><\/span><span style=\"\">Kunden<\/span><span style=\"\">Customers served!<\/span><span data-anim=\"ticker\" data-refresh-interval=\"10\" data-from=\"0\" data-formatted-from=\"0\" data-to=\"100\" data-final-number=\"100\" data-decimals=\"0\" data-thousand-divider=\",\" data-decimal-character=\".\" data-speed=\"2507\" style=\"\"><span style=\"display: inline;\"><\/span><span style=\"\">0<\/span><span style=\"\">+<\/span><\/span><span style=\"\">Projekte<\/span><span style=\"\">Customers served!<\/span><span data-anim=\"ticker\" data-refresh-interval=\"10\" data-from=\"0\" data-formatted-from=\"0\" data-to=\"17\" data-final-number=\"17\" data-decimals=\"0\" data-thousand-divider=\",\" data-decimal-character=\".\" data-speed=\"2507\" style=\"\"><span style=\"display: inline;\"><\/span><span style=\"\">0<\/span><span style=\"\">+<\/span><\/span><span style=\"\">Jahre Erfahrung<\/span><span style=\"\">Customers served!<\/span><span data-anim=\"ticker\" data-refresh-interval=\"10\" data-from=\"0\" data-formatted-from=\"0\" data-to=\"10000\" data-final-number=\"10,000\" data-decimals=\"0\" data-thousand-divider=\",\" data-decimal-character=\".\" data-speed=\"2507\" style=\"\"><span style=\"display: inline;\"><\/span><span style=\"\">0<\/span><span style=\"\">+<\/span><\/span><span style=\"\">Tassen Kaffee pro Jahr<\/span><\/p>\n<p style=\"\">\u201c<\/p>\n<p style=\"text-align: justify;\">Die Professionalit\u00e4t, das Engagement und die gro\u00dfe Flexibilit\u00e4t des Teams haben unseren Prozess in der Prototypenfertigung erheblich beschleunigt. Wir sch\u00e4tzen die partnerschaftliche Zusammen-arbeit und freuen uns auf zuk\u00fcnftige gemeinsame Projekte.<\/p>\n<p style=\"color: rgb(218, 218, 218) !important; --tcb-applied-color: rgb(218, 218, 218) !important;\">Johannes Clauss<\/p>\n<p style=\"\">\u201c<\/p>\n<p style=\"text-align: justify;\">Dank ihrer umfassenden Kenntnisse in der Validierung und Verifizierung von Medizin-produkten konnten wir zahlreiche erfolgreiche Produkte auf den Markt bringen. Ihre proaktive Herangehensweise an Herausforderungen machen sie zu einem unverzichtbaren Partner in der Medizintechnik-branche.\u201c<\/p>\n<p style=\"color: rgb(218, 218, 218) !important; --tcb-applied-color: rgb(218, 218, 218) !important;\">Stefan Bolleininger<\/p>\n<p style=\"\">\u201c<\/p>\n<p style=\"text-align: justify;\">MEDtech Ingenieur sind der One-Stop-Shop f\u00fcr unsere Hardware: von der normgerechten Entwicklung unserer Sensoren f\u00fcr die Ganganalyse sowie der dazugeh\u00f6rigen Ladestation, der Dokumentation, Labortests, bis zur Zulassung des Medizin-produktes nach MDR.<\/p>\n<p style=\"color: rgb(218, 218, 218) !important; --tcb-applied-color: rgb(218, 218, 218) !important;\">Ralph Steidl<\/p>\n<p style=\"\">\u201c<\/p>\n<p style=\"text-align: justify;\">&#8222;Uns gef\u00e4llt die konstruktive, zielorientierte und verl\u00e4ssliche Zusammenarbeit. So gelingt es, gemeinsam Ziele im gesteckten Rahmen zu erreichen.&#8220;<\/p>\n<p style=\"color: rgb(218, 218, 218) !important; --tcb-applied-color: rgb(218, 218, 218) !important;\">Jochen K\u00f6rner<\/p>\n<h2 style=\"text-align: center;\">Kontakt aufnehmen:<\/h2>\n","protected":false},"excerpt":{"rendered":"<p>Ihr zuverl\u00e4ssiger Partner in der Medizintechnik Entwicklung, Test und Produktion von Medizintechnik. Flexibel, effizient und CE-konform. Ihre Herausforderung \u2013 Unsere L\u00f6sung Medizintechnik erfordert Pr\u00e4zision, Innovation und regulatorische Sicherheit. Wir begleiten Sie von der Entwicklung bis zur CE-konformen Serienfertigung. Produktentwicklung &amp; Prototyping Schnelle Entwicklung und Prototypenbau f\u00fcr Medizintechnik \u2013 von Embedded-Systemen \u00fcber Hardwarel\u00f6sungen bis hin zu [&hellip;]<\/p>\n","protected":false},"author":48,"featured_media":0,"parent":0,"menu_order":0,"comment_status":"closed","ping_status":"closed","template":"","meta":{"footnotes":""},"class_list":["post-9740","page","type-page","status-publish","hentry","post-wrapper","thrv_wrapper"],"yoast_head":"<!-- This site is optimized with the Yoast SEO plugin v27.4 - https:\/\/yoast.com\/product\/yoast-seo-wordpress\/ -->\n<title>Entwicklung von Medizinger\u00e4ten \u2013 MEDtech Ingenieur GmbH<\/title>\n<meta name=\"description\" content=\"MEDtech ist Ihr Entwicklungspartner f\u00fcr innovative Medizinger\u00e4te \u2013 von der Idee bis zur Produktion. Embedded Systems, CE-Zertifizierung &amp; Engineering aus einer Hand.\" \/>\n<meta name=\"robots\" content=\"index, follow, max-snippet:-1, max-image-preview:large, max-video-preview:-1\" \/>\n<link rel=\"canonical\" href=\"https:\/\/medtech-ingenieur.de\/en\/\" \/>\n<meta property=\"og:locale\" content=\"en_US\" \/>\n<meta property=\"og:type\" content=\"article\" \/>\n<meta property=\"og:title\" content=\"Entwicklung von Medizinger\u00e4ten \u2013 MEDtech Ingenieur GmbH\" \/>\n<meta property=\"og:description\" content=\"MEDtech ist Ihr Entwicklungspartner f\u00fcr innovative Medizinger\u00e4te \u2013 von der Idee bis zur Produktion. Embedded Systems, CE-Zertifizierung &amp; Engineering aus einer Hand.\" \/>\n<meta property=\"og:url\" content=\"https:\/\/medtech-ingenieur.de\/en\/\" \/>\n<meta property=\"og:site_name\" content=\"MEDtech Ingenieur GmbH\" \/>\n<meta property=\"article:publisher\" content=\"https:\/\/www.facebook.com\/medtechIngenieur\" \/>\n<meta property=\"article:modified_time\" content=\"2026-04-01T07:29:33+00:00\" \/>\n<meta property=\"og:image\" content=\"https:\/\/medtech-ingenieur.de\/wp-content\/uploads\/2025\/02\/TUeV-Zertifikat-Medtech-Ingenieur-GmbH.png\" \/>\n<meta name=\"twitter:card\" content=\"summary_large_image\" \/>\n<meta name=\"twitter:site\" content=\"@MedtechIng\" \/>\n<meta name=\"twitter:label1\" content=\"Est. reading time\" \/>\n\t<meta name=\"twitter:data1\" content=\"4 minutes\" \/>\n<script type=\"application\/ld+json\" class=\"yoast-schema-graph\">{\"@context\":\"https:\\\/\\\/schema.org\",\"@graph\":[{\"@type\":\"WebPage\",\"@id\":\"https:\\\/\\\/medtech-ingenieur.de\\\/\",\"url\":\"https:\\\/\\\/medtech-ingenieur.de\\\/\",\"name\":\"Entwicklung von Medizinger\u00e4ten \u2013 MEDtech Ingenieur GmbH\",\"isPartOf\":{\"@id\":\"https:\\\/\\\/medtech-ingenieur.de\\\/#website\"},\"primaryImageOfPage\":{\"@id\":\"https:\\\/\\\/medtech-ingenieur.de\\\/#primaryimage\"},\"image\":{\"@id\":\"https:\\\/\\\/medtech-ingenieur.de\\\/#primaryimage\"},\"thumbnailUrl\":\"https:\\\/\\\/medtech-ingenieur.de\\\/wp-content\\\/uploads\\\/2025\\\/02\\\/TUeV-Zertifikat-Medtech-Ingenieur-GmbH.png\",\"datePublished\":\"2025-04-20T17:28:04+00:00\",\"dateModified\":\"2026-04-01T07:29:33+00:00\",\"description\":\"MEDtech ist Ihr Entwicklungspartner f\u00fcr innovative Medizinger\u00e4te \u2013 von der Idee bis zur Produktion. Embedded Systems, CE-Zertifizierung & Engineering aus einer Hand.\",\"breadcrumb\":{\"@id\":\"https:\\\/\\\/medtech-ingenieur.de\\\/#breadcrumb\"},\"inLanguage\":\"en-US\",\"potentialAction\":[{\"@type\":\"ReadAction\",\"target\":[\"https:\\\/\\\/medtech-ingenieur.de\\\/\"]}]},{\"@type\":\"ImageObject\",\"inLanguage\":\"en-US\",\"@id\":\"https:\\\/\\\/medtech-ingenieur.de\\\/#primaryimage\",\"url\":\"https:\\\/\\\/medtech-ingenieur.de\\\/wp-content\\\/uploads\\\/2025\\\/02\\\/TUeV-Zertifikat-Medtech-Ingenieur-GmbH.png\",\"contentUrl\":\"https:\\\/\\\/medtech-ingenieur.de\\\/wp-content\\\/uploads\\\/2025\\\/02\\\/TUeV-Zertifikat-Medtech-Ingenieur-GmbH.png\"},{\"@type\":\"BreadcrumbList\",\"@id\":\"https:\\\/\\\/medtech-ingenieur.de\\\/#breadcrumb\",\"itemListElement\":[{\"@type\":\"ListItem\",\"position\":1,\"name\":\"Startseite\",\"item\":\"https:\\\/\\\/medtech-ingenieur.de\\\/\"},{\"@type\":\"ListItem\",\"position\":2,\"name\":\"Startseite\"}]},{\"@type\":\"WebSite\",\"@id\":\"https:\\\/\\\/medtech-ingenieur.de\\\/#website\",\"url\":\"https:\\\/\\\/medtech-ingenieur.de\\\/\",\"name\":\"MEDtech Ingenieur GmbH\",\"description\":\"Ingenieursdienstleister f\u00fcr Medizintechnik\",\"publisher\":{\"@id\":\"https:\\\/\\\/medtech-ingenieur.de\\\/#organization\"},\"alternateName\":\"MEDtech\",\"potentialAction\":[{\"@type\":\"SearchAction\",\"target\":{\"@type\":\"EntryPoint\",\"urlTemplate\":\"https:\\\/\\\/medtech-ingenieur.de\\\/?s={search_term_string}\"},\"query-input\":{\"@type\":\"PropertyValueSpecification\",\"valueRequired\":true,\"valueName\":\"search_term_string\"}}],\"inLanguage\":\"en-US\"},{\"@type\":\"Organization\",\"@id\":\"https:\\\/\\\/medtech-ingenieur.de\\\/#organization\",\"name\":\"MEDtech Ingenieur\",\"alternateName\":\"MEDtech\",\"url\":\"https:\\\/\\\/medtech-ingenieur.de\\\/\",\"logo\":{\"@type\":\"ImageObject\",\"inLanguage\":\"en-US\",\"@id\":\"https:\\\/\\\/medtech-ingenieur.de\\\/#\\\/schema\\\/logo\\\/image\\\/\",\"url\":\"https:\\\/\\\/medtech-ingenieur.de\\\/wp-content\\\/uploads\\\/2024\\\/01\\\/logo-700x700-1.png\",\"contentUrl\":\"https:\\\/\\\/medtech-ingenieur.de\\\/wp-content\\\/uploads\\\/2024\\\/01\\\/logo-700x700-1.png\",\"width\":700,\"height\":700,\"caption\":\"MEDtech Ingenieur\"},\"image\":{\"@id\":\"https:\\\/\\\/medtech-ingenieur.de\\\/#\\\/schema\\\/logo\\\/image\\\/\"},\"sameAs\":[\"https:\\\/\\\/www.facebook.com\\\/medtechIngenieur\",\"https:\\\/\\\/x.com\\\/MedtechIng\",\"https:\\\/\\\/www.instagram.com\\\/medtech.ingenieure\\\/\",\"https:\\\/\\\/www.linkedin.com\\\/company\\\/37871229\\\/\"]}]}<\/script>\n<!-- \/ Yoast SEO plugin. -->","yoast_head_json":{"title":"Medical device development \u2013 MEDtech Ingenieur GmbH","description":"MEDtech is your development partner for innovative medical devices \u2013 from concept to production. Embedded systems, CE certification &amp; engineering from a single source.","robots":{"index":"index","follow":"follow","max-snippet":"max-snippet:-1","max-image-preview":"max-image-preview:large","max-video-preview":"max-video-preview:-1"},"canonical":"https:\/\/medtech-ingenieur.de\/en\/","og_locale":"en_US","og_type":"article","og_title":"Entwicklung von Medizinger\u00e4ten \u2013 MEDtech Ingenieur GmbH","og_description":"MEDtech ist Ihr Entwicklungspartner f\u00fcr innovative Medizinger\u00e4te \u2013 von der Idee bis zur Produktion. Embedded Systems, CE-Zertifizierung & Engineering aus einer Hand.","og_url":"https:\/\/medtech-ingenieur.de\/en\/","og_site_name":"MEDtech Ingenieur GmbH","article_publisher":"https:\/\/www.facebook.com\/medtechIngenieur","article_modified_time":"2026-04-01T07:29:33+00:00","og_image":[{"url":"https:\/\/medtech-ingenieur.de\/wp-content\/uploads\/2025\/02\/TUeV-Zertifikat-Medtech-Ingenieur-GmbH.png","type":"","width":"","height":""}],"twitter_card":"summary_large_image","twitter_site":"@MedtechIng","twitter_misc":{"Est. reading time":"4 minutes"},"schema":{"@context":"https:\/\/schema.org","@graph":[{"@type":"WebPage","@id":"https:\/\/medtech-ingenieur.de\/","url":"https:\/\/medtech-ingenieur.de\/","name":"Medical device development \u2013 MEDtech Ingenieur GmbH","isPartOf":{"@id":"https:\/\/medtech-ingenieur.de\/#website"},"primaryImageOfPage":{"@id":"https:\/\/medtech-ingenieur.de\/#primaryimage"},"image":{"@id":"https:\/\/medtech-ingenieur.de\/#primaryimage"},"thumbnailUrl":"https:\/\/medtech-ingenieur.de\/wp-content\/uploads\/2025\/02\/TUeV-Zertifikat-Medtech-Ingenieur-GmbH.png","datePublished":"2025-04-20T17:28:04+00:00","dateModified":"2026-04-01T07:29:33+00:00","description":"MEDtech is your development partner for innovative medical devices \u2013 from concept to production. Embedded systems, CE certification &amp; engineering from a single source.","breadcrumb":{"@id":"https:\/\/medtech-ingenieur.de\/#breadcrumb"},"inLanguage":"en-US","potentialAction":[{"@type":"ReadAction","target":["https:\/\/medtech-ingenieur.de\/"]}]},{"@type":"ImageObject","inLanguage":"en-US","@id":"https:\/\/medtech-ingenieur.de\/#primaryimage","url":"https:\/\/medtech-ingenieur.de\/wp-content\/uploads\/2025\/02\/TUeV-Zertifikat-Medtech-Ingenieur-GmbH.png","contentUrl":"https:\/\/medtech-ingenieur.de\/wp-content\/uploads\/2025\/02\/TUeV-Zertifikat-Medtech-Ingenieur-GmbH.png"},{"@type":"BreadcrumbList","@id":"https:\/\/medtech-ingenieur.de\/#breadcrumb","itemListElement":[{"@type":"ListItem","position":1,"name":"Startseite","item":"https:\/\/medtech-ingenieur.de\/"},{"@type":"ListItem","position":2,"name":"Startseite"}]},{"@type":"WebSite","@id":"https:\/\/medtech-ingenieur.de\/#website","url":"https:\/\/medtech-ingenieur.de\/","name":"MEDtech Ingenieur GmbH","description":"Engineering service provider for medical technology","publisher":{"@id":"https:\/\/medtech-ingenieur.de\/#organization"},"alternateName":"MEDtech","potentialAction":[{"@type":"SearchAction","target":{"@type":"EntryPoint","urlTemplate":"https:\/\/medtech-ingenieur.de\/?s={search_term_string}"},"query-input":{"@type":"PropertyValueSpecification","valueRequired":true,"valueName":"search_term_string"}}],"inLanguage":"en-US"},{"@type":"Organization","@id":"https:\/\/medtech-ingenieur.de\/#organization","name":"MEDtech Engineer","alternateName":"MEDtech","url":"https:\/\/medtech-ingenieur.de\/","logo":{"@type":"ImageObject","inLanguage":"en-US","@id":"https:\/\/medtech-ingenieur.de\/#\/schema\/logo\/image\/","url":"https:\/\/medtech-ingenieur.de\/wp-content\/uploads\/2024\/01\/logo-700x700-1.png","contentUrl":"https:\/\/medtech-ingenieur.de\/wp-content\/uploads\/2024\/01\/logo-700x700-1.png","width":700,"height":700,"caption":"MEDtech Ingenieur"},"image":{"@id":"https:\/\/medtech-ingenieur.de\/#\/schema\/logo\/image\/"},"sameAs":["https:\/\/www.facebook.com\/medtechIngenieur","https:\/\/x.com\/MedtechIng","https:\/\/www.instagram.com\/medtech.ingenieure\/","https:\/\/www.linkedin.com\/company\/37871229\/"]}]}},"_links":{"self":[{"href":"https:\/\/medtech-ingenieur.de\/en\/wp-json\/wp\/v2\/pages\/9740","targetHints":{"allow":["GET"]}}],"collection":[{"href":"https:\/\/medtech-ingenieur.de\/en\/wp-json\/wp\/v2\/pages"}],"about":[{"href":"https:\/\/medtech-ingenieur.de\/en\/wp-json\/wp\/v2\/types\/page"}],"author":[{"embeddable":true,"href":"https:\/\/medtech-ingenieur.de\/en\/wp-json\/wp\/v2\/users\/48"}],"replies":[{"embeddable":true,"href":"https:\/\/medtech-ingenieur.de\/en\/wp-json\/wp\/v2\/comments?post=9740"}],"version-history":[{"count":70,"href":"https:\/\/medtech-ingenieur.de\/en\/wp-json\/wp\/v2\/pages\/9740\/revisions"}],"predecessor-version":[{"id":13250,"href":"https:\/\/medtech-ingenieur.de\/en\/wp-json\/wp\/v2\/pages\/9740\/revisions\/13250"}],"wp:attachment":[{"href":"https:\/\/medtech-ingenieur.de\/en\/wp-json\/wp\/v2\/media?parent=9740"}],"curies":[{"name":"wp","href":"https:\/\/api.w.org\/{rel}","templated":true}]}}