{"id":12855,"date":"2026-03-19T13:59:25","date_gmt":"2026-03-19T12:59:25","guid":{"rendered":"https:\/\/medtech-ingenieur.de\/?page_id=12855"},"modified":"2026-03-31T10:21:14","modified_gmt":"2026-03-31T08:21:14","slug":"iec-62304-gap-analyse","status":"publish","type":"page","link":"https:\/\/medtech-ingenieur.de\/en\/iec-62304-gap-analyse\/","title":{"rendered":"IEC 62304 Gap Analysis for Medical Devices"},"content":{"rendered":"<h2 style=\"text-align: center;\"><span><span><strong>IEC 62304 Gap Analysis<\/strong><\/span><\/span><\/h2>\n<p style=\"text-align: center;\">Professional IEC 62304 gap analysis and implementation of medical software. Identify gaps in the standard, improve compliance, and prepare your product for audits.<\/p>\n<h2 style=\"text-align: left;\"><strong>Why perform an IEC 62304 gap analysis?<\/strong><\/h2>\n<p style=\"text-align: left;\"><strong>IEC 62304 is the internationally recognized standard for the software lifecycle in medical technology. Full implementation is a prerequisite for:<\/strong><\/p>\n<ul>\n<li style=\"text-align: left;\">Successful approvals (MDR\/FDA),<\/li>\n<li style=\"text-align: left;\">Stable and secure software architectures,<\/li>\n<li style=\"text-align: left;\">Audit security towards notified bodies,<\/li>\n<li style=\"text-align: left;\">Efficient development processes.<\/li>\n<\/ul>\n<p style=\"text-align: left;\"><strong>However, many companies face the same challenges:&nbsp;<\/strong><\/p>\n<ul type=\"disc\">\n<li style=\"text-align: left;\">Unclear or incorrectly derived software safety class<\/li>\n<li style=\"text-align: left;\">Incomplete or inconsistent traceability<\/li>\n<li style=\"text-align: left;\">Inadequate integration strategy<\/li>\n<li style=\"text-align: left;\">Lack of maintenance and problem resolution processes<\/li>\n<\/ul>\n<p data-empty=\"true\" style=\"text-align: left;\">Our analyses typically highlight precisely these points.<\/p>\n<h2 style=\"text-align: left;\"><strong>What can we do for you?<\/strong><\/h2>\n<p style=\"text-align: left;\">As an experienced development and consulting team for medical technology with over <strong>17 years of experience<\/strong> We deliver complete gap analyses according to IEC 62304 \u2013 structured, audit-proof and practice-oriented.<\/p>\n<p style=\"text-align: left;\">Our team of systems engineers, software experts, and quality managers has in-depth expertise in standards such as:<\/p>\n<ul>\n<li style=\"\"><span style=\"\"><strong>IEC 62304 (Software Lifecycle)<\/strong><\/span><\/li>\n<li style=\"\"><span style=\"\"><strong>IEC 60601-1 (Electrical safety)<\/strong><\/span><\/li>\n<li style=\"\"><span style=\"\"><strong>IEC 81001-5-1 (Cybersecurity)<\/strong><\/span><\/li>\n<li style=\"\"><span style=\"\"><strong>ISO 14971 (Risk Management)<\/strong><\/span><\/li>\n<\/ul>\n<h2 style=\"text-align: left;\"><strong>Their result: a clear, prioritized action plan.<\/strong><\/h2>\n<p data-pm-slice=\"0 0 []\" style=\"text-align: justify;\">Our IEC 62304 gap analysis delivers:<\/p>\n<h3 style=\"text-align: center;\"><strong><span style=\"--tcb-text-highlight-color: transparent !important;\">Complete assessment of all standard chapters<\/span><\/strong><\/h3>\n<p tve-u-698dc184d8d453\"=\"\" style=\"\" \"=\"\"><strong>From safety classification to requirements, architecture, integration, system testing, maintenance &amp; problem resolution<\/strong><\/p>\n<h3 style=\"text-align: center;\"><strong><span style=\"--tcb-text-highlight-color: transparent !important;\">Clear fulfillment assessment<\/span><\/strong><strong><span style=\"--tcb-text-highlight-color: transparent !important;\"><span style=\"font-size: 18px !important;\"><\/span><span style=\"font-size: 20px !important;\"><\/span><\/span><br \/><\/strong><\/h3>\n<h3 style=\"\"><strong><span>Fulfillment rating: Fulfilled \/ Partially fulfilled \/ Not fulfilled<\/span><\/strong><\/h3>\n<p style=\"\"><strong><span>Based on your documentation &amp; development organization<\/span><\/strong><\/p>\n<h3 style=\"text-align: center;\"><strong><span style=\"--tcb-text-highlight-color: transparent !important;\">Identified gaps with understandable explanations<\/span><\/strong><\/h3>\n<p style=\"\"><strong>Competent, precise and compliant with standards (e.g. traceability gaps, incomplete planning, missing processes).<\/strong><strong><\/strong><\/p>\n<h3 style=\"text-align: center;\"><strong><span style=\"--tcb-text-highlight-color: transparent !important;\">A concrete and implementable action plan<\/span><\/strong><\/h3>\n<p style=\"\"><strong>Including responsibilities, prioritization, acceptance criteria and required artifacts, development plan, traceability matrix, security concept).<\/strong><br \/><strong><br \/>This approach corresponds to our proven methodology in customer projects.<br \/><\/strong><\/p>\n<h3 style=\"text-align: center;\"><strong><span style=\"--tcb-text-highlight-color: transparent !important;\">Optional: Implementation of the measures by our team<\/span><\/strong><\/h3>\n<p \"=\"\" tve-u-19c6688a3d5\"=\"\" tve-u-698dc184d8dd27\"\"=\"\"><strong>If desired, we can assist with:<\/strong><\/p>\n<ul>\n<li \"=\"\" tve-u-19c6688a3d5\"=\"\" tve-u-698dc184d8dd27\"\"=\"\"><strong>Complete document creation,<\/strong><\/li>\n<li \"=\"\" tve-u-19c6688a3d5\"=\"\" tve-u-698dc184d8dd27\"\"=\"\"><strong>Architectural revision,<\/strong><\/li>\n<li \"=\"\" tve-u-19c6688a3d5\"=\"\" tve-u-698dc184d8dd27\"\"=\"\"><strong>Risk File Extensions,<\/strong><\/li>\n<li \"=\"\" tve-u-19c6688a3d5\"=\"\" tve-u-698dc184d8dd27\"\"=\"\"><strong>Introduction of the 62304 compliant development process (based on our process instructions &amp; QMS).<br \/><\/strong><\/li>\n<\/ul>\n<h2 style=\"text-align: left;\"><strong>Why become a MEDtech engineer?<\/strong><\/h2>\n<h2><strong>Who is our IEC 62304 gap analysis ideal for?<\/strong><\/h2>\n<ul>\n<li style=\"\">Manufacturers of active Medical Device Software (MDS)<\/li>\n<li style=\"\">Startups with a software component<\/li>\n<li style=\"\">Companies shortly before audit or certification<\/li>\n<li style=\"\">Companies that take over documents from previous projects<\/li>\n<li style=\"\">Teams using Safety-Class-C software (high documentation requirements)<\/li>\n<li style=\"\">Projects with a high proportion of networked software \/ cybersecurity requirements<\/li>\n<\/ul>\n<h2 style=\"text-align: left;\"><strong>Our approach \u2013 clear, efficient &amp; transparent<\/strong><\/h2>\n<ul>\n<li style=\"text-align: left;\"><strong>Kick-off &amp; document review<\/strong><br \/>(Software development plan, architecture, requirements, risk file, test documentation, etc.)<\/li>\n<li style=\"text-align: left;\"><strong>Complete gap analysis according to IEC 62304<\/strong><\/li>\n<li style=\"text-align: left;\"><strong>Review workshop with your experts<\/strong><\/li>\n<li style=\"text-align: left;\"><strong>Audit-proof final report<\/strong><\/li>\n<li style=\"text-align: left;\"><strong>Optional: Implementation of all measures<\/strong><\/li>\n<\/ul>\n<h2 style=\"text-align: center;\"><strong><span style=\"\">References<\/span><\/strong><\/h2>\n<p><span style=\"\"><a href=\"https:\/\/anvajo.com\/\" target=\"_blank\"><img decoding=\"async\" alt=\"anvajo gmbh logo\" data-id=\"13312\" width=\"292\" data-init-width=\"500\" height=\"118\" data-init-height=\"202\" title=\"anvajo gmbh logo\" loading=\"lazy\" src=\"https:\/\/medtech-ingenieur.de\/wp-content\/uploads\/2026\/03\/anvajo-gmbh-logo-fuer-MEDtech-Ingenieur-e1774944766846.png\" data-width=\"292\" data-height=\"118\" style=\"aspect-ratio: auto 500 \/ 202;\" data-link-wrap=\"true\" mt-d=\"0\" ml-d=\"0\"\/><\/a><\/span><\/p>\n<p style=\"text-align: left;\"><em>\u201e<\/em><em>MEDtech Ingenieur supported anvajo with reviews of software and cybersecurity documentation. The collaboration was consistently professional, structured, and efficient. We particularly appreciated their practical approach and high level of regulatory expertise.\u201c<\/em><\/p>\n<h4 style=\"text-align: center;\"><strong>\u2013 <\/strong><strong>anvajo GmbH<\/strong><\/h4>\n<p><!--! Font Awesome Free 6.7.1 by @fontawesome - https:\/\/fontawesome.com License - https:\/\/fontawesome.com\/license\/free (Icons: CC BY 4.0, Fonts: SIL OFL 1.1, Code: MIT License) Copyright 2024 Fonticons, Inc. --><\/p>\n<h6 style=\"text-align: center;\"><strong>Your contact person for software gap analyses<\/strong><\/h6>\n<p><span style=\"\"><img decoding=\"async\" alt=\"CTO Daniel Saffer Ansprechpartner f\u00fcr Softwareentwicklung in der Medizintechnik\" data-id=\"12093\" width=\"350\" data-init-width=\"300\" height=\"467\" data-init-height=\"400\" title=\"CTO Daniel Saffer, contact person for software development in medical technology\" loading=\"lazy\" src=\"https:\/\/medtech-ingenieur.de\/wp-content\/uploads\/2025\/10\/Softwareentwicklung-Medizintechnik-Ansprechpartner.png\" data-width=\"350\" data-height=\"467\" style=\"aspect-ratio: auto 300 \/ 400;\" mt-d=\"-2.437000000000012\" ml-d=\"0\" mt-m=\"-7.6089999999999804\" ml-m=\"0\"\/><\/span><\/p>\n<h6 style=\"text-align: center;\"><strong><span style=\"font-size: 24px !important;\">Daniel Saffer<\/span><\/strong><br \/><span style=\"font-size: 16px !important;\"><strong>Chief Technology Officer<\/strong><strong>office manager (CTO)&nbsp;<\/strong><\/span><strong><span style=\"font-size: 16px !important;\">at MEDtech Engineer<\/span><\/strong><\/h6>\n<h3 style=\"text-align: center;\"><strong><br \/>Start with your gap analysis<\/strong><\/h3>\n<h6 style=\"text-align: center;\">Contact us &amp; non-binding inquiries<\/h6>","protected":false},"excerpt":{"rendered":"<p>IEC 62304 Gap Analyse Professionelle IEC 62304 Gap Analyse &amp; Umsetzung von Medizinsoftware. Identifizieren Sie Norml\u00fccken, verbessern Sie Compliance und bereiten Sie Ihr Produkt auditfest vor. Warum eine IEC 62304 Gap Analyse? Die IEC\u202f62304 ist der international anerkannte Standard f\u00fcr den Software\u2011Lebenszyklus in der Medizintechnik. Eine l\u00fcckenlose Umsetzung ist Voraussetzung f\u00fcr: Erfolgreiche Zulassungen (MDR\/FDA), Stabile [&hellip;]<\/p>\n","protected":false},"author":39,"featured_media":11464,"parent":0,"menu_order":0,"comment_status":"closed","ping_status":"closed","template":"","meta":{"footnotes":""},"class_list":["post-12855","page","type-page","status-publish","has-post-thumbnail","hentry","post-wrapper","thrv_wrapper"],"yoast_head":"<!-- This site is optimized with the Yoast SEO plugin v27.4 - https:\/\/yoast.com\/product\/yoast-seo-wordpress\/ -->\n<title>IEC 62304 Gap Analyse f\u00fcr Medizinger\u00e4te - MEDtech Ingenieur GmbH<\/title>\n<meta name=\"description\" content=\"Professionelle IEC 62304 Gap Analyse. Identifizieren Sie Norml\u00fccken, verbessern Sie Compliance und bereiten Sie Ihr Produkt auditfest vor.\" \/>\n<meta name=\"robots\" content=\"index, follow, max-snippet:-1, max-image-preview:large, max-video-preview:-1\" \/>\n<link rel=\"canonical\" href=\"https:\/\/medtech-ingenieur.de\/en\/iec-62304-gap-analyse\/\" \/>\n<meta property=\"og:locale\" content=\"en_US\" \/>\n<meta property=\"og:type\" content=\"article\" \/>\n<meta property=\"og:title\" content=\"IEC 62304 Gap Analyse f\u00fcr Medizinger\u00e4te - MEDtech Ingenieur GmbH\" \/>\n<meta property=\"og:description\" content=\"Professionelle IEC 62304 Gap Analyse. Identifizieren Sie Norml\u00fccken, verbessern Sie Compliance und bereiten Sie Ihr Produkt auditfest vor.\" \/>\n<meta property=\"og:url\" content=\"https:\/\/medtech-ingenieur.de\/en\/iec-62304-gap-analyse\/\" \/>\n<meta property=\"og:site_name\" content=\"MEDtech Ingenieur GmbH\" \/>\n<meta property=\"article:publisher\" content=\"https:\/\/www.facebook.com\/medtechIngenieur\" \/>\n<meta property=\"article:modified_time\" content=\"2026-03-31T08:21:14+00:00\" \/>\n<meta property=\"og:image\" content=\"https:\/\/medtech-ingenieur.de\/wp-content\/uploads\/2025\/07\/13-1024x546.png\" \/>\n\t<meta property=\"og:image:width\" content=\"1024\" \/>\n\t<meta property=\"og:image:height\" content=\"546\" \/>\n\t<meta property=\"og:image:type\" content=\"image\/png\" \/>\n<meta name=\"twitter:card\" content=\"summary_large_image\" \/>\n<meta name=\"twitter:site\" content=\"@MedtechIng\" \/>\n<meta name=\"twitter:label1\" content=\"Est. reading time\" \/>\n\t<meta name=\"twitter:data1\" content=\"4 minutes\" \/>\n<script type=\"application\/ld+json\" class=\"yoast-schema-graph\">{\"@context\":\"https:\\\/\\\/schema.org\",\"@graph\":[{\"@type\":\"WebPage\",\"@id\":\"https:\\\/\\\/medtech-ingenieur.de\\\/iec-62304-gap-analyse\\\/\",\"url\":\"https:\\\/\\\/medtech-ingenieur.de\\\/iec-62304-gap-analyse\\\/\",\"name\":\"IEC 62304 Gap Analyse f\u00fcr Medizinger\u00e4te - MEDtech Ingenieur GmbH\",\"isPartOf\":{\"@id\":\"https:\\\/\\\/medtech-ingenieur.de\\\/#website\"},\"primaryImageOfPage\":{\"@id\":\"https:\\\/\\\/medtech-ingenieur.de\\\/iec-62304-gap-analyse\\\/#primaryimage\"},\"image\":{\"@id\":\"https:\\\/\\\/medtech-ingenieur.de\\\/iec-62304-gap-analyse\\\/#primaryimage\"},\"thumbnailUrl\":\"https:\\\/\\\/medtech-ingenieur.de\\\/wp-content\\\/uploads\\\/2025\\\/07\\\/13.png\",\"datePublished\":\"2026-03-19T12:59:25+00:00\",\"dateModified\":\"2026-03-31T08:21:14+00:00\",\"description\":\"Professionelle IEC 62304 Gap Analyse. Identifizieren Sie Norml\u00fccken, verbessern Sie Compliance und bereiten Sie Ihr Produkt auditfest vor.\",\"breadcrumb\":{\"@id\":\"https:\\\/\\\/medtech-ingenieur.de\\\/iec-62304-gap-analyse\\\/#breadcrumb\"},\"inLanguage\":\"en-US\",\"potentialAction\":[{\"@type\":\"ReadAction\",\"target\":[\"https:\\\/\\\/medtech-ingenieur.de\\\/iec-62304-gap-analyse\\\/\"]}]},{\"@type\":\"ImageObject\",\"inLanguage\":\"en-US\",\"@id\":\"https:\\\/\\\/medtech-ingenieur.de\\\/iec-62304-gap-analyse\\\/#primaryimage\",\"url\":\"https:\\\/\\\/medtech-ingenieur.de\\\/wp-content\\\/uploads\\\/2025\\\/07\\\/13.png\",\"contentUrl\":\"https:\\\/\\\/medtech-ingenieur.de\\\/wp-content\\\/uploads\\\/2025\\\/07\\\/13.png\",\"width\":1500,\"height\":800,\"caption\":\"Ein Elektroingenieur des MEDtech TestLab w\u00e4hrend er ein Medizinger\u00e4t testet\"},{\"@type\":\"BreadcrumbList\",\"@id\":\"https:\\\/\\\/medtech-ingenieur.de\\\/iec-62304-gap-analyse\\\/#breadcrumb\",\"itemListElement\":[{\"@type\":\"ListItem\",\"position\":1,\"name\":\"Startseite\",\"item\":\"https:\\\/\\\/medtech-ingenieur.de\\\/\"},{\"@type\":\"ListItem\",\"position\":2,\"name\":\"IEC 62304 Gap Analyse f\u00fcr Medizinger\u00e4te\"}]},{\"@type\":\"WebSite\",\"@id\":\"https:\\\/\\\/medtech-ingenieur.de\\\/#website\",\"url\":\"https:\\\/\\\/medtech-ingenieur.de\\\/\",\"name\":\"MEDtech Ingenieur GmbH\",\"description\":\"Ingenieursdienstleister f\u00fcr Medizintechnik\",\"publisher\":{\"@id\":\"https:\\\/\\\/medtech-ingenieur.de\\\/#organization\"},\"alternateName\":\"MEDtech\",\"potentialAction\":[{\"@type\":\"SearchAction\",\"target\":{\"@type\":\"EntryPoint\",\"urlTemplate\":\"https:\\\/\\\/medtech-ingenieur.de\\\/?s={search_term_string}\"},\"query-input\":{\"@type\":\"PropertyValueSpecification\",\"valueRequired\":true,\"valueName\":\"search_term_string\"}}],\"inLanguage\":\"en-US\"},{\"@type\":\"Organization\",\"@id\":\"https:\\\/\\\/medtech-ingenieur.de\\\/#organization\",\"name\":\"MEDtech Ingenieur\",\"alternateName\":\"MEDtech\",\"url\":\"https:\\\/\\\/medtech-ingenieur.de\\\/\",\"logo\":{\"@type\":\"ImageObject\",\"inLanguage\":\"en-US\",\"@id\":\"https:\\\/\\\/medtech-ingenieur.de\\\/#\\\/schema\\\/logo\\\/image\\\/\",\"url\":\"https:\\\/\\\/medtech-ingenieur.de\\\/wp-content\\\/uploads\\\/2024\\\/01\\\/logo-700x700-1.png\",\"contentUrl\":\"https:\\\/\\\/medtech-ingenieur.de\\\/wp-content\\\/uploads\\\/2024\\\/01\\\/logo-700x700-1.png\",\"width\":700,\"height\":700,\"caption\":\"MEDtech Ingenieur\"},\"image\":{\"@id\":\"https:\\\/\\\/medtech-ingenieur.de\\\/#\\\/schema\\\/logo\\\/image\\\/\"},\"sameAs\":[\"https:\\\/\\\/www.facebook.com\\\/medtechIngenieur\",\"https:\\\/\\\/x.com\\\/MedtechIng\",\"https:\\\/\\\/www.instagram.com\\\/medtech.ingenieure\\\/\",\"https:\\\/\\\/www.linkedin.com\\\/company\\\/37871229\\\/\"]}]}<\/script>\n<!-- \/ Yoast SEO plugin. -->","yoast_head_json":{"title":"IEC 62304 Gap Analysis for Medical Devices - MEDtech Ingenieur GmbH","description":"Professional IEC 62304 gap analysis. Identify gaps in the standard, improve compliance, and prepare your product for audits.","robots":{"index":"index","follow":"follow","max-snippet":"max-snippet:-1","max-image-preview":"max-image-preview:large","max-video-preview":"max-video-preview:-1"},"canonical":"https:\/\/medtech-ingenieur.de\/en\/iec-62304-gap-analyse\/","og_locale":"en_US","og_type":"article","og_title":"IEC 62304 Gap Analyse f\u00fcr Medizinger\u00e4te - MEDtech Ingenieur GmbH","og_description":"Professionelle IEC 62304 Gap Analyse. Identifizieren Sie Norml\u00fccken, verbessern Sie Compliance und bereiten Sie Ihr Produkt auditfest vor.","og_url":"https:\/\/medtech-ingenieur.de\/en\/iec-62304-gap-analyse\/","og_site_name":"MEDtech Ingenieur GmbH","article_publisher":"https:\/\/www.facebook.com\/medtechIngenieur","article_modified_time":"2026-03-31T08:21:14+00:00","og_image":[{"width":1024,"height":546,"url":"https:\/\/medtech-ingenieur.de\/wp-content\/uploads\/2025\/07\/13-1024x546.png","type":"image\/png"}],"twitter_card":"summary_large_image","twitter_site":"@MedtechIng","twitter_misc":{"Est. reading time":"4 minutes"},"schema":{"@context":"https:\/\/schema.org","@graph":[{"@type":"WebPage","@id":"https:\/\/medtech-ingenieur.de\/iec-62304-gap-analyse\/","url":"https:\/\/medtech-ingenieur.de\/iec-62304-gap-analyse\/","name":"IEC 62304 Gap Analysis for Medical Devices - MEDtech Ingenieur GmbH","isPartOf":{"@id":"https:\/\/medtech-ingenieur.de\/#website"},"primaryImageOfPage":{"@id":"https:\/\/medtech-ingenieur.de\/iec-62304-gap-analyse\/#primaryimage"},"image":{"@id":"https:\/\/medtech-ingenieur.de\/iec-62304-gap-analyse\/#primaryimage"},"thumbnailUrl":"https:\/\/medtech-ingenieur.de\/wp-content\/uploads\/2025\/07\/13.png","datePublished":"2026-03-19T12:59:25+00:00","dateModified":"2026-03-31T08:21:14+00:00","description":"Professional IEC 62304 gap analysis. Identify gaps in the standard, improve compliance, and prepare your product for audits.","breadcrumb":{"@id":"https:\/\/medtech-ingenieur.de\/iec-62304-gap-analyse\/#breadcrumb"},"inLanguage":"en-US","potentialAction":[{"@type":"ReadAction","target":["https:\/\/medtech-ingenieur.de\/iec-62304-gap-analyse\/"]}]},{"@type":"ImageObject","inLanguage":"en-US","@id":"https:\/\/medtech-ingenieur.de\/iec-62304-gap-analyse\/#primaryimage","url":"https:\/\/medtech-ingenieur.de\/wp-content\/uploads\/2025\/07\/13.png","contentUrl":"https:\/\/medtech-ingenieur.de\/wp-content\/uploads\/2025\/07\/13.png","width":1500,"height":800,"caption":"Ein Elektroingenieur des MEDtech TestLab w\u00e4hrend er ein Medizinger\u00e4t testet"},{"@type":"BreadcrumbList","@id":"https:\/\/medtech-ingenieur.de\/iec-62304-gap-analyse\/#breadcrumb","itemListElement":[{"@type":"ListItem","position":1,"name":"Startseite","item":"https:\/\/medtech-ingenieur.de\/"},{"@type":"ListItem","position":2,"name":"IEC 62304 Gap Analyse f\u00fcr Medizinger\u00e4te"}]},{"@type":"WebSite","@id":"https:\/\/medtech-ingenieur.de\/#website","url":"https:\/\/medtech-ingenieur.de\/","name":"MEDtech Ingenieur GmbH","description":"Engineering service provider for medical technology","publisher":{"@id":"https:\/\/medtech-ingenieur.de\/#organization"},"alternateName":"MEDtech","potentialAction":[{"@type":"SearchAction","target":{"@type":"EntryPoint","urlTemplate":"https:\/\/medtech-ingenieur.de\/?s={search_term_string}"},"query-input":{"@type":"PropertyValueSpecification","valueRequired":true,"valueName":"search_term_string"}}],"inLanguage":"en-US"},{"@type":"Organization","@id":"https:\/\/medtech-ingenieur.de\/#organization","name":"MEDtech Engineer","alternateName":"MEDtech","url":"https:\/\/medtech-ingenieur.de\/","logo":{"@type":"ImageObject","inLanguage":"en-US","@id":"https:\/\/medtech-ingenieur.de\/#\/schema\/logo\/image\/","url":"https:\/\/medtech-ingenieur.de\/wp-content\/uploads\/2024\/01\/logo-700x700-1.png","contentUrl":"https:\/\/medtech-ingenieur.de\/wp-content\/uploads\/2024\/01\/logo-700x700-1.png","width":700,"height":700,"caption":"MEDtech Ingenieur"},"image":{"@id":"https:\/\/medtech-ingenieur.de\/#\/schema\/logo\/image\/"},"sameAs":["https:\/\/www.facebook.com\/medtechIngenieur","https:\/\/x.com\/MedtechIng","https:\/\/www.instagram.com\/medtech.ingenieure\/","https:\/\/www.linkedin.com\/company\/37871229\/"]}]}},"_links":{"self":[{"href":"https:\/\/medtech-ingenieur.de\/en\/wp-json\/wp\/v2\/pages\/12855","targetHints":{"allow":["GET"]}}],"collection":[{"href":"https:\/\/medtech-ingenieur.de\/en\/wp-json\/wp\/v2\/pages"}],"about":[{"href":"https:\/\/medtech-ingenieur.de\/en\/wp-json\/wp\/v2\/types\/page"}],"author":[{"embeddable":true,"href":"https:\/\/medtech-ingenieur.de\/en\/wp-json\/wp\/v2\/users\/39"}],"replies":[{"embeddable":true,"href":"https:\/\/medtech-ingenieur.de\/en\/wp-json\/wp\/v2\/comments?post=12855"}],"version-history":[{"count":93,"href":"https:\/\/medtech-ingenieur.de\/en\/wp-json\/wp\/v2\/pages\/12855\/revisions"}],"predecessor-version":[{"id":13314,"href":"https:\/\/medtech-ingenieur.de\/en\/wp-json\/wp\/v2\/pages\/12855\/revisions\/13314"}],"wp:featuredmedia":[{"embeddable":true,"href":"https:\/\/medtech-ingenieur.de\/en\/wp-json\/wp\/v2\/media\/11464"}],"wp:attachment":[{"href":"https:\/\/medtech-ingenieur.de\/en\/wp-json\/wp\/v2\/media?parent=12855"}],"curies":[{"name":"wp","href":"https:\/\/api.w.org\/{rel}","templated":true}]}}