{"id":12148,"date":"2025-11-10T11:10:07","date_gmt":"2025-11-10T10:10:07","guid":{"rendered":"https:\/\/medtech-ingenieur.de\/?page_id=12148"},"modified":"2026-02-25T09:41:29","modified_gmt":"2026-02-25T08:41:29","slug":"hardwareentwicklung-medizintechnik","status":"publish","type":"page","link":"https:\/\/medtech-ingenieur.de\/en\/hardwareentwicklung-medizintechnik\/","title":{"rendered":"Hardware development for medical technology"},"content":{"rendered":"<h1 align=\"center\" style=\"\"><span style=\"font-style: normal;\"><span><span><strong>Hardware development for medical technology<\/strong><\/span><\/span><\/span><\/h1>\n<p style=\"text-align: center;\"><strong>We develop and verify hardware that meets regulatory requirements \u2013 efficiently and with regulatory approval.&nbsp;<\/strong>Together we will bring your medical device to market faster.<\/p>\n<h2 style=\"text-align: left;\">Do you need reliable hardware for your device?<\/h2>\n<p style=\"text-align: left;\">Or do you need support with obsolescence management, further development, or troubleshooting? \u2013 But\u2026<\/p>\n<ul>\n<li style=\"\"><!--! Font Awesome Free 6.7.1 by @fontawesome - https:\/\/fontawesome.com License - https:\/\/fontawesome.com\/license\/free (Icons: CC BY 4.0, Fonts: SIL OFL 1.1, Code: MIT License) Copyright 2024 Fonticons, Inc. --><span style=\"\"><strong>You lack capacity<\/strong> \u2013 Be it expertise, personnel or experience?<\/span><\/li>\n<li style=\"\"><!--! Font Awesome Free 6.7.1 by @fontawesome - https:\/\/fontawesome.com License - https:\/\/fontawesome.com\/license\/free (Icons: CC BY 4.0, Fonts: SIL OFL 1.1, Code: MIT License) Copyright 2024 Fonticons, Inc. --><span style=\"\"><span style=\"--tcb-applied-color: rgb(0, 0, 0) !important; color: rgb(0, 0, 0) !important;\">The requirements for <strong>Safety, EMC, standards<\/strong> Standards like IEC 60601-1 or IEC 61010-1 are becoming increasingly complex?<\/span><\/span><\/li>\n<li style=\"\"><!--! Font Awesome Free 6.7.1 by @fontawesome - https:\/\/fontawesome.com License - https:\/\/fontawesome.com\/license\/free (Icons: CC BY 4.0, Fonts: SIL OFL 1.1, Code: MIT License) Copyright 2024 Fonticons, Inc. --><span style=\"\"><span style=\"--tcb-applied-color: rgb(0, 0, 0) !important; color: rgb(0, 0, 0) !important;\">Your developers need support with <strong>Circuit design, layout, EMC, risk analysis or verification<\/strong>?<\/span><\/span><\/li>\n<li style=\"\"><!--! Font Awesome Free 6.7.1 by @fontawesome - https:\/\/fontawesome.com License - https:\/\/fontawesome.com\/license\/free (Icons: CC BY 4.0, Fonts: SIL OFL 1.1, Code: MIT License) Copyright 2024 Fonticons, Inc. --><span style=\"\"><span style=\"--tcb-applied-color: rgb(0, 0, 0) !important; color: rgb(0, 0, 0) !important;\"><strong><\/strong><strong><\/strong><strong data-end=\"849\" data-start=\"800\">Your existing product needs a redesign.<\/strong> \u2013 e.g., due to discontinued components or new regulatory requirements?<\/span><\/span><\/li>\n<\/ul>\n<h2 style=\"text-align: left;\">Our solution: Hardware development for medical technology<\/h2>\n<p style=\"text-align: left;\">Hardware development for medical devices is no ordinary project. We support you from the initial idea to regulatory approval \u2013 with:<\/p>\n<ul>\n<li style=\"\"><span style=\"\"><strong>Security &amp; Reliability:&nbsp;<\/strong>Development according to IEC 60601, ISO 14971 \u2013 traceable and audit-proof<\/span><\/li>\n<li style=\"\"><span style=\"\"><strong>Technical expertise &amp; industry knowledge:&nbsp;<\/strong>Analog technology, digital systems, embedded design, medical technology expertise<\/span><\/li>\n<li style=\"\"><span style=\"\"><strong>Efficiency through established processes:&nbsp;<\/strong>Validated toolchains, design templates, automated testing procedures<\/span><\/li>\n<li style=\"\"><span style=\"\"><strong>Flexible support:&nbsp;<\/strong>Partial project, complete development or reviews \u2013 you decide<\/span><\/li>\n<\/ul>\n<h2 style=\"text-align: left;\"><strong>Our services at a glance<\/strong><\/h2>\n<p style=\"text-align: justify;\">We offer all relevant services for the development of hardware in medical technology. From the <strong data-end=\"368\" data-start=\"330\">Requirements analysis and design<\/strong> above <strong data-end=\"413\" data-start=\"374\">Mechanical and electronic development<\/strong>, <strong data-end=\"432\" data-start=\"415\">Prototype construction<\/strong>, <strong data-end=\"466\" data-start=\"434\">Verification and validation<\/strong> up to <strong data-end=\"526\" data-start=\"479\">Documentation that complies with manufacturing and standards<\/strong>. We will accompany you throughout the entire development process with <strong data-end=\"617\" data-start=\"595\">proven methods<\/strong> and a <strong data-end=\"684\" data-start=\"628\">certified quality management according to EN ISO 13485<\/strong>. This is how we ensure that your hardware <strong data-end=\"745\" data-start=\"730\">reliable<\/strong>, <strong data-end=\"757\" data-start=\"747\">secure<\/strong> and <strong data-end=\"784\" data-start=\"762\">suitable for registration<\/strong> is \u2013 from the initial idea to series production.<\/p>\n<h3 style=\"text-align: center;\">Requirements Engineering &amp; Architecture<\/h3>\n<ul>\n<li style=\"\">Analysis of relevant standards and regulatory requirements<\/li>\n<li style=\"\">Derivation of specific hardware requirements<\/li>\n<li style=\"\">Risk analysis and definition of safety-relevant functions<\/li>\n<li style=\"\">Architectural design, block diagrams, interface concepts<\/li>\n<li style=\"\">Creation of concepts and functional prototypes<\/li>\n<\/ul>\n<h2 style=\"text-align: center;\">Hardware development &amp; circuit design<\/h2>\n<ul>\n<li style=\"\">Development of analog and digital circuits<\/li>\n<li style=\"\">High-speed design, mixed-signal systems, EMC-compliant layout<\/li>\n<li style=\"\">Simulation with LTspice, QSPICE, Altium, KiCad or your tool<\/li>\n<li style=\"\">Prototyping and Design for Manufacturing (DFM)<\/li>\n<\/ul>\n<h3 style=\"text-align: center;\">Verification &amp; Validation<\/h3>\n<ul>\n<li style=\"\">Functional and safety-related tests<\/li>\n<li style=\"\">EMC testing, environmental and lifetime testing<\/li>\n<li style=\"\">Creation of complete test documentation<\/li>\n<li style=\"\">Full scope of services during development from our <a href=\"https:\/\/medtech-ingenieur.de\/en\/entwicklungstest-fuer-medizingeraete\/\" target=\"_blank\" style=\"outline: none;\">Test Lab<\/a><\/li>\n<\/ul>\n<h2 style=\"text-align: center;\">Technical Documentation &amp; Approval<\/h2>\n<ul>\n<li \"=\"\" style=\"\" tve-u-6900c36994c931\"=\"\">Preparation of approval-relevant documents in accordance with IEC 60601-1<\/li>\n<li style=\"\">Support with certification and regulatory processes<\/li>\n<li style=\"\">&nbsp;Providing audit-proof evidence<\/li>\n<\/ul>\n<h2 style=\"text-align: left;\">MEDtech engineer as partner<\/h2>\n<h2 style=\"text-align: center;\"><strong><span style=\"\">References<\/span><\/strong><\/h2>\n<p><span><a href=\"https:\/\/www.lre.de\/de\/\" target=\"_blank\"><img decoding=\"async\" alt=\"LRE Medical im MEDtech TestLab\" data-id=\"11822\" width=\"210\" data-init-width=\"1405\" height=\"60\" data-init-height=\"400\" title=\"LRE Medical in the MEDtech TestLab\" loading=\"lazy\" src=\"https:\/\/medtech-ingenieur.de\/wp-content\/uploads\/2025\/08\/LRE-Medical-im-MEDtech-TestLab-e1755692507159.png\" data-width=\"210\" data-height=\"60\" style=\"aspect-ratio: auto 1405 \/ 400;\" data-link-wrap=\"true\"\/><\/a><\/span><\/p>\n<p style=\"text-align: left;\"><em><\/em><em><\/em><em><\/em><em><\/em><em><\/em><em>\u201e&quot;We appreciate the constructive, goal-oriented and reliable cooperation. This allows us to achieve our goals together within the set framework.&quot;\u201c<\/em><\/p>\n<h4 style=\"text-align: center;\"><strong>\u2013 LRE Medical GmbH<\/strong><\/h4>\n<p><!--! Font Awesome Free 6.7.1 by @fontawesome - https:\/\/fontawesome.com License - https:\/\/fontawesome.com\/license\/free (Icons: CC BY 4.0, Fonts: SIL OFL 1.1, Code: MIT License) Copyright 2024 Fonticons, Inc. --><span><a href=\"https:\/\/www.eversion.tech\/\" target=\"_blank\"><img decoding=\"async\" alt=\"Eversion Technologies im MEDtech TestLab\" data-id=\"11821\" width=\"280\" data-init-width=\"1347\" height=\"83\" data-init-height=\"400\" title=\"Eversion Technologies in the MEDtech TestLab\" loading=\"lazy\" src=\"https:\/\/medtech-ingenieur.de\/wp-content\/uploads\/2025\/08\/Eversion-Technologies-im-MEDtech-TestLab-e1755692470691.png\" data-width=\"280\" data-height=\"83\" style=\"aspect-ratio: auto 1347 \/ 400;\" data-link-wrap=\"true\"\/><\/a><\/span><\/p>\n<p style=\"text-align: left;\"><em><\/em><em><\/em><em><\/em><em><\/em><em><\/em><em><\/em><em>\u201e&quot;As a young medical technology startup, we benefited enormously from the expertise, reliability, and flexibility of the entire team. The straightforward communication made the collaboration particularly efficient. A clear recommendation \u2013 especially for startups, an ideal partner!&quot;\u201c<\/em><\/p>\n<h4><strong>\u2013 Eversion<\/strong>&nbsp;<strong>Technologies GmbH<\/strong><\/h4>\n<p><!--! Font Awesome Free 6.7.1 by @fontawesome - https:\/\/fontawesome.com License - https:\/\/fontawesome.com\/license\/free (Icons: CC BY 4.0, Fonts: SIL OFL 1.1, Code: MIT License) Copyright 2024 Fonticons, Inc. --><span><a href=\"https:\/\/www.be-on-quality.com\/\" target=\"_blank\"><img decoding=\"async\" alt=\"Logo von be-on-quality\" data-id=\"11982\" width=\"140\" data-init-width=\"500\" height=\"62\" data-init-height=\"222\" title=\"logo of be-on-quality\" loading=\"lazy\" src=\"https:\/\/medtech-ingenieur.de\/wp-content\/uploads\/2025\/10\/Handy-Website-Banner-e1759818797733.png\" data-width=\"140\" data-height=\"62\" style=\"aspect-ratio: auto 500 \/ 222;\" data-link-wrap=\"true\"\/><\/a><\/span><\/p>\n<p style=\"text-align: left;\"><em><\/em><em><\/em><em><\/em><em><\/em><em><\/em><em><\/em><em>\u201e&quot;We have been working successfully with MEDtech Ingenieur GmbH for many years and value their outstanding development and production services for medical devices. MEDtech Ingenieur has proven to be extremely reliable and competent, especially in the regulated sector.&quot;.&nbsp;<\/em><em><\/em><em><\/em><em>Their commitment to quality and their proactive approach make them an indispensable partner in medical technology.\u201c<\/em><\/p>\n<h4 style=\"text-align: center;\"><strong>\u2013 Be-on-quality GmbH<\/strong><\/h4>\n<p><!--! Font Awesome Free 6.7.1 by @fontawesome - https:\/\/fontawesome.com License - https:\/\/fontawesome.com\/license\/free (Icons: CC BY 4.0, Fonts: SIL OFL 1.1, Code: MIT License) Copyright 2024 Fonticons, Inc. --><\/p>\n<h6 style=\"text-align: center;\"><strong>Your contact person for medical hardware<\/strong><\/h6>\n<p><span style=\"\"><img decoding=\"async\" alt=\"Bild Martin Bosch CEO &amp; Chefentwickler f\u00fcr Hardwareentwicklung von Medizintechnik\" data-id=\"10301\" width=\"350\" data-init-width=\"300\" height=\"467\" data-init-height=\"400\" title=\"Image: Martin Bosch, CEO &amp; Chief Developer for Hardware Development in Medical Technology\" loading=\"lazy\" src=\"https:\/\/medtech-ingenieur.de\/wp-content\/uploads\/2025\/05\/Bild-Martin-Bosch-neu.png\" data-width=\"350\" data-height=\"467\" style=\"aspect-ratio: auto 300 \/ 400;\" mt-d=\"-2.437000000000012\" ml-d=\"0\" mt-m=\"-7.6089999999999804\" ml-m=\"0\"\/><\/span><\/p>\n<h6 style=\"text-align: center;\"><strong>Martin Bosch<\/strong><strong><span><strong><span>Managing Director &amp; Hardware Developer<\/span><\/strong>&nbsp;<\/span><\/strong><strong><span>at MEDtech Engineer<\/span><\/strong><\/h6>\n<h3 style=\"text-align: left;\"><strong><\/strong><strong data-end=\"443\" data-start=\"410\">From requirements to series production: We develop your hardware<\/strong><\/h3>\n<h6 style=\"text-align: center;\">Contact us &amp; non-binding inquiries<\/h6>","protected":false},"excerpt":{"rendered":"<p>Hardwareentwicklung f\u00fcr die Medizintechnik Wir entwickeln und verifizieren Hardware, die regulatorischen Anforderungen standh\u00e4lt \u2013 effizient und zulassungssicher.&nbsp;Gemeinsam bringen wir Ihr Medizinprodukt schneller zur Marktreife. Ben\u00f6tigen sie zuverl\u00e4ssige Hardware f\u00fcr ihr Ger\u00e4t? Oder Sie brauchen Unterst\u00fctzung beim Obsolescence Management, der Weiterentwicklung oder Fehlersuche? \u2013 Aber \u2026 Ihnen fehlen Kapazit\u00e4ten \u2013 Sei es Fachwissen, Personal oder Erfahrung? [&hellip;]<\/p>\n","protected":false},"author":39,"featured_media":11470,"parent":0,"menu_order":0,"comment_status":"closed","ping_status":"closed","template":"","meta":{"footnotes":""},"class_list":["post-12148","page","type-page","status-publish","has-post-thumbnail","hentry","post-wrapper","thrv_wrapper"],"yoast_head":"<!-- This site is optimized with the Yoast SEO plugin v27.4 - https:\/\/yoast.com\/product\/yoast-seo-wordpress\/ -->\n<title>Hardwareentwicklung f\u00fcr Medizintechnik - MEDtech Ingenieur GmbH<\/title>\n<meta name=\"description\" content=\"Hardwareentwicklung f\u00fcr Medizintechnik \u2013 wir entwickeln und verifizieren sicher und zulassungskonform nach regulatorischen Anforderungen.\" \/>\n<meta name=\"robots\" content=\"index, follow, max-snippet:-1, max-image-preview:large, max-video-preview:-1\" \/>\n<link rel=\"canonical\" href=\"https:\/\/medtech-ingenieur.de\/en\/hardwareentwicklung-medizintechnik\/\" \/>\n<meta property=\"og:locale\" content=\"en_US\" \/>\n<meta property=\"og:type\" content=\"article\" \/>\n<meta property=\"og:title\" content=\"Hardwareentwicklung f\u00fcr Medizintechnik - MEDtech Ingenieur GmbH\" \/>\n<meta property=\"og:description\" content=\"Hardwareentwicklung f\u00fcr Medizintechnik \u2013 wir entwickeln und verifizieren sicher und zulassungskonform nach regulatorischen Anforderungen.\" \/>\n<meta property=\"og:url\" content=\"https:\/\/medtech-ingenieur.de\/en\/hardwareentwicklung-medizintechnik\/\" \/>\n<meta property=\"og:site_name\" content=\"MEDtech Ingenieur GmbH\" \/>\n<meta property=\"article:publisher\" content=\"https:\/\/www.facebook.com\/medtechIngenieur\" \/>\n<meta property=\"article:modified_time\" content=\"2026-02-25T08:41:29+00:00\" \/>\n<meta property=\"og:image\" content=\"https:\/\/medtech-ingenieur.de\/wp-content\/uploads\/2025\/07\/MEDtech-Ingenieur-am-testen-eines-medizinproduktes-1024x546.png\" \/>\n\t<meta property=\"og:image:width\" content=\"1024\" \/>\n\t<meta property=\"og:image:height\" content=\"546\" \/>\n\t<meta property=\"og:image:type\" content=\"image\/png\" \/>\n<meta name=\"twitter:card\" content=\"summary_large_image\" \/>\n<meta name=\"twitter:site\" content=\"@MedtechIng\" \/>\n<meta name=\"twitter:label1\" content=\"Est. reading time\" \/>\n\t<meta name=\"twitter:data1\" content=\"5 minutes\" \/>\n<script type=\"application\/ld+json\" class=\"yoast-schema-graph\">{\"@context\":\"https:\\\/\\\/schema.org\",\"@graph\":[{\"@type\":\"WebPage\",\"@id\":\"https:\\\/\\\/medtech-ingenieur.de\\\/hardwareentwicklung-medizintechnik\\\/\",\"url\":\"https:\\\/\\\/medtech-ingenieur.de\\\/hardwareentwicklung-medizintechnik\\\/\",\"name\":\"Hardwareentwicklung f\u00fcr Medizintechnik - MEDtech Ingenieur GmbH\",\"isPartOf\":{\"@id\":\"https:\\\/\\\/medtech-ingenieur.de\\\/#website\"},\"primaryImageOfPage\":{\"@id\":\"https:\\\/\\\/medtech-ingenieur.de\\\/hardwareentwicklung-medizintechnik\\\/#primaryimage\"},\"image\":{\"@id\":\"https:\\\/\\\/medtech-ingenieur.de\\\/hardwareentwicklung-medizintechnik\\\/#primaryimage\"},\"thumbnailUrl\":\"https:\\\/\\\/medtech-ingenieur.de\\\/wp-content\\\/uploads\\\/2025\\\/07\\\/MEDtech-Ingenieur-am-testen-eines-medizinproduktes.png\",\"datePublished\":\"2025-11-10T10:10:07+00:00\",\"dateModified\":\"2026-02-25T08:41:29+00:00\",\"description\":\"Hardwareentwicklung f\u00fcr Medizintechnik \u2013 wir entwickeln und verifizieren sicher und zulassungskonform nach regulatorischen Anforderungen.\",\"breadcrumb\":{\"@id\":\"https:\\\/\\\/medtech-ingenieur.de\\\/hardwareentwicklung-medizintechnik\\\/#breadcrumb\"},\"inLanguage\":\"en-US\",\"potentialAction\":[{\"@type\":\"ReadAction\",\"target\":[\"https:\\\/\\\/medtech-ingenieur.de\\\/hardwareentwicklung-medizintechnik\\\/\"]}]},{\"@type\":\"ImageObject\",\"inLanguage\":\"en-US\",\"@id\":\"https:\\\/\\\/medtech-ingenieur.de\\\/hardwareentwicklung-medizintechnik\\\/#primaryimage\",\"url\":\"https:\\\/\\\/medtech-ingenieur.de\\\/wp-content\\\/uploads\\\/2025\\\/07\\\/MEDtech-Ingenieur-am-testen-eines-medizinproduktes.png\",\"contentUrl\":\"https:\\\/\\\/medtech-ingenieur.de\\\/wp-content\\\/uploads\\\/2025\\\/07\\\/MEDtech-Ingenieur-am-testen-eines-medizinproduktes.png\",\"width\":1500,\"height\":800,\"caption\":\"Ingenieur in der hardwareentwicklung f\u00fcr medizintechnik testet ein Medizinger\u00e4t\"},{\"@type\":\"BreadcrumbList\",\"@id\":\"https:\\\/\\\/medtech-ingenieur.de\\\/hardwareentwicklung-medizintechnik\\\/#breadcrumb\",\"itemListElement\":[{\"@type\":\"ListItem\",\"position\":1,\"name\":\"Startseite\",\"item\":\"https:\\\/\\\/medtech-ingenieur.de\\\/\"},{\"@type\":\"ListItem\",\"position\":2,\"name\":\"Hardwareentwicklung f\u00fcr Medizintechnik\"}]},{\"@type\":\"WebSite\",\"@id\":\"https:\\\/\\\/medtech-ingenieur.de\\\/#website\",\"url\":\"https:\\\/\\\/medtech-ingenieur.de\\\/\",\"name\":\"MEDtech Ingenieur GmbH\",\"description\":\"Ingenieursdienstleister f\u00fcr Medizintechnik\",\"publisher\":{\"@id\":\"https:\\\/\\\/medtech-ingenieur.de\\\/#organization\"},\"alternateName\":\"MEDtech\",\"potentialAction\":[{\"@type\":\"SearchAction\",\"target\":{\"@type\":\"EntryPoint\",\"urlTemplate\":\"https:\\\/\\\/medtech-ingenieur.de\\\/?s={search_term_string}\"},\"query-input\":{\"@type\":\"PropertyValueSpecification\",\"valueRequired\":true,\"valueName\":\"search_term_string\"}}],\"inLanguage\":\"en-US\"},{\"@type\":\"Organization\",\"@id\":\"https:\\\/\\\/medtech-ingenieur.de\\\/#organization\",\"name\":\"MEDtech Ingenieur\",\"alternateName\":\"MEDtech\",\"url\":\"https:\\\/\\\/medtech-ingenieur.de\\\/\",\"logo\":{\"@type\":\"ImageObject\",\"inLanguage\":\"en-US\",\"@id\":\"https:\\\/\\\/medtech-ingenieur.de\\\/#\\\/schema\\\/logo\\\/image\\\/\",\"url\":\"https:\\\/\\\/medtech-ingenieur.de\\\/wp-content\\\/uploads\\\/2024\\\/01\\\/logo-700x700-1.png\",\"contentUrl\":\"https:\\\/\\\/medtech-ingenieur.de\\\/wp-content\\\/uploads\\\/2024\\\/01\\\/logo-700x700-1.png\",\"width\":700,\"height\":700,\"caption\":\"MEDtech Ingenieur\"},\"image\":{\"@id\":\"https:\\\/\\\/medtech-ingenieur.de\\\/#\\\/schema\\\/logo\\\/image\\\/\"},\"sameAs\":[\"https:\\\/\\\/www.facebook.com\\\/medtechIngenieur\",\"https:\\\/\\\/x.com\\\/MedtechIng\",\"https:\\\/\\\/www.instagram.com\\\/medtech.ingenieure\\\/\",\"https:\\\/\\\/www.linkedin.com\\\/company\\\/37871229\\\/\"]}]}<\/script>\n<!-- \/ Yoast SEO plugin. -->","yoast_head_json":{"title":"Hardware development for medical technology - MEDtech Ingenieur GmbH","description":"Hardware development for medical technology \u2013 we develop and verify safely and in compliance with regulatory requirements.","robots":{"index":"index","follow":"follow","max-snippet":"max-snippet:-1","max-image-preview":"max-image-preview:large","max-video-preview":"max-video-preview:-1"},"canonical":"https:\/\/medtech-ingenieur.de\/en\/hardwareentwicklung-medizintechnik\/","og_locale":"en_US","og_type":"article","og_title":"Hardwareentwicklung f\u00fcr Medizintechnik - MEDtech Ingenieur GmbH","og_description":"Hardwareentwicklung f\u00fcr Medizintechnik \u2013 wir entwickeln und verifizieren sicher und zulassungskonform nach regulatorischen Anforderungen.","og_url":"https:\/\/medtech-ingenieur.de\/en\/hardwareentwicklung-medizintechnik\/","og_site_name":"MEDtech Ingenieur GmbH","article_publisher":"https:\/\/www.facebook.com\/medtechIngenieur","article_modified_time":"2026-02-25T08:41:29+00:00","og_image":[{"width":1024,"height":546,"url":"https:\/\/medtech-ingenieur.de\/wp-content\/uploads\/2025\/07\/MEDtech-Ingenieur-am-testen-eines-medizinproduktes-1024x546.png","type":"image\/png"}],"twitter_card":"summary_large_image","twitter_site":"@MedtechIng","twitter_misc":{"Est. reading time":"5 minutes"},"schema":{"@context":"https:\/\/schema.org","@graph":[{"@type":"WebPage","@id":"https:\/\/medtech-ingenieur.de\/hardwareentwicklung-medizintechnik\/","url":"https:\/\/medtech-ingenieur.de\/hardwareentwicklung-medizintechnik\/","name":"Hardware development for medical technology - MEDtech Ingenieur GmbH","isPartOf":{"@id":"https:\/\/medtech-ingenieur.de\/#website"},"primaryImageOfPage":{"@id":"https:\/\/medtech-ingenieur.de\/hardwareentwicklung-medizintechnik\/#primaryimage"},"image":{"@id":"https:\/\/medtech-ingenieur.de\/hardwareentwicklung-medizintechnik\/#primaryimage"},"thumbnailUrl":"https:\/\/medtech-ingenieur.de\/wp-content\/uploads\/2025\/07\/MEDtech-Ingenieur-am-testen-eines-medizinproduktes.png","datePublished":"2025-11-10T10:10:07+00:00","dateModified":"2026-02-25T08:41:29+00:00","description":"Hardware development for medical technology \u2013 we develop and verify safely and in compliance with regulatory requirements.","breadcrumb":{"@id":"https:\/\/medtech-ingenieur.de\/hardwareentwicklung-medizintechnik\/#breadcrumb"},"inLanguage":"en-US","potentialAction":[{"@type":"ReadAction","target":["https:\/\/medtech-ingenieur.de\/hardwareentwicklung-medizintechnik\/"]}]},{"@type":"ImageObject","inLanguage":"en-US","@id":"https:\/\/medtech-ingenieur.de\/hardwareentwicklung-medizintechnik\/#primaryimage","url":"https:\/\/medtech-ingenieur.de\/wp-content\/uploads\/2025\/07\/MEDtech-Ingenieur-am-testen-eines-medizinproduktes.png","contentUrl":"https:\/\/medtech-ingenieur.de\/wp-content\/uploads\/2025\/07\/MEDtech-Ingenieur-am-testen-eines-medizinproduktes.png","width":1500,"height":800,"caption":"Ingenieur in der hardwareentwicklung f\u00fcr medizintechnik testet ein Medizinger\u00e4t"},{"@type":"BreadcrumbList","@id":"https:\/\/medtech-ingenieur.de\/hardwareentwicklung-medizintechnik\/#breadcrumb","itemListElement":[{"@type":"ListItem","position":1,"name":"Startseite","item":"https:\/\/medtech-ingenieur.de\/"},{"@type":"ListItem","position":2,"name":"Hardwareentwicklung f\u00fcr Medizintechnik"}]},{"@type":"WebSite","@id":"https:\/\/medtech-ingenieur.de\/#website","url":"https:\/\/medtech-ingenieur.de\/","name":"MEDtech Ingenieur GmbH","description":"Engineering service provider for medical technology","publisher":{"@id":"https:\/\/medtech-ingenieur.de\/#organization"},"alternateName":"MEDtech","potentialAction":[{"@type":"SearchAction","target":{"@type":"EntryPoint","urlTemplate":"https:\/\/medtech-ingenieur.de\/?s={search_term_string}"},"query-input":{"@type":"PropertyValueSpecification","valueRequired":true,"valueName":"search_term_string"}}],"inLanguage":"en-US"},{"@type":"Organization","@id":"https:\/\/medtech-ingenieur.de\/#organization","name":"MEDtech Engineer","alternateName":"MEDtech","url":"https:\/\/medtech-ingenieur.de\/","logo":{"@type":"ImageObject","inLanguage":"en-US","@id":"https:\/\/medtech-ingenieur.de\/#\/schema\/logo\/image\/","url":"https:\/\/medtech-ingenieur.de\/wp-content\/uploads\/2024\/01\/logo-700x700-1.png","contentUrl":"https:\/\/medtech-ingenieur.de\/wp-content\/uploads\/2024\/01\/logo-700x700-1.png","width":700,"height":700,"caption":"MEDtech Ingenieur"},"image":{"@id":"https:\/\/medtech-ingenieur.de\/#\/schema\/logo\/image\/"},"sameAs":["https:\/\/www.facebook.com\/medtechIngenieur","https:\/\/x.com\/MedtechIng","https:\/\/www.instagram.com\/medtech.ingenieure\/","https:\/\/www.linkedin.com\/company\/37871229\/"]}]}},"_links":{"self":[{"href":"https:\/\/medtech-ingenieur.de\/en\/wp-json\/wp\/v2\/pages\/12148","targetHints":{"allow":["GET"]}}],"collection":[{"href":"https:\/\/medtech-ingenieur.de\/en\/wp-json\/wp\/v2\/pages"}],"about":[{"href":"https:\/\/medtech-ingenieur.de\/en\/wp-json\/wp\/v2\/types\/page"}],"author":[{"embeddable":true,"href":"https:\/\/medtech-ingenieur.de\/en\/wp-json\/wp\/v2\/users\/39"}],"replies":[{"embeddable":true,"href":"https:\/\/medtech-ingenieur.de\/en\/wp-json\/wp\/v2\/comments?post=12148"}],"version-history":[{"count":61,"href":"https:\/\/medtech-ingenieur.de\/en\/wp-json\/wp\/v2\/pages\/12148\/revisions"}],"predecessor-version":[{"id":13030,"href":"https:\/\/medtech-ingenieur.de\/en\/wp-json\/wp\/v2\/pages\/12148\/revisions\/13030"}],"wp:featuredmedia":[{"embeddable":true,"href":"https:\/\/medtech-ingenieur.de\/en\/wp-json\/wp\/v2\/media\/11470"}],"wp:attachment":[{"href":"https:\/\/medtech-ingenieur.de\/en\/wp-json\/wp\/v2\/media?parent=12148"}],"curies":[{"name":"wp","href":"https:\/\/api.w.org\/{rel}","templated":true}]}}