{"id":11846,"date":"2025-10-29T10:48:03","date_gmt":"2025-10-29T09:48:03","guid":{"rendered":"https:\/\/medtech-ingenieur.de\/?page_id=11846"},"modified":"2025-11-10T14:48:08","modified_gmt":"2025-11-10T13:48:08","slug":"auftragsfertigung-medizintechnik","status":"publish","type":"page","link":"https:\/\/medtech-ingenieur.de\/en\/auftragsfertigung-medizintechnik\/","title":{"rendered":"MEDtech Production Hub \u2013 Contract manufacturing of medical technology"},"content":{"rendered":"<h1 style=\"text-align: center;\"><span><\/span><span>manufacturing m<\/span><span>edical technology<\/span><\/h1>\n<p style=\"text-align: center;\">Have your medical technology manufactured in Germany \u2013 as contract manufacturing in small to medium-sized series as well as for prototypes: Standard-compliant, flexible and with direct access to our engineers.<\/p>\n<h2 style=\"text-align: left;\"><strong>Do you want to put your medical technology into production?<\/strong><\/h2>\n<p style=\"text-align: left;\">Or have the first prototypes of your medical device manufactured? \u2013 But\u2026<\/p>\n<ul>\n<li style=\"\"><!--! Font Awesome Free 6.7.1 by @fontawesome - https:\/\/fontawesome.com License - https:\/\/fontawesome.com\/license\/free (Icons: CC BY 4.0, Fonts: SIL OFL 1.1, Code: MIT License) Copyright 2024 Fonticons, Inc. --><span style=\"\">You don&#039;t have your own manufacturing facilities or you lack the know-how?<\/span><\/li>\n<li style=\"\"><!--! Font Awesome Free 6.7.1 by @fontawesome - https:\/\/fontawesome.com License - https:\/\/fontawesome.com\/license\/free (Icons: CC BY 4.0, Fonts: SIL OFL 1.1, Code: MIT License) Copyright 2024 Fonticons, Inc. --><span style=\"\"><span style=\"--tcb-applied-color: rgb(0, 0, 0) !important; color: rgb(0, 0, 0) !important;\">Do the high regulatory requirements and standards in medical technology challenge you?<\/span><\/span><\/li>\n<li style=\"\"><!--! Font Awesome Free 6.7.1 by @fontawesome - https:\/\/fontawesome.com License - https:\/\/fontawesome.com\/license\/free (Icons: CC BY 4.0, Fonts: SIL OFL 1.1, Code: MIT License) Copyright 2024 Fonticons, Inc. --><span style=\"\"><span style=\"--tcb-applied-color: rgb(0, 0, 0) !important; color: rgb(0, 0, 0) !important;\">Are excessively long delivery times or inflexible partners abroad not an option?<\/span><\/span><\/li>\n<li style=\"\"><!--! Font Awesome Free 6.7.1 by @fontawesome - https:\/\/fontawesome.com License - https:\/\/fontawesome.com\/license\/free (Icons: CC BY 4.0, Fonts: SIL OFL 1.1, Code: MIT License) Copyright 2024 Fonticons, Inc. --><span style=\"\"><span style=\"--tcb-applied-color: rgb(0, 0, 0) !important; color: rgb(0, 0, 0) !important;\">You have no way to have prototypes and small production runs manufactured professionally?<\/span><\/span><\/li>\n<\/ul>\n<h2 style=\"text-align: left;\"><strong>Contract manufacturing for medical technology<\/strong><\/h2>\n<p style=\"text-align: justify;\">At the MEDtech Production Hub, you can outsource the manufacturing of your medical devices and have them produced reliably, in compliance with standards, and in Germany. Thanks to our in-house structures, we flexibly support you throughout the entire process \u2013 from prototype development to series production. This allows you to benefit from short communication channels, regulatory compliance, and our interdisciplinary medical technology expertise.&nbsp;<\/p>\n<ul>\n<li style=\"\"><span style=\"\"><strong>All-in-one partner: <\/strong>Development, production, certification and testing from a single source<\/span><\/li>\n<li style=\"\"><span style=\"\"><strong><\/strong><strong data-end=\"1819\" data-start=\"1803\">flexibility<\/strong>: Prototypes<strong>,&nbsp;<\/strong>Small batches or series production \u2013 individually tailored<\/span><\/li>\n<li style=\"\"><span style=\"\"><strong><\/strong><strong data-end=\"1913\" data-start=\"1894\">Made in Germany<\/strong>Production according to the highest German standards and international norms<\/span><\/li>\n<li style=\"\"><span style=\"\"><strong><\/strong><strong data-end=\"2002\" data-start=\"1984\">Direct line<\/strong>: Fast and uncomplicated contact with our engineers<\/span><\/li>\n<\/ul>\n<h2 style=\"text-align: left;\"><strong>Our production at a glance<\/strong><\/h2>\n<p data-pm-slice=\"0 0 []\" style=\"text-align: justify;\">Are you looking for a partner for the contract manufacturing of medical technology products in Germany? Whether prototypes, small series, or medium-sized production runs \u2013 we handle the manufacturing of your medical device, relieving you of regulatory and production-related challenges. As an interdisciplinary team, we combine development, certification, testing, and manufacturing under one roof.<\/p>\n<p><span><img decoding=\"async\" alt=\"Auftragsfertigung eines Medizinproduktes bei MEDtech Ingenieur\" data-id=\"11938\" width=\"1300\" data-init-width=\"1500\" height=\"693\" data-init-height=\"800\" title=\"Contract manufacturing of a medical device at MEDtech Ingenieur\" loading=\"lazy\" src=\"https:\/\/medtech-ingenieur.de\/wp-content\/uploads\/2025\/09\/Auftragsfertigung-eines-Medizinproduktes-bei-MEDtech-Ingenieur.png\" data-width=\"1300\" data-height=\"693\" style=\"aspect-ratio: auto 1500 \/ 800;\"\/><\/span><\/p>\n<h2 style=\"\"><strong>Advantages of the MEDtech Production Hub<\/strong><\/h2>\n<h2 style=\"text-align: center;\"><strong><span style=\"\">References<\/span><\/strong><\/h2>\n<p><span><a href=\"https:\/\/t-vns.com\/de\/\" target=\"_blank\"><img decoding=\"async\" alt=\"\" data-id=\"8183\" width=\"219\" data-init-width=\"1819\" height=\"60\" data-init-height=\"500\" title=\"tVNS logo icon\" loading=\"lazy\" src=\"https:\/\/medtech-ingenieur.de\/wp-content\/uploads\/slider4\/tVNS-Logo-icon.svg\" data-width=\"219\" data-height=\"60\" style=\"aspect-ratio: auto 1819 \/ 500;\" data-link-wrap=\"true\"\/><\/a><\/span><\/p>\n<p style=\"text-align: left;\"><em><\/em><em>\u201e&quot;MEDtech impresses with its excellent, conscientious quality and absolute adherence to deadlines. From planning to the manufacturing of our tVNS devices, everything runs smoothly. The high quality of the products and the professional service are particularly noteworthy. We feel we are in excellent hands with MEDtech \u2013 the consultation and implementation demonstrate a wealth of experience and meticulous attention to detail. A reliable partner whom we are happy to recommend.&quot;\u201c<\/em><\/p>\n<h4 style=\"text-align: center;\"><strong>\u2013 tVNS technologies GmbH<\/strong><\/h4>\n<p><!--! Font Awesome Free 6.7.1 by @fontawesome - https:\/\/fontawesome.com License - https:\/\/fontawesome.com\/license\/free (Icons: CC BY 4.0, Fonts: SIL OFL 1.1, Code: MIT License) Copyright 2024 Fonticons, Inc. --><span style=\"\"><a href=\"https:\/\/www.be-on-quality.com\/\" target=\"_blank\"><img decoding=\"async\" alt=\"Logo von be-on-quality\" data-id=\"11982\" width=\"175\" data-init-width=\"500\" height=\"78\" data-init-height=\"222\" title=\"logo of be-on-quality\" loading=\"lazy\" src=\"https:\/\/medtech-ingenieur.de\/wp-content\/uploads\/2025\/10\/Handy-Website-Banner-e1759818797733.png\" data-width=\"175\" data-height=\"78\" style=\"aspect-ratio: auto 500 \/ 222;\" data-link-wrap=\"true\" mt-m=\"0\" ml-m=\"0\"\/><\/a><\/span><\/p>\n<p style=\"text-align: left;\"><em><\/em><em><\/em><em>\u201e&quot;We have been working successfully with MEDtech Ingenieur GmbH for many years and value their outstanding development and production services for medical devices. MEDtech Ingenieur has proven to be extremely reliable and competent, especially in the regulated sector.&quot;.&nbsp;<\/em><em><\/em><em><\/em><em>With their expertise in development, production, validation, and verification, we have been able to bring numerous successful products to market. Their commitment to quality and their proactive approach make them an indispensable partner in medical technology.\u201c<\/em><\/p>\n<h4><strong>\u2013 Be-on-quality GmbH<\/strong><\/h4>\n<p><!--! Font Awesome Free 6.7.1 by @fontawesome - https:\/\/fontawesome.com License - https:\/\/fontawesome.com\/license\/free (Icons: CC BY 4.0, Fonts: SIL OFL 1.1, Code: MIT License) Copyright 2024 Fonticons, Inc. --><span><a href=\"https:\/\/www.corscience.com\/de\/\" target=\"_blank\"><img decoding=\"async\" alt=\"\" data-id=\"12140\" width=\"210\" data-init-width=\"500\" height=\"84\" data-init-height=\"201\" title=\"Mobile Website Banner (2)\" loading=\"lazy\" src=\"https:\/\/medtech-ingenieur.de\/wp-content\/uploads\/2025\/10\/Handy-Website-Banner-2-e1761645694982.png\" data-width=\"210\" data-height=\"84\" style=\"aspect-ratio: auto 500 \/ 201;\" data-link-wrap=\"true\"\/><\/a><\/span><\/p>\n<p style=\"text-align: left;\"><em>\u201eIn addition to our long-standing partnership in development projects, we have recently begun collaborating with MEDtech Ingenieur in the area of production, as they are a reliable and quality-conscious partner for us. Their geographical proximity is particularly noteworthy, enabling flexible and efficient coordination \u2013 a crucial advantage in dynamic production processes. Furthermore, we value their ability to manufacture even small batch sizes with the highest precision and quality. This combination of proximity, reliability, and craftsmanship makes MEDtech Ingenieur an important part of our partner network.\u201c<strong>&nbsp;<\/strong><\/em><\/p>\n<h4 style=\"text-align: center;\"><strong>\u2013 CORSIENCE GmbH &amp; CO. KG<\/strong><\/h4>\n<p><!--! Font Awesome Free 6.7.1 by @fontawesome - https:\/\/fontawesome.com License - https:\/\/fontawesome.com\/license\/free (Icons: CC BY 4.0, Fonts: SIL OFL 1.1, Code: MIT License) Copyright 2024 Fonticons, Inc. --><\/p>\n<h6 style=\"text-align: center;\"><strong>Your expert for medical production<\/strong><\/h6>\n<p><span style=\"\"><img decoding=\"async\" alt=\"\" data-id=\"11858\" width=\"350\" data-init-width=\"600\" height=\"467\" data-init-height=\"800\" title=\"Contact person for medical manufacturing\" loading=\"lazy\" src=\"https:\/\/medtech-ingenieur.de\/wp-content\/uploads\/2025\/08\/Ansprechpartner-fuer-medizinische-Fertigung.png\" data-width=\"350\" data-height=\"467\" style=\"aspect-ratio: auto 600 \/ 800;\" mt-d=\"-2\" ml-d=\"0\" mt-m=\"-7.6089999999999804\" ml-m=\"0\" center-v-d=\"false\"\/><\/span><\/p>\n<h6 style=\"text-align: center;\"><strong><span style=\"font-size: 24px !important;\">Diana Madzar<\/span><\/strong><strong><span style=\"font-size: 16px !important;\">Head of Production &amp;&nbsp;<strong><span>production<\/span><\/strong>&nbsp;<\/span><\/strong><strong><span style=\"font-size: 16px !important;\">at MEDtech Engineer<\/span><\/strong><\/h6>\n<h3 style=\"text-align: center;\"><strong>Your idea in production:&nbsp;<\/strong><strong>We manufacture everything from prototype to series production.<\/strong><\/h3>\n<h6 style=\"text-align: center;\">Contact us &amp; non-binding inquiries<\/h6>","protected":false},"excerpt":{"rendered":"<p>Fertigung von Medizintechnik Lassen Sie Ihre Medizintechnik in Deutschland fertigen \u2013 als Auftragsfertigung in kleinen bis mittelgro\u00dfen Serien sowie f\u00fcr Prototypen: Normgerecht, flexibel und mit direktem Draht zu unseren Ingenieuren. Sie m\u00f6chten Ihre Medizintechnik in die Produktion geben? Oder die ersten Prototypen Ihres Medizinger\u00e4tes fertigen lassen? &#8211; Aber&#8230; Sie haben keine eigenen Fertigungskapazit\u00e4ten oder Ihnen [&hellip;]<\/p>\n","protected":false},"author":39,"featured_media":11873,"parent":0,"menu_order":0,"comment_status":"closed","ping_status":"closed","template":"","meta":{"footnotes":""},"class_list":["post-11846","page","type-page","status-publish","has-post-thumbnail","hentry","post-wrapper","thrv_wrapper"],"yoast_head":"<!-- This site is optimized with the Yoast SEO plugin v27.4 - https:\/\/yoast.com\/product\/yoast-seo-wordpress\/ -->\n<title>MEDtech Production Hub \u2013 Auftragsfertigung von Medizintechnik - MEDtech Ingenieur GmbH<\/title>\n<meta name=\"description\" content=\"Lassen Sie Ihre Medizintechnik mit Auftragsfertigung in kleinen bis mittelgro\u00dfen Serien sowie Prototypen in Deutschland produzieren\" \/>\n<meta name=\"robots\" content=\"index, follow, max-snippet:-1, max-image-preview:large, max-video-preview:-1\" \/>\n<link rel=\"canonical\" href=\"https:\/\/medtech-ingenieur.de\/en\/auftragsfertigung-medizintechnik\/\" \/>\n<meta property=\"og:locale\" content=\"en_US\" \/>\n<meta property=\"og:type\" content=\"article\" \/>\n<meta property=\"og:title\" content=\"MEDtech Production Hub \u2013 Auftragsfertigung von Medizintechnik - MEDtech Ingenieur GmbH\" \/>\n<meta property=\"og:description\" content=\"Lassen Sie Ihre Medizintechnik mit Auftragsfertigung in kleinen bis mittelgro\u00dfen Serien sowie Prototypen in Deutschland produzieren\" \/>\n<meta property=\"og:url\" content=\"https:\/\/medtech-ingenieur.de\/en\/auftragsfertigung-medizintechnik\/\" \/>\n<meta property=\"og:site_name\" content=\"MEDtech Ingenieur GmbH\" \/>\n<meta property=\"article:publisher\" content=\"https:\/\/www.facebook.com\/medtechIngenieur\" \/>\n<meta property=\"article:modified_time\" content=\"2025-11-10T13:48:08+00:00\" \/>\n<meta property=\"og:image\" content=\"https:\/\/medtech-ingenieur.de\/wp-content\/uploads\/2025\/09\/Header-MEDtech-Produktion.png\" \/>\n\t<meta property=\"og:image:width\" content=\"1500\" \/>\n\t<meta property=\"og:image:height\" content=\"800\" \/>\n\t<meta property=\"og:image:type\" content=\"image\/png\" \/>\n<meta name=\"twitter:card\" content=\"summary_large_image\" \/>\n<meta name=\"twitter:site\" content=\"@MedtechIng\" \/>\n<meta name=\"twitter:label1\" content=\"Est. reading time\" \/>\n\t<meta name=\"twitter:data1\" content=\"6 minutes\" \/>\n<script type=\"application\/ld+json\" class=\"yoast-schema-graph\">{\"@context\":\"https:\\\/\\\/schema.org\",\"@graph\":[{\"@type\":\"WebPage\",\"@id\":\"https:\\\/\\\/medtech-ingenieur.de\\\/auftragsfertigung-medizintechnik\\\/\",\"url\":\"https:\\\/\\\/medtech-ingenieur.de\\\/auftragsfertigung-medizintechnik\\\/\",\"name\":\"MEDtech Production Hub \u2013 Auftragsfertigung von Medizintechnik - MEDtech Ingenieur GmbH\",\"isPartOf\":{\"@id\":\"https:\\\/\\\/medtech-ingenieur.de\\\/#website\"},\"primaryImageOfPage\":{\"@id\":\"https:\\\/\\\/medtech-ingenieur.de\\\/auftragsfertigung-medizintechnik\\\/#primaryimage\"},\"image\":{\"@id\":\"https:\\\/\\\/medtech-ingenieur.de\\\/auftragsfertigung-medizintechnik\\\/#primaryimage\"},\"thumbnailUrl\":\"https:\\\/\\\/medtech-ingenieur.de\\\/wp-content\\\/uploads\\\/2025\\\/09\\\/Header-MEDtech-Produktion.png\",\"datePublished\":\"2025-10-29T09:48:03+00:00\",\"dateModified\":\"2025-11-10T13:48:08+00:00\",\"description\":\"Lassen Sie Ihre Medizintechnik mit Auftragsfertigung in kleinen bis mittelgro\u00dfen Serien sowie Prototypen in Deutschland produzieren\",\"breadcrumb\":{\"@id\":\"https:\\\/\\\/medtech-ingenieur.de\\\/auftragsfertigung-medizintechnik\\\/#breadcrumb\"},\"inLanguage\":\"en-US\",\"potentialAction\":[{\"@type\":\"ReadAction\",\"target\":[\"https:\\\/\\\/medtech-ingenieur.de\\\/auftragsfertigung-medizintechnik\\\/\"]}]},{\"@type\":\"ImageObject\",\"inLanguage\":\"en-US\",\"@id\":\"https:\\\/\\\/medtech-ingenieur.de\\\/auftragsfertigung-medizintechnik\\\/#primaryimage\",\"url\":\"https:\\\/\\\/medtech-ingenieur.de\\\/wp-content\\\/uploads\\\/2025\\\/09\\\/Header-MEDtech-Produktion.png\",\"contentUrl\":\"https:\\\/\\\/medtech-ingenieur.de\\\/wp-content\\\/uploads\\\/2025\\\/09\\\/Header-MEDtech-Produktion.png\",\"width\":1500,\"height\":800,\"caption\":\"MEDtech Mitarbeiter w\u00e4hrend der Produktion\"},{\"@type\":\"BreadcrumbList\",\"@id\":\"https:\\\/\\\/medtech-ingenieur.de\\\/auftragsfertigung-medizintechnik\\\/#breadcrumb\",\"itemListElement\":[{\"@type\":\"ListItem\",\"position\":1,\"name\":\"Startseite\",\"item\":\"https:\\\/\\\/medtech-ingenieur.de\\\/\"},{\"@type\":\"ListItem\",\"position\":2,\"name\":\"MEDtech Production Hub \u2013 Auftragsfertigung von Medizintechnik\"}]},{\"@type\":\"WebSite\",\"@id\":\"https:\\\/\\\/medtech-ingenieur.de\\\/#website\",\"url\":\"https:\\\/\\\/medtech-ingenieur.de\\\/\",\"name\":\"MEDtech Ingenieur GmbH\",\"description\":\"Ingenieursdienstleister f\u00fcr Medizintechnik\",\"publisher\":{\"@id\":\"https:\\\/\\\/medtech-ingenieur.de\\\/#organization\"},\"alternateName\":\"MEDtech\",\"potentialAction\":[{\"@type\":\"SearchAction\",\"target\":{\"@type\":\"EntryPoint\",\"urlTemplate\":\"https:\\\/\\\/medtech-ingenieur.de\\\/?s={search_term_string}\"},\"query-input\":{\"@type\":\"PropertyValueSpecification\",\"valueRequired\":true,\"valueName\":\"search_term_string\"}}],\"inLanguage\":\"en-US\"},{\"@type\":\"Organization\",\"@id\":\"https:\\\/\\\/medtech-ingenieur.de\\\/#organization\",\"name\":\"MEDtech Ingenieur\",\"alternateName\":\"MEDtech\",\"url\":\"https:\\\/\\\/medtech-ingenieur.de\\\/\",\"logo\":{\"@type\":\"ImageObject\",\"inLanguage\":\"en-US\",\"@id\":\"https:\\\/\\\/medtech-ingenieur.de\\\/#\\\/schema\\\/logo\\\/image\\\/\",\"url\":\"https:\\\/\\\/medtech-ingenieur.de\\\/wp-content\\\/uploads\\\/2024\\\/01\\\/logo-700x700-1.png\",\"contentUrl\":\"https:\\\/\\\/medtech-ingenieur.de\\\/wp-content\\\/uploads\\\/2024\\\/01\\\/logo-700x700-1.png\",\"width\":700,\"height\":700,\"caption\":\"MEDtech Ingenieur\"},\"image\":{\"@id\":\"https:\\\/\\\/medtech-ingenieur.de\\\/#\\\/schema\\\/logo\\\/image\\\/\"},\"sameAs\":[\"https:\\\/\\\/www.facebook.com\\\/medtechIngenieur\",\"https:\\\/\\\/x.com\\\/MedtechIng\",\"https:\\\/\\\/www.instagram.com\\\/medtech.ingenieure\\\/\",\"https:\\\/\\\/www.linkedin.com\\\/company\\\/37871229\\\/\"]}]}<\/script>\n<!-- \/ Yoast SEO plugin. -->","yoast_head_json":{"title":"MEDtech Production Hub \u2013 Contract manufacturing of medical technology \u2013 MEDtech Ingenieur GmbH","description":"Have your medical technology products manufactured in Germany through contract manufacturing in small to medium-sized series and prototypes.","robots":{"index":"index","follow":"follow","max-snippet":"max-snippet:-1","max-image-preview":"max-image-preview:large","max-video-preview":"max-video-preview:-1"},"canonical":"https:\/\/medtech-ingenieur.de\/en\/auftragsfertigung-medizintechnik\/","og_locale":"en_US","og_type":"article","og_title":"MEDtech Production Hub \u2013 Auftragsfertigung von Medizintechnik - MEDtech Ingenieur GmbH","og_description":"Lassen Sie Ihre Medizintechnik mit Auftragsfertigung in kleinen bis mittelgro\u00dfen Serien sowie Prototypen in Deutschland produzieren","og_url":"https:\/\/medtech-ingenieur.de\/en\/auftragsfertigung-medizintechnik\/","og_site_name":"MEDtech Ingenieur GmbH","article_publisher":"https:\/\/www.facebook.com\/medtechIngenieur","article_modified_time":"2025-11-10T13:48:08+00:00","og_image":[{"width":1500,"height":800,"url":"https:\/\/medtech-ingenieur.de\/wp-content\/uploads\/2025\/09\/Header-MEDtech-Produktion.png","type":"image\/png"}],"twitter_card":"summary_large_image","twitter_site":"@MedtechIng","twitter_misc":{"Est. reading time":"6 minutes"},"schema":{"@context":"https:\/\/schema.org","@graph":[{"@type":"WebPage","@id":"https:\/\/medtech-ingenieur.de\/auftragsfertigung-medizintechnik\/","url":"https:\/\/medtech-ingenieur.de\/auftragsfertigung-medizintechnik\/","name":"MEDtech Production Hub \u2013 Contract manufacturing of medical technology \u2013 MEDtech Ingenieur GmbH","isPartOf":{"@id":"https:\/\/medtech-ingenieur.de\/#website"},"primaryImageOfPage":{"@id":"https:\/\/medtech-ingenieur.de\/auftragsfertigung-medizintechnik\/#primaryimage"},"image":{"@id":"https:\/\/medtech-ingenieur.de\/auftragsfertigung-medizintechnik\/#primaryimage"},"thumbnailUrl":"https:\/\/medtech-ingenieur.de\/wp-content\/uploads\/2025\/09\/Header-MEDtech-Produktion.png","datePublished":"2025-10-29T09:48:03+00:00","dateModified":"2025-11-10T13:48:08+00:00","description":"Have your medical technology products manufactured in Germany through contract manufacturing in small to medium-sized series and prototypes.","breadcrumb":{"@id":"https:\/\/medtech-ingenieur.de\/auftragsfertigung-medizintechnik\/#breadcrumb"},"inLanguage":"en-US","potentialAction":[{"@type":"ReadAction","target":["https:\/\/medtech-ingenieur.de\/auftragsfertigung-medizintechnik\/"]}]},{"@type":"ImageObject","inLanguage":"en-US","@id":"https:\/\/medtech-ingenieur.de\/auftragsfertigung-medizintechnik\/#primaryimage","url":"https:\/\/medtech-ingenieur.de\/wp-content\/uploads\/2025\/09\/Header-MEDtech-Produktion.png","contentUrl":"https:\/\/medtech-ingenieur.de\/wp-content\/uploads\/2025\/09\/Header-MEDtech-Produktion.png","width":1500,"height":800,"caption":"MEDtech Mitarbeiter w\u00e4hrend der Produktion"},{"@type":"BreadcrumbList","@id":"https:\/\/medtech-ingenieur.de\/auftragsfertigung-medizintechnik\/#breadcrumb","itemListElement":[{"@type":"ListItem","position":1,"name":"Startseite","item":"https:\/\/medtech-ingenieur.de\/"},{"@type":"ListItem","position":2,"name":"MEDtech Production Hub \u2013 Auftragsfertigung von Medizintechnik"}]},{"@type":"WebSite","@id":"https:\/\/medtech-ingenieur.de\/#website","url":"https:\/\/medtech-ingenieur.de\/","name":"MEDtech Ingenieur GmbH","description":"Engineering service provider for medical technology","publisher":{"@id":"https:\/\/medtech-ingenieur.de\/#organization"},"alternateName":"MEDtech","potentialAction":[{"@type":"SearchAction","target":{"@type":"EntryPoint","urlTemplate":"https:\/\/medtech-ingenieur.de\/?s={search_term_string}"},"query-input":{"@type":"PropertyValueSpecification","valueRequired":true,"valueName":"search_term_string"}}],"inLanguage":"en-US"},{"@type":"Organization","@id":"https:\/\/medtech-ingenieur.de\/#organization","name":"MEDtech Engineer","alternateName":"MEDtech","url":"https:\/\/medtech-ingenieur.de\/","logo":{"@type":"ImageObject","inLanguage":"en-US","@id":"https:\/\/medtech-ingenieur.de\/#\/schema\/logo\/image\/","url":"https:\/\/medtech-ingenieur.de\/wp-content\/uploads\/2024\/01\/logo-700x700-1.png","contentUrl":"https:\/\/medtech-ingenieur.de\/wp-content\/uploads\/2024\/01\/logo-700x700-1.png","width":700,"height":700,"caption":"MEDtech Ingenieur"},"image":{"@id":"https:\/\/medtech-ingenieur.de\/#\/schema\/logo\/image\/"},"sameAs":["https:\/\/www.facebook.com\/medtechIngenieur","https:\/\/x.com\/MedtechIng","https:\/\/www.instagram.com\/medtech.ingenieure\/","https:\/\/www.linkedin.com\/company\/37871229\/"]}]}},"_links":{"self":[{"href":"https:\/\/medtech-ingenieur.de\/en\/wp-json\/wp\/v2\/pages\/11846","targetHints":{"allow":["GET"]}}],"collection":[{"href":"https:\/\/medtech-ingenieur.de\/en\/wp-json\/wp\/v2\/pages"}],"about":[{"href":"https:\/\/medtech-ingenieur.de\/en\/wp-json\/wp\/v2\/types\/page"}],"author":[{"embeddable":true,"href":"https:\/\/medtech-ingenieur.de\/en\/wp-json\/wp\/v2\/users\/39"}],"replies":[{"embeddable":true,"href":"https:\/\/medtech-ingenieur.de\/en\/wp-json\/wp\/v2\/comments?post=11846"}],"version-history":[{"count":105,"href":"https:\/\/medtech-ingenieur.de\/en\/wp-json\/wp\/v2\/pages\/11846\/revisions"}],"predecessor-version":[{"id":12452,"href":"https:\/\/medtech-ingenieur.de\/en\/wp-json\/wp\/v2\/pages\/11846\/revisions\/12452"}],"wp:featuredmedia":[{"embeddable":true,"href":"https:\/\/medtech-ingenieur.de\/en\/wp-json\/wp\/v2\/media\/11873"}],"wp:attachment":[{"href":"https:\/\/medtech-ingenieur.de\/en\/wp-json\/wp\/v2\/media?parent=11846"}],"curies":[{"name":"wp","href":"https:\/\/api.w.org\/{rel}","templated":true}]}}