{"id":10882,"date":"2025-08-28T14:35:47","date_gmt":"2025-08-28T12:35:47","guid":{"rendered":"https:\/\/medtech-ingenieur.de\/?page_id=10882"},"modified":"2026-03-16T13:12:07","modified_gmt":"2026-03-16T12:12:07","slug":"entwicklungstest-fuer-medizingeraete","status":"publish","type":"page","link":"https:\/\/medtech-ingenieur.de\/en\/entwicklungstest-fuer-medizingeraete\/","title":{"rendered":"MEDtech Testlab \u2013 Development testing for medical devices"},"content":{"rendered":"<h1 style=\"text-align: center;\"><span><span>TestLab for medical devices<\/span><\/span><\/h1>\n<p style=\"text-align: center;\">Development-related testing for medical devices \u2013 fast, practical, and compliant with standards. This ensures your medical technology reaches market readiness safely and faster.<\/p>\n<h2 style=\"text-align: left;\"><strong>Would you like to test your medical device during development?<\/strong><\/h2>\n<p style=\"text-align: left;\">Or launch a new medical product? \u2013 But\u2026<\/p>\n<ul>\n<li style=\"\"><!--! Font Awesome Free 6.7.1 by @fontawesome - https:\/\/fontawesome.com License - https:\/\/fontawesome.com\/license\/free (Icons: CC BY 4.0, Fonts: SIL OFL 1.1, Code: MIT License) Copyright 2024 Fonticons, Inc. --><span style=\"\">Do you lack the necessary resources \u2013 be it expertise, personnel or equipment (climate-controlled cabinets, ESD chambers and calibrated measuring devices)?<\/span><\/li>\n<li style=\"\"><!--! Font Awesome Free 6.7.1 by @fontawesome - https:\/\/fontawesome.com License - https:\/\/fontawesome.com\/license\/free (Icons: CC BY 4.0, Fonts: SIL OFL 1.1, Code: MIT License) Copyright 2024 Fonticons, Inc. --><span style=\"\"><span style=\"--tcb-applied-color: rgb(0, 0, 0) !important; color: rgb(0, 0, 0) !important;\">The time pressure to obtain market approval is increasing \u2013 but the certification process is complex and confusing?<\/span><\/span><\/li>\n<li style=\"\"><!--! Font Awesome Free 6.7.1 by @fontawesome - https:\/\/fontawesome.com License - https:\/\/fontawesome.com\/license\/free (Icons: CC BY 4.0, Fonts: SIL OFL 1.1, Code: MIT License) Copyright 2024 Fonticons, Inc. --><span style=\"\"><span style=\"--tcb-applied-color: rgb(0, 0, 0) !important; color: rgb(0, 0, 0) !important;\">Do you need independent device testing but can&#039;t find a reliable partner with medical technology experience?<\/span><\/span><\/li>\n<li style=\"\"><!--! Font Awesome Free 6.7.1 by @fontawesome - https:\/\/fontawesome.com License - https:\/\/fontawesome.com\/license\/free (Icons: CC BY 4.0, Fonts: SIL OFL 1.1, Code: MIT License) Copyright 2024 Fonticons, Inc. --><span style=\"\"><span style=\"--tcb-applied-color: rgb(0, 0, 0) !important; color: rgb(0, 0, 0) !important;\">Your international manufacturing partner may not meet all German or EU standards?<\/span><br \/><\/span><\/li>\n<\/ul>\n<h2 style=\"text-align: left;\"><strong>Testing services for medical devices<\/strong><\/h2>\n<p style=\"text-align: left;\"><span style=\"\">In the TestLab you can offer testing and validation services for medical devices as a manufacturer and developer <strong data-end=\"1566\" data-start=\"1531\">already during development <\/strong>receive. <\/span><span style=\"\">Unlike traditional testing institutes, we test prototypes and development samples for later market entry \u2013 reliably, transparently, and in accordance with standards. According to your individual specifications or in accordance with the established, EN ISO 13485 certified processes of MEDtech Ingenieur GmbH.<\/span><\/p>\n<ul>\n<li style=\"\"><span style=\"\"><strong>Security &amp; Reliability: <\/strong>You know whether your product works in real-world use.<\/span><\/li>\n<li style=\"\"><span style=\"\"><strong>Independent tests:&nbsp;<\/strong>You receive objective test results \u2013 ideal for internal quality assurance or external verification.<\/span><\/li>\n<li style=\"\"><span style=\"\"><strong>Certification relevance: <\/strong>You receive documented and traceable test results for authorities or customers.<\/span><\/li>\n<li style=\"\"><span style=\"\"><strong>Resource conservation: <\/strong>You avoid setting up your own processes \u2013 you save on personnel and required measuring equipment.<\/span><\/li>\n<\/ul>\n<h2 style=\"text-align: left;\"><strong>Our services at a glance<\/strong><\/h2>\n<p data-pm-slice=\"0 0 []\" style=\"text-align: justify;\">In the TestLab, you will receive all relevant tests for medical devices: from functional verification and standard-compliant software tests to EMC and stress tests. We support you throughout your development with our many years of experience in medical technology validation, from the initial idea to approval. This way, we ensure that your medical devices are reliable, safe, and marketable.<\/p>\n<h3 style=\"text-align: center;\"><strong><span style=\"--tcb-text-highlight-color: transparent !important;\">Functional tests<\/span><\/strong><\/h3>\n<ul>\n<li style=\"\"><strong>Verification of hardware, software and mechanics for systems or individual components<\/strong><\/li>\n<li style=\"\"><strong>Creation of meaningful test plans and test reports<\/strong><\/li>\n<\/ul>\n<ul>\n<li style=\"\"><strong>Carrying out manual tests with measuring equipment<\/strong><\/li>\n<li style=\"\"><strong>Creation of customer-specific test tools and automated test scripts<\/strong><\/li>\n<li style=\"\"><strong>Execution of automated tests (e.g. with CANoe, PCAN, Python or other systems)<\/strong><\/li>\n<li style=\"\"><strong>Ensuring the proper functioning of your medical devices under realistic conditions<\/strong><\/li>\n<\/ul>\n<h3 style=\"text-align: center;\"><strong><span style=\"--tcb-text-highlight-color: transparent !important;\">Software testing according to&nbsp;<\/span><br \/><span style=\"--tcb-text-highlight-color: transparent !important;\">IEC 62304<\/span><\/strong><\/h3>\n<ul>\n<li style=\"\"><strong>Verification and validation of software<\/strong><strong>solutions<\/strong><strong> in medical devices<\/strong><\/li>\n<li style=\"\"><strong>Performance and stability tests for safety-relevant applications<\/strong><\/li>\n<li style=\"\"><strong>Creation of automated test procedures (including regression and integration tests)<\/strong><\/li>\n<li style=\"\"><strong>Support with standard-compliant documentation for approval procedures<\/strong><\/li>\n<\/ul>\n<h3 style=\"text-align: center;\"><strong><span style=\"--tcb-text-highlight-color: transparent !important;\">Security tests<\/span><\/strong><\/h3>\n<ul>\n<li style=\"\"><strong>Testing of safety and conformity according to international standards (e.g. DIN EN 60601-1, DIN EN 61010-1, \u2026)<\/strong><\/li>\n<li style=\"\"><strong>Identification and elimination of potential risks<\/strong><\/li>\n<li style=\"\"><strong>Determination of the safety of the product<\/strong><\/li>\n<\/ul>\n<h3 style=\"text-align: center;\"><strong><span style=\"--tcb-text-highlight-color: transparent !important;\">EMC and ESD tests<\/span><\/strong><\/h3>\n<ul>\n<li style=\"\"><strong>Analysis and consulting on EMC and ESD problems&nbsp;<\/strong><\/li>\n<li style=\"\"><strong>Preparation of EMC test plans<\/strong><\/li>\n<li \"=\"\" style=\"\" tve-u-198087f7479\"=\"\"><strong>Carrying out EMC and ESD precompliance tests (e.g. according to DIN EN 60601-1-2)<\/strong><\/li>\n<li \"=\"\" style=\"\" tve-u-198087f747a\"=\"\"><strong>Support and technical assistance for external certification tests<\/strong><\/li>\n<\/ul>\n<h3 style=\"text-align: center;\"><strong><span style=\"--tcb-text-highlight-color: transparent !important;\">Environmental and stress tests<\/span><\/strong><\/h3>\n<ul>\n<li style=\"\"><strong>Simulation of environmental conditions (temperature, humidity, ...)<\/strong><\/li>\n<li style=\"\"><strong>Conducting stress tests and load tests<\/strong><\/li>\n<\/ul>\n<h2 style=\"\"><strong>Advantages of the TestLab<\/strong><\/h2>\n<h2 style=\"text-align: center;\"><strong><span style=\"\">References<\/span><\/strong><\/h2>\n<p><span><a href=\"https:\/\/www.lre.de\/de\/\" target=\"_blank\"><img decoding=\"async\" alt=\"LRE Medical im MEDtech TestLab\" data-id=\"11822\" width=\"210\" data-init-width=\"1405\" height=\"60\" data-init-height=\"400\" title=\"LRE Medical in the MEDtech TestLab\" loading=\"lazy\" src=\"https:\/\/medtech-ingenieur.de\/wp-content\/uploads\/2025\/08\/LRE-Medical-im-MEDtech-TestLab-e1755692507159.png\" data-width=\"210\" data-height=\"60\" style=\"aspect-ratio: auto 1405 \/ 400;\" data-link-wrap=\"true\"\/><\/a><\/span><\/p>\n<p style=\"text-align: justify;\"><em><\/em><em>We value constructive, goal-oriented, and reliable collaboration. This allows us to achieve our goals together within the set framework.<\/em><\/p>\n<h4><strong>\u2013 LRE Medical GmbH<\/strong><\/h4>\n<p><!--! Font Awesome Free 6.7.1 by @fontawesome - https:\/\/fontawesome.com License - https:\/\/fontawesome.com\/license\/free (Icons: CC BY 4.0, Fonts: SIL OFL 1.1, Code: MIT License) Copyright 2024 Fonticons, Inc. --><span><a href=\"https:\/\/www.eversion.tech\/\" target=\"_blank\"><img decoding=\"async\" alt=\"Eversion Technologies im MEDtech TestLab\" data-id=\"11821\" width=\"198\" data-init-width=\"1347\" height=\"59\" data-init-height=\"400\" title=\"Eversion Technologies in the MEDtech TestLab\" loading=\"lazy\" src=\"https:\/\/medtech-ingenieur.de\/wp-content\/uploads\/2025\/08\/Eversion-Technologies-im-MEDtech-TestLab-e1755692470691.png\" data-width=\"198\" data-height=\"59\" style=\"aspect-ratio: auto 1347 \/ 400;\" data-link-wrap=\"true\"\/><\/a><\/span><\/p>\n<p style=\"text-align: justify;\"><em>\u201e&quot;As a young medical technology startup, we benefited enormously from the expertise, reliability, and flexibility of the entire team. The straightforward communication made the collaboration particularly efficient. A clear recommendation \u2013 especially for startups, an ideal partner!&quot;\u201c<\/em><\/p>\n<h4 style=\"text-align: center;\"><strong>\u2013 Eversion<\/strong><strong>Technologies GmbH<\/strong><\/h4>\n<p><!--! Font Awesome Free 6.7.1 by @fontawesome - https:\/\/fontawesome.com License - https:\/\/fontawesome.com\/license\/free (Icons: CC BY 4.0, Fonts: SIL OFL 1.1, Code: MIT License) Copyright 2024 Fonticons, Inc. --><\/p>\n<h6 style=\"text-align: center;\"><strong>Your expert for medical device testing<\/strong><\/h6>\n<p><span style=\"\"><img decoding=\"async\" alt=\"Leitender Pr\u00fcfingenieur des Testlabors f\u00fcr Medizinger\u00e4te Tests\" data-id=\"10890\" width=\"350\" data-init-width=\"600\" height=\"467\" data-init-height=\"800\" title=\"Stefan Heinrich Test Lab Manager\" loading=\"lazy\" src=\"https:\/\/medtech-ingenieur.de\/wp-content\/uploads\/2025\/07\/Stefan-Heinrich-Test-Lab.png\" data-width=\"350\" data-height=\"467\" style=\"aspect-ratio: auto 600 \/ 800;\" mt-d=\"-2.437000000000012\" ml-d=\"0\" mt-m=\"-7.6089999999999804\" ml-m=\"0\"\/><\/span><\/p>\n<h6 style=\"text-align: center;\"><strong><span style=\"font-size: 24px !important;\">Stefan Heinrich<\/span><\/strong><br \/><strong><span style=\"font-size: 16px !important;\">Head of TestLab &amp; Hardware Developer<\/span><\/strong><br \/><strong><span style=\"font-size: 16px !important;\">at MEDtech Engineer<\/span><\/strong><\/h6>\n<h3 style=\"text-align: center;\"><strong>Your product in the TestLab:<br \/>We put everything through its paces<\/strong><\/h3>\n<h6 style=\"text-align: center;\">Contact us &amp; non-binding inquiries<\/h6>","protected":false},"excerpt":{"rendered":"<p>TestLab f\u00fcr Medizinger\u00e4te Entwicklungsbegleitende Tests f\u00fcr Medizinprodukte \u2013 schnell, praxisnah, normgerecht. So kommen Sie mit Ihrer Medizintechnik sicher und schneller zur Marktreife. Sie m\u00f6chten Ihr Medizinger\u00e4t w\u00e4hrend der Entwicklung testen? Oder ein neues Medizinprodukt auf den Markt bringen? \u2013 Aber&#8230; Ihnen fehlen Kapazit\u00e4ten &#8211; Sei es Fachwissen, Personal oder Equipment (Klimaschr\u00e4nke, ESD-Kammern und kalibrierte Messger\u00e4te)? [&hellip;]<\/p>\n","protected":false},"author":39,"featured_media":11464,"parent":0,"menu_order":0,"comment_status":"closed","ping_status":"closed","template":"","meta":{"footnotes":""},"class_list":["post-10882","page","type-page","status-publish","has-post-thumbnail","hentry","post-wrapper","thrv_wrapper"],"yoast_head":"<!-- This site is optimized with the Yoast SEO plugin v27.4 - https:\/\/yoast.com\/product\/yoast-seo-wordpress\/ -->\n<title>MEDtech Testlab - Entwicklungstest f\u00fcr Medizinger\u00e4te - MEDtech Ingenieur GmbH<\/title>\n<meta name=\"description\" content=\"Im TestLab k\u00f6nnen Sie als Hersteller Entwicklungstests f\u00fcr Medizinger\u00e4te als punktuelle Unterst\u00fctzung oder Entwicklungsbegleitend erhalten.\" \/>\n<meta name=\"robots\" content=\"index, follow, max-snippet:-1, max-image-preview:large, max-video-preview:-1\" \/>\n<link rel=\"canonical\" href=\"https:\/\/medtech-ingenieur.de\/en\/entwicklungstest-fuer-medizingeraete\/\" \/>\n<meta property=\"og:locale\" content=\"en_US\" \/>\n<meta property=\"og:type\" content=\"article\" \/>\n<meta property=\"og:title\" content=\"MEDtech Testlab - Entwicklungstest f\u00fcr Medizinger\u00e4te - MEDtech Ingenieur GmbH\" \/>\n<meta property=\"og:description\" content=\"Im TestLab k\u00f6nnen Sie als Hersteller Entwicklungstests f\u00fcr Medizinger\u00e4te als punktuelle Unterst\u00fctzung oder Entwicklungsbegleitend erhalten.\" \/>\n<meta property=\"og:url\" content=\"https:\/\/medtech-ingenieur.de\/en\/entwicklungstest-fuer-medizingeraete\/\" \/>\n<meta property=\"og:site_name\" content=\"MEDtech Ingenieur GmbH\" \/>\n<meta property=\"article:publisher\" content=\"https:\/\/www.facebook.com\/medtechIngenieur\" \/>\n<meta property=\"article:modified_time\" content=\"2026-03-16T12:12:07+00:00\" \/>\n<meta property=\"og:image\" content=\"https:\/\/medtech-ingenieur.de\/wp-content\/uploads\/2025\/07\/13-1024x546.png\" \/>\n\t<meta property=\"og:image:width\" content=\"1024\" \/>\n\t<meta property=\"og:image:height\" content=\"546\" \/>\n\t<meta property=\"og:image:type\" content=\"image\/png\" \/>\n<meta name=\"twitter:card\" content=\"summary_large_image\" \/>\n<meta name=\"twitter:site\" content=\"@MedtechIng\" \/>\n<meta name=\"twitter:label1\" content=\"Est. reading time\" \/>\n\t<meta name=\"twitter:data1\" content=\"6 minutes\" \/>\n<script type=\"application\/ld+json\" class=\"yoast-schema-graph\">{\"@context\":\"https:\\\/\\\/schema.org\",\"@graph\":[{\"@type\":\"WebPage\",\"@id\":\"https:\\\/\\\/medtech-ingenieur.de\\\/entwicklungstest-fuer-medizingeraete\\\/\",\"url\":\"https:\\\/\\\/medtech-ingenieur.de\\\/entwicklungstest-fuer-medizingeraete\\\/\",\"name\":\"MEDtech Testlab - Entwicklungstest f\u00fcr Medizinger\u00e4te - MEDtech Ingenieur GmbH\",\"isPartOf\":{\"@id\":\"https:\\\/\\\/medtech-ingenieur.de\\\/#website\"},\"primaryImageOfPage\":{\"@id\":\"https:\\\/\\\/medtech-ingenieur.de\\\/entwicklungstest-fuer-medizingeraete\\\/#primaryimage\"},\"image\":{\"@id\":\"https:\\\/\\\/medtech-ingenieur.de\\\/entwicklungstest-fuer-medizingeraete\\\/#primaryimage\"},\"thumbnailUrl\":\"https:\\\/\\\/medtech-ingenieur.de\\\/wp-content\\\/uploads\\\/2025\\\/07\\\/13.png\",\"datePublished\":\"2025-08-28T12:35:47+00:00\",\"dateModified\":\"2026-03-16T12:12:07+00:00\",\"description\":\"Im TestLab k\u00f6nnen Sie als Hersteller Entwicklungstests f\u00fcr Medizinger\u00e4te als punktuelle Unterst\u00fctzung oder Entwicklungsbegleitend erhalten.\",\"breadcrumb\":{\"@id\":\"https:\\\/\\\/medtech-ingenieur.de\\\/entwicklungstest-fuer-medizingeraete\\\/#breadcrumb\"},\"inLanguage\":\"en-US\",\"potentialAction\":[{\"@type\":\"ReadAction\",\"target\":[\"https:\\\/\\\/medtech-ingenieur.de\\\/entwicklungstest-fuer-medizingeraete\\\/\"]}]},{\"@type\":\"ImageObject\",\"inLanguage\":\"en-US\",\"@id\":\"https:\\\/\\\/medtech-ingenieur.de\\\/entwicklungstest-fuer-medizingeraete\\\/#primaryimage\",\"url\":\"https:\\\/\\\/medtech-ingenieur.de\\\/wp-content\\\/uploads\\\/2025\\\/07\\\/13.png\",\"contentUrl\":\"https:\\\/\\\/medtech-ingenieur.de\\\/wp-content\\\/uploads\\\/2025\\\/07\\\/13.png\",\"width\":1500,\"height\":800,\"caption\":\"Ein Elektroingenieur des MEDtech TestLab w\u00e4hrend er ein Medizinger\u00e4t testet\"},{\"@type\":\"BreadcrumbList\",\"@id\":\"https:\\\/\\\/medtech-ingenieur.de\\\/entwicklungstest-fuer-medizingeraete\\\/#breadcrumb\",\"itemListElement\":[{\"@type\":\"ListItem\",\"position\":1,\"name\":\"Startseite\",\"item\":\"https:\\\/\\\/medtech-ingenieur.de\\\/\"},{\"@type\":\"ListItem\",\"position\":2,\"name\":\"MEDtech Testlab &#8211; Entwicklungstest f\u00fcr Medizinger\u00e4te\"}]},{\"@type\":\"WebSite\",\"@id\":\"https:\\\/\\\/medtech-ingenieur.de\\\/#website\",\"url\":\"https:\\\/\\\/medtech-ingenieur.de\\\/\",\"name\":\"MEDtech Ingenieur GmbH\",\"description\":\"Ingenieursdienstleister f\u00fcr Medizintechnik\",\"publisher\":{\"@id\":\"https:\\\/\\\/medtech-ingenieur.de\\\/#organization\"},\"alternateName\":\"MEDtech\",\"potentialAction\":[{\"@type\":\"SearchAction\",\"target\":{\"@type\":\"EntryPoint\",\"urlTemplate\":\"https:\\\/\\\/medtech-ingenieur.de\\\/?s={search_term_string}\"},\"query-input\":{\"@type\":\"PropertyValueSpecification\",\"valueRequired\":true,\"valueName\":\"search_term_string\"}}],\"inLanguage\":\"en-US\"},{\"@type\":\"Organization\",\"@id\":\"https:\\\/\\\/medtech-ingenieur.de\\\/#organization\",\"name\":\"MEDtech Ingenieur\",\"alternateName\":\"MEDtech\",\"url\":\"https:\\\/\\\/medtech-ingenieur.de\\\/\",\"logo\":{\"@type\":\"ImageObject\",\"inLanguage\":\"en-US\",\"@id\":\"https:\\\/\\\/medtech-ingenieur.de\\\/#\\\/schema\\\/logo\\\/image\\\/\",\"url\":\"https:\\\/\\\/medtech-ingenieur.de\\\/wp-content\\\/uploads\\\/2024\\\/01\\\/logo-700x700-1.png\",\"contentUrl\":\"https:\\\/\\\/medtech-ingenieur.de\\\/wp-content\\\/uploads\\\/2024\\\/01\\\/logo-700x700-1.png\",\"width\":700,\"height\":700,\"caption\":\"MEDtech Ingenieur\"},\"image\":{\"@id\":\"https:\\\/\\\/medtech-ingenieur.de\\\/#\\\/schema\\\/logo\\\/image\\\/\"},\"sameAs\":[\"https:\\\/\\\/www.facebook.com\\\/medtechIngenieur\",\"https:\\\/\\\/x.com\\\/MedtechIng\",\"https:\\\/\\\/www.instagram.com\\\/medtech.ingenieure\\\/\",\"https:\\\/\\\/www.linkedin.com\\\/company\\\/37871229\\\/\"]}]}<\/script>\n<!-- \/ Yoast SEO plugin. -->","yoast_head_json":{"title":"MEDtech Testlab - Development testing for medical devices - MEDtech Ingenieur GmbH","description":"At TestLab, manufacturers can receive development tests for medical devices as targeted support or as part of the ongoing development process.","robots":{"index":"index","follow":"follow","max-snippet":"max-snippet:-1","max-image-preview":"max-image-preview:large","max-video-preview":"max-video-preview:-1"},"canonical":"https:\/\/medtech-ingenieur.de\/en\/entwicklungstest-fuer-medizingeraete\/","og_locale":"en_US","og_type":"article","og_title":"MEDtech Testlab - Entwicklungstest f\u00fcr Medizinger\u00e4te - MEDtech Ingenieur GmbH","og_description":"Im TestLab k\u00f6nnen Sie als Hersteller Entwicklungstests f\u00fcr Medizinger\u00e4te als punktuelle Unterst\u00fctzung oder Entwicklungsbegleitend erhalten.","og_url":"https:\/\/medtech-ingenieur.de\/en\/entwicklungstest-fuer-medizingeraete\/","og_site_name":"MEDtech Ingenieur GmbH","article_publisher":"https:\/\/www.facebook.com\/medtechIngenieur","article_modified_time":"2026-03-16T12:12:07+00:00","og_image":[{"width":1024,"height":546,"url":"https:\/\/medtech-ingenieur.de\/wp-content\/uploads\/2025\/07\/13-1024x546.png","type":"image\/png"}],"twitter_card":"summary_large_image","twitter_site":"@MedtechIng","twitter_misc":{"Est. reading time":"6 minutes"},"schema":{"@context":"https:\/\/schema.org","@graph":[{"@type":"WebPage","@id":"https:\/\/medtech-ingenieur.de\/entwicklungstest-fuer-medizingeraete\/","url":"https:\/\/medtech-ingenieur.de\/entwicklungstest-fuer-medizingeraete\/","name":"MEDtech Testlab - Development testing for medical devices - MEDtech Ingenieur GmbH","isPartOf":{"@id":"https:\/\/medtech-ingenieur.de\/#website"},"primaryImageOfPage":{"@id":"https:\/\/medtech-ingenieur.de\/entwicklungstest-fuer-medizingeraete\/#primaryimage"},"image":{"@id":"https:\/\/medtech-ingenieur.de\/entwicklungstest-fuer-medizingeraete\/#primaryimage"},"thumbnailUrl":"https:\/\/medtech-ingenieur.de\/wp-content\/uploads\/2025\/07\/13.png","datePublished":"2025-08-28T12:35:47+00:00","dateModified":"2026-03-16T12:12:07+00:00","description":"At TestLab, manufacturers can receive development tests for medical devices as targeted support or as part of the ongoing development process.","breadcrumb":{"@id":"https:\/\/medtech-ingenieur.de\/entwicklungstest-fuer-medizingeraete\/#breadcrumb"},"inLanguage":"en-US","potentialAction":[{"@type":"ReadAction","target":["https:\/\/medtech-ingenieur.de\/entwicklungstest-fuer-medizingeraete\/"]}]},{"@type":"ImageObject","inLanguage":"en-US","@id":"https:\/\/medtech-ingenieur.de\/entwicklungstest-fuer-medizingeraete\/#primaryimage","url":"https:\/\/medtech-ingenieur.de\/wp-content\/uploads\/2025\/07\/13.png","contentUrl":"https:\/\/medtech-ingenieur.de\/wp-content\/uploads\/2025\/07\/13.png","width":1500,"height":800,"caption":"Ein Elektroingenieur des MEDtech TestLab w\u00e4hrend er ein Medizinger\u00e4t testet"},{"@type":"BreadcrumbList","@id":"https:\/\/medtech-ingenieur.de\/entwicklungstest-fuer-medizingeraete\/#breadcrumb","itemListElement":[{"@type":"ListItem","position":1,"name":"Startseite","item":"https:\/\/medtech-ingenieur.de\/"},{"@type":"ListItem","position":2,"name":"MEDtech Testlab &#8211; Entwicklungstest f\u00fcr Medizinger\u00e4te"}]},{"@type":"WebSite","@id":"https:\/\/medtech-ingenieur.de\/#website","url":"https:\/\/medtech-ingenieur.de\/","name":"MEDtech Ingenieur GmbH","description":"Engineering service provider for medical technology","publisher":{"@id":"https:\/\/medtech-ingenieur.de\/#organization"},"alternateName":"MEDtech","potentialAction":[{"@type":"SearchAction","target":{"@type":"EntryPoint","urlTemplate":"https:\/\/medtech-ingenieur.de\/?s={search_term_string}"},"query-input":{"@type":"PropertyValueSpecification","valueRequired":true,"valueName":"search_term_string"}}],"inLanguage":"en-US"},{"@type":"Organization","@id":"https:\/\/medtech-ingenieur.de\/#organization","name":"MEDtech Engineer","alternateName":"MEDtech","url":"https:\/\/medtech-ingenieur.de\/","logo":{"@type":"ImageObject","inLanguage":"en-US","@id":"https:\/\/medtech-ingenieur.de\/#\/schema\/logo\/image\/","url":"https:\/\/medtech-ingenieur.de\/wp-content\/uploads\/2024\/01\/logo-700x700-1.png","contentUrl":"https:\/\/medtech-ingenieur.de\/wp-content\/uploads\/2024\/01\/logo-700x700-1.png","width":700,"height":700,"caption":"MEDtech Ingenieur"},"image":{"@id":"https:\/\/medtech-ingenieur.de\/#\/schema\/logo\/image\/"},"sameAs":["https:\/\/www.facebook.com\/medtechIngenieur","https:\/\/x.com\/MedtechIng","https:\/\/www.instagram.com\/medtech.ingenieure\/","https:\/\/www.linkedin.com\/company\/37871229\/"]}]}},"_links":{"self":[{"href":"https:\/\/medtech-ingenieur.de\/en\/wp-json\/wp\/v2\/pages\/10882","targetHints":{"allow":["GET"]}}],"collection":[{"href":"https:\/\/medtech-ingenieur.de\/en\/wp-json\/wp\/v2\/pages"}],"about":[{"href":"https:\/\/medtech-ingenieur.de\/en\/wp-json\/wp\/v2\/types\/page"}],"author":[{"embeddable":true,"href":"https:\/\/medtech-ingenieur.de\/en\/wp-json\/wp\/v2\/users\/39"}],"replies":[{"embeddable":true,"href":"https:\/\/medtech-ingenieur.de\/en\/wp-json\/wp\/v2\/comments?post=10882"}],"version-history":[{"count":637,"href":"https:\/\/medtech-ingenieur.de\/en\/wp-json\/wp\/v2\/pages\/10882\/revisions"}],"predecessor-version":[{"id":13178,"href":"https:\/\/medtech-ingenieur.de\/en\/wp-json\/wp\/v2\/pages\/10882\/revisions\/13178"}],"wp:featuredmedia":[{"embeddable":true,"href":"https:\/\/medtech-ingenieur.de\/en\/wp-json\/wp\/v2\/media\/11464"}],"wp:attachment":[{"href":"https:\/\/medtech-ingenieur.de\/en\/wp-json\/wp\/v2\/media?parent=10882"}],"curies":[{"name":"wp","href":"https:\/\/api.w.org\/{rel}","templated":true}]}}