{"id":10318,"date":"2025-07-15T14:26:57","date_gmt":"2025-07-15T12:26:57","guid":{"rendered":"https:\/\/medtech-ingenieur.de\/?page_id=10318"},"modified":"2025-11-25T12:32:23","modified_gmt":"2025-11-25T11:32:23","slug":"bewegungssensor-zur-ganganalyse","status":"publish","type":"page","link":"https:\/\/medtech-ingenieur.de\/en\/bewegungssensor-zur-ganganalyse\/","title":{"rendered":"Motion sensor for gait analysis"},"content":{"rendered":"<h1 style=\"text-align: center;\"><span><span>Precise gait analysis<\/span><span><\/span><span><\/span><span>e in miniature format<\/span><\/span><\/h1>\n<p style=\"text-align: center;\">Use our high-precision, energy-saving sensor technology as the basis for your individual product solution \u2013 in medical technology, rehabilitation, sports, or research.<\/p>\n<h3 style=\"text-align: left;\">100%<\/h3>\n<p style=\"\">CE compliant<\/p>\n<h3 style=\"text-align: left;\">100%<\/h3>\n<p style=\"text-align: left;\">Customizable<\/p>\n<h3 style=\"text-align: left;\">2000+<\/h3>\n<p style=\"text-align: left;\">Sensors produced<\/p>\n<h3 style=\"text-align: left;\">10+<\/h3>\n<p style=\"text-align: left;\">Engineers involved<\/p>\n<h2 style=\"text-align: center;\">Technical data<\/h2>\n<p style=\"text-align: center;\">Our sensor platform combines high-resolution motion detection with smart connectivity. It features a 16-bit gyroscope, accelerometer, and adjustable sampling rate up to 1024 Hz. Medically certified according to EN 60601 and CE-compliant.<\/p>\n<p>Gyroscope sensor Measuring range: \u00b1125 dps, \u00b1250 dps, \u00b1500 dps, \u00b11000 dps, \u00b12000 dps Resolution: 16 bit Accelerometer Measuring range: \u00b12 g, \u00b14 g, \u00b18 g, \u00b116 g Resolution: 16 bit USB station with USB 2.0 standard for charging and reading EN 60601-1, EN 60601-1-11, EN 60601-1-2 and CE compliant Adjustable sampling rate 0 \u2013 1024 Hz<!--! Font Awesome Free 6.7.1 by @fontawesome - https:\/\/fontawesome.com License - https:\/\/fontawesome.com\/license\/free (Icons: CC BY 4.0, Fonts: SIL OFL 1.1, Code: MIT License) Copyright 2024 Fonticons, Inc. -->Bluetooth low energy interface<!--! Font Awesome Free 6.7.1 by @fontawesome - https:\/\/fontawesome.com License - https:\/\/fontawesome.com\/license\/free (Icons: CC BY 4.0, Fonts: SIL OFL 1.1, Code: MIT License) Copyright 2024 Fonticons, Inc. -->Weighing less than 25g, 500MB internal storage for data logging<\/p>\n<h2>What is our sensor intended for?<\/h2>\n<h6 style=\"\"><strong><\/strong><strong>Medical Technology &amp; Rehabilitation<\/strong><\/h6>\n<p style=\"\">Gait pattern tracking, fall prevention, neuro-rehabilitation<\/p>\n<h6 style=\"\"><strong><\/strong><strong>Research &amp; Study Centers<\/strong><\/h6>\n<p style=\"\">Reliable measurement data, objective movement evaluation<\/p>\n<h6 style=\"\"><strong>Sports science &amp; performance diagnostics<\/strong><\/h6>\n<p style=\"\">Running analysis, training control, feedback systems<\/p>\n<h6 style=\"\"><strong>Wearables &amp; health products<\/strong><\/h6>\n<p style=\"\">Mobile solutions based on medical sensors<\/p>\n<h2 style=\"text-align: center;\">This is what our customers do with the sensor<\/h2>\n<h3 style=\"text-align: center;\"><span><strong>Body-<\/strong><\/span><span style=\"--tcb-applied-color: rgb(255, 255, 255) !important; color: rgb(255, 255, 255) !important;\"><strong>Detect misalignments<\/strong><\/span><\/h3>\n<ul>\n<li style=\"\"><span><span>Determining the step size<\/span><\/span><\/li>\n<li style=\"\"><span><span><span>Determination of gait quality<\/span><\/span><\/span><\/li>\n<li style=\"\"><span><span><span>Identification of pain causes<\/span><\/span><\/span><\/li>\n<li style=\"\"><span><span><span>Determination of running performance<\/span><\/span><\/span><\/li>\n<li style=\"\"><span>Identification of incorrect loads<\/span><\/li>\n<\/ul>\n<h3 style=\"text-align: center;\"><span style=\"--tcb-applied-color: rgb(255, 255, 255) !important; color: rgb(255, 255, 255) !important;\"><strong><\/strong><strong>Parkinson&#039;s detection<\/strong><\/span><\/h3>\n<ul>\n<li style=\"\"><span>The sensors analyze changes or deviations in the patient&#039;s movement pattern, e.g. due to gait changes, tremors or postural instability<\/span><\/li>\n<li style=\"\"><span><span><span>Automatic data evaluation by an app enables the patient to detect Parkinson\u2019s attacks early and informs nursing staff<\/span><\/span><\/span><\/li>\n<li style=\"\"><span><span><span>App-supported exercise training with evaluation<\/span><\/span><\/span><\/li>\n<li style=\"\"><span><span><span>Transmission of data to the treating physicians for optimized specialist treatment in the hospital<\/span><\/span><\/span><\/li>\n<\/ul>\n<h3 style=\"text-align: center;\"><strong>Not sure if your idea fits our sensor? <\/strong><strong>Let&#039;s talk!<\/strong><\/h3>\n<h2 style=\"\">Our success factors<\/h2>\n<p style=\"\">Why leading MedTech companies develop with us:<\/p>\n<ul>\n<li style=\"\"><span style=\"\"><strong><span style=\"--tcb-applied-color: rgb(0, 0, 0) !important; color: rgb(0, 0, 0) !important;\"><strong><span>17+ years of experience&nbsp;<\/span><\/strong><\/span><\/strong><span style=\"--tcb-applied-color: rgb(0, 0, 0) !important; color: rgb(0, 0, 0) !important;\"><span>in medical technology development<\/span><\/span><\/span><\/li>\n<li style=\"\"><span style=\"\"><strong><span style=\"text-transform: capitalize !important;\"><strong><span style=\"--tcb-applied-color: rgb(0, 0, 0) !important; color: rgb(0, 0, 0) !important;\">Certified processes <\/span><\/strong><\/span><\/strong><span style=\"text-transform: none !important;\"><span style=\"--tcb-applied-color: rgb(0, 0, 0) !important; color: rgb(0, 0, 0) !important;\">according to MDR, ISO 13485 &amp; IEC 60601<\/span><\/span><\/span><\/li>\n<li style=\"\"><span><strong><\/strong><strong><span style=\"--tcb-applied-color: rgb(0, 0, 0) !important; color: rgb(0, 0, 0) !important;\">In-house testing options <\/span><\/strong><span style=\"--tcb-applied-color: rgb(0, 0, 0) !important; color: rgb(0, 0, 0) !important;\">for EMC, functional tests &amp; quality assurance<\/span><\/span><\/li>\n<li style=\"\"><span style=\"\"><strong><\/strong><strong><span style=\"--tcb-applied-color: rgb(0, 0, 0) !important; color: rgb(0, 0, 0) !important;\">Fast &amp; flexible prototype production<\/span><\/strong><\/span><\/li>\n<\/ul>\n<p><span style=\"\"><img decoding=\"async\" alt=\"\" data-id=\"10943\" width=\"600\" data-init-width=\"1707\" height=\"900\" data-init-height=\"2560\" title=\"MEDtech_Dreh2-21\" loading=\"lazy\" src=\"https:\/\/medtech-ingenieur.de\/wp-content\/uploads\/2025\/07\/MEDtech_Dreh2-21-scaled.jpg\" data-width=\"600\" data-height=\"900\" style=\"aspect-ratio: auto 1707 \/ 2560;\" ml-d=\"0\" mt-d=\"-112\" center-h-d=\"true\" center-v-d=\"false\"\/><\/span><\/p>\n<h2 style=\"text-align: center;\">Let\u2019s see if your idea fits our sensor:<\/h2>\n<p><span style=\"\"><img decoding=\"async\" alt=\"\" data-id=\"11151\" width=\"275\" data-init-width=\"1828\" height=\"386\" data-init-height=\"2560\" title=\"Med_Mit-032\" loading=\"lazy\" src=\"https:\/\/medtech-ingenieur.de\/wp-content\/uploads\/2025\/07\/Med_Mit-032-scaled.png\" data-width=\"275\" data-height=\"386\" style=\"aspect-ratio: auto 1828 \/ 2560;\" ml-d=\"0\" mt-d=\"-57.84400000000005\" center-h-d=\"false\" center-v-d=\"false\" mt-m=\"-55\" center-v-m=\"false\" ml-t=\"0\" mt-t=\"0\"\/><\/span><\/p>\n<h4 style=\"text-align: center; color: rgb(255, 255, 255) !important; --tcb-applied-color: rgb(255, 255, 255) !important;\"><strong><span style=\"--tcb-applied-color: rgb(255, 255, 255) !important;\">Goran Madzar<\/span><\/strong><\/h4>\n<p style=\"text-align: center;\"><strong><span style=\"\"><strong><span style=\"\">Managing Director | Systems Engineer<\/span><\/strong><strong><span style=\"\"><\/span><\/strong><\/span><\/strong><\/p>\n<h5 style=\"text-align: center;\"><strong><span style=\"\"><strong>Make contact &amp;&nbsp;<\/strong><\/span><\/strong><strong><span style=\"\"><strong>Start development<\/strong><\/span><\/strong><\/h5>","protected":false},"excerpt":{"rendered":"<p>Pr\u00e4zise Ganganalyse im Miniaturformat Nutzen Sie unsere hochpr\u00e4zise, stromsparende Sensortechnologie als Grundlage f\u00fcr Ihre individuelle Produktl\u00f6sung \u2013 in Medizintechnik, Rehabilitation, Sport oder Forschung. 100% CE-Konform 100% Individualisierbar 2000+ Sensoren produziert 10+ Beteiligte Ingenieure Technische Daten Unsere Sensorplattform kombiniert hochaufl\u00f6sende Bewegungserfassung mit smarter Konnektivit\u00e4t. Mit 16-Bit-Gyroskop, Beschleunigungssensor und einstellbarer Abtastrate bis 1024\u202fHz. Medizinisch zertifiziert nach EN [&hellip;]<\/p>\n","protected":false},"author":48,"featured_media":0,"parent":0,"menu_order":0,"comment_status":"closed","ping_status":"closed","template":"","meta":{"footnotes":""},"class_list":["post-10318","page","type-page","status-publish","hentry","post-wrapper","thrv_wrapper"],"yoast_head":"<!-- This site is optimized with the Yoast SEO plugin v27.4 - https:\/\/yoast.com\/product\/yoast-seo-wordpress\/ -->\n<title>Bewegungssensor zur Ganganalyse - MEDtech Ingenieur GmbH<\/title>\n<meta name=\"robots\" content=\"index, follow, max-snippet:-1, max-image-preview:large, max-video-preview:-1\" \/>\n<link rel=\"canonical\" href=\"https:\/\/medtech-ingenieur.de\/en\/bewegungssensor-zur-ganganalyse\/\" \/>\n<meta property=\"og:locale\" content=\"en_US\" \/>\n<meta property=\"og:type\" content=\"article\" \/>\n<meta property=\"og:title\" content=\"Bewegungssensor zur Ganganalyse - MEDtech Ingenieur GmbH\" \/>\n<meta property=\"og:description\" content=\"Pr\u00e4zise Ganganalyse im Miniaturformat Nutzen Sie unsere hochpr\u00e4zise, stromsparende Sensortechnologie als Grundlage f\u00fcr Ihre individuelle Produktl\u00f6sung \u2013 in Medizintechnik, Rehabilitation, Sport oder Forschung. 100% CE-Konform 100% Individualisierbar 2000+ Sensoren produziert 10+ Beteiligte Ingenieure Technische Daten Unsere Sensorplattform kombiniert hochaufl\u00f6sende Bewegungserfassung mit smarter Konnektivit\u00e4t. Mit 16-Bit-Gyroskop, Beschleunigungssensor und einstellbarer Abtastrate bis 1024\u202fHz. Medizinisch zertifiziert nach EN [&hellip;]\" \/>\n<meta property=\"og:url\" content=\"https:\/\/medtech-ingenieur.de\/en\/bewegungssensor-zur-ganganalyse\/\" \/>\n<meta property=\"og:site_name\" content=\"MEDtech Ingenieur GmbH\" \/>\n<meta property=\"article:publisher\" content=\"https:\/\/www.facebook.com\/medtechIngenieur\" \/>\n<meta property=\"article:modified_time\" content=\"2025-11-25T11:32:23+00:00\" \/>\n<meta property=\"og:image\" content=\"https:\/\/medtech-ingenieur.de\/wp-content\/uploads\/2025\/07\/MEDtech_Dreh2-21-scaled.jpg\" \/>\n<meta name=\"twitter:card\" content=\"summary_large_image\" \/>\n<meta name=\"twitter:site\" content=\"@MedtechIng\" \/>\n<meta name=\"twitter:label1\" content=\"Est. reading time\" \/>\n\t<meta name=\"twitter:data1\" content=\"3 minutes\" \/>\n<script type=\"application\/ld+json\" class=\"yoast-schema-graph\">{\"@context\":\"https:\\\/\\\/schema.org\",\"@graph\":[{\"@type\":\"WebPage\",\"@id\":\"https:\\\/\\\/medtech-ingenieur.de\\\/bewegungssensor-zur-ganganalyse\\\/\",\"url\":\"https:\\\/\\\/medtech-ingenieur.de\\\/bewegungssensor-zur-ganganalyse\\\/\",\"name\":\"Bewegungssensor zur Ganganalyse - MEDtech Ingenieur GmbH\",\"isPartOf\":{\"@id\":\"https:\\\/\\\/medtech-ingenieur.de\\\/#website\"},\"primaryImageOfPage\":{\"@id\":\"https:\\\/\\\/medtech-ingenieur.de\\\/bewegungssensor-zur-ganganalyse\\\/#primaryimage\"},\"image\":{\"@id\":\"https:\\\/\\\/medtech-ingenieur.de\\\/bewegungssensor-zur-ganganalyse\\\/#primaryimage\"},\"thumbnailUrl\":\"https:\\\/\\\/medtech-ingenieur.de\\\/wp-content\\\/uploads\\\/2025\\\/07\\\/MEDtech_Dreh2-21-scaled.jpg\",\"datePublished\":\"2025-07-15T12:26:57+00:00\",\"dateModified\":\"2025-11-25T11:32:23+00:00\",\"breadcrumb\":{\"@id\":\"https:\\\/\\\/medtech-ingenieur.de\\\/bewegungssensor-zur-ganganalyse\\\/#breadcrumb\"},\"inLanguage\":\"en-US\",\"potentialAction\":[{\"@type\":\"ReadAction\",\"target\":[\"https:\\\/\\\/medtech-ingenieur.de\\\/bewegungssensor-zur-ganganalyse\\\/\"]}]},{\"@type\":\"ImageObject\",\"inLanguage\":\"en-US\",\"@id\":\"https:\\\/\\\/medtech-ingenieur.de\\\/bewegungssensor-zur-ganganalyse\\\/#primaryimage\",\"url\":\"https:\\\/\\\/medtech-ingenieur.de\\\/wp-content\\\/uploads\\\/2025\\\/07\\\/MEDtech_Dreh2-21-scaled.jpg\",\"contentUrl\":\"https:\\\/\\\/medtech-ingenieur.de\\\/wp-content\\\/uploads\\\/2025\\\/07\\\/MEDtech_Dreh2-21-scaled.jpg\"},{\"@type\":\"BreadcrumbList\",\"@id\":\"https:\\\/\\\/medtech-ingenieur.de\\\/bewegungssensor-zur-ganganalyse\\\/#breadcrumb\",\"itemListElement\":[{\"@type\":\"ListItem\",\"position\":1,\"name\":\"Startseite\",\"item\":\"https:\\\/\\\/medtech-ingenieur.de\\\/\"},{\"@type\":\"ListItem\",\"position\":2,\"name\":\"Bewegungssensor zur Ganganalyse\"}]},{\"@type\":\"WebSite\",\"@id\":\"https:\\\/\\\/medtech-ingenieur.de\\\/#website\",\"url\":\"https:\\\/\\\/medtech-ingenieur.de\\\/\",\"name\":\"MEDtech Ingenieur GmbH\",\"description\":\"Ingenieursdienstleister f\u00fcr Medizintechnik\",\"publisher\":{\"@id\":\"https:\\\/\\\/medtech-ingenieur.de\\\/#organization\"},\"alternateName\":\"MEDtech\",\"potentialAction\":[{\"@type\":\"SearchAction\",\"target\":{\"@type\":\"EntryPoint\",\"urlTemplate\":\"https:\\\/\\\/medtech-ingenieur.de\\\/?s={search_term_string}\"},\"query-input\":{\"@type\":\"PropertyValueSpecification\",\"valueRequired\":true,\"valueName\":\"search_term_string\"}}],\"inLanguage\":\"en-US\"},{\"@type\":\"Organization\",\"@id\":\"https:\\\/\\\/medtech-ingenieur.de\\\/#organization\",\"name\":\"MEDtech Ingenieur\",\"alternateName\":\"MEDtech\",\"url\":\"https:\\\/\\\/medtech-ingenieur.de\\\/\",\"logo\":{\"@type\":\"ImageObject\",\"inLanguage\":\"en-US\",\"@id\":\"https:\\\/\\\/medtech-ingenieur.de\\\/#\\\/schema\\\/logo\\\/image\\\/\",\"url\":\"https:\\\/\\\/medtech-ingenieur.de\\\/wp-content\\\/uploads\\\/2024\\\/01\\\/logo-700x700-1.png\",\"contentUrl\":\"https:\\\/\\\/medtech-ingenieur.de\\\/wp-content\\\/uploads\\\/2024\\\/01\\\/logo-700x700-1.png\",\"width\":700,\"height\":700,\"caption\":\"MEDtech Ingenieur\"},\"image\":{\"@id\":\"https:\\\/\\\/medtech-ingenieur.de\\\/#\\\/schema\\\/logo\\\/image\\\/\"},\"sameAs\":[\"https:\\\/\\\/www.facebook.com\\\/medtechIngenieur\",\"https:\\\/\\\/x.com\\\/MedtechIng\",\"https:\\\/\\\/www.instagram.com\\\/medtech.ingenieure\\\/\",\"https:\\\/\\\/www.linkedin.com\\\/company\\\/37871229\\\/\"]}]}<\/script>\n<!-- \/ Yoast SEO plugin. -->","yoast_head_json":{"title":"Motion sensor for gait analysis - MEDtech Ingenieur GmbH","robots":{"index":"index","follow":"follow","max-snippet":"max-snippet:-1","max-image-preview":"max-image-preview:large","max-video-preview":"max-video-preview:-1"},"canonical":"https:\/\/medtech-ingenieur.de\/en\/bewegungssensor-zur-ganganalyse\/","og_locale":"en_US","og_type":"article","og_title":"Bewegungssensor zur Ganganalyse - MEDtech Ingenieur GmbH","og_description":"Pr\u00e4zise Ganganalyse im Miniaturformat Nutzen Sie unsere hochpr\u00e4zise, stromsparende Sensortechnologie als Grundlage f\u00fcr Ihre individuelle Produktl\u00f6sung \u2013 in Medizintechnik, Rehabilitation, Sport oder Forschung. 100% CE-Konform 100% Individualisierbar 2000+ Sensoren produziert 10+ Beteiligte Ingenieure Technische Daten Unsere Sensorplattform kombiniert hochaufl\u00f6sende Bewegungserfassung mit smarter Konnektivit\u00e4t. Mit 16-Bit-Gyroskop, Beschleunigungssensor und einstellbarer Abtastrate bis 1024\u202fHz. Medizinisch zertifiziert nach EN [&hellip;]","og_url":"https:\/\/medtech-ingenieur.de\/en\/bewegungssensor-zur-ganganalyse\/","og_site_name":"MEDtech Ingenieur GmbH","article_publisher":"https:\/\/www.facebook.com\/medtechIngenieur","article_modified_time":"2025-11-25T11:32:23+00:00","og_image":[{"url":"https:\/\/medtech-ingenieur.de\/wp-content\/uploads\/2025\/07\/MEDtech_Dreh2-21-scaled.jpg","type":"","width":"","height":""}],"twitter_card":"summary_large_image","twitter_site":"@MedtechIng","twitter_misc":{"Est. reading time":"3 minutes"},"schema":{"@context":"https:\/\/schema.org","@graph":[{"@type":"WebPage","@id":"https:\/\/medtech-ingenieur.de\/bewegungssensor-zur-ganganalyse\/","url":"https:\/\/medtech-ingenieur.de\/bewegungssensor-zur-ganganalyse\/","name":"Motion sensor for gait analysis - MEDtech Ingenieur GmbH","isPartOf":{"@id":"https:\/\/medtech-ingenieur.de\/#website"},"primaryImageOfPage":{"@id":"https:\/\/medtech-ingenieur.de\/bewegungssensor-zur-ganganalyse\/#primaryimage"},"image":{"@id":"https:\/\/medtech-ingenieur.de\/bewegungssensor-zur-ganganalyse\/#primaryimage"},"thumbnailUrl":"https:\/\/medtech-ingenieur.de\/wp-content\/uploads\/2025\/07\/MEDtech_Dreh2-21-scaled.jpg","datePublished":"2025-07-15T12:26:57+00:00","dateModified":"2025-11-25T11:32:23+00:00","breadcrumb":{"@id":"https:\/\/medtech-ingenieur.de\/bewegungssensor-zur-ganganalyse\/#breadcrumb"},"inLanguage":"en-US","potentialAction":[{"@type":"ReadAction","target":["https:\/\/medtech-ingenieur.de\/bewegungssensor-zur-ganganalyse\/"]}]},{"@type":"ImageObject","inLanguage":"en-US","@id":"https:\/\/medtech-ingenieur.de\/bewegungssensor-zur-ganganalyse\/#primaryimage","url":"https:\/\/medtech-ingenieur.de\/wp-content\/uploads\/2025\/07\/MEDtech_Dreh2-21-scaled.jpg","contentUrl":"https:\/\/medtech-ingenieur.de\/wp-content\/uploads\/2025\/07\/MEDtech_Dreh2-21-scaled.jpg"},{"@type":"BreadcrumbList","@id":"https:\/\/medtech-ingenieur.de\/bewegungssensor-zur-ganganalyse\/#breadcrumb","itemListElement":[{"@type":"ListItem","position":1,"name":"Startseite","item":"https:\/\/medtech-ingenieur.de\/"},{"@type":"ListItem","position":2,"name":"Bewegungssensor zur Ganganalyse"}]},{"@type":"WebSite","@id":"https:\/\/medtech-ingenieur.de\/#website","url":"https:\/\/medtech-ingenieur.de\/","name":"MEDtech Ingenieur GmbH","description":"Engineering service provider for medical technology","publisher":{"@id":"https:\/\/medtech-ingenieur.de\/#organization"},"alternateName":"MEDtech","potentialAction":[{"@type":"SearchAction","target":{"@type":"EntryPoint","urlTemplate":"https:\/\/medtech-ingenieur.de\/?s={search_term_string}"},"query-input":{"@type":"PropertyValueSpecification","valueRequired":true,"valueName":"search_term_string"}}],"inLanguage":"en-US"},{"@type":"Organization","@id":"https:\/\/medtech-ingenieur.de\/#organization","name":"MEDtech Engineer","alternateName":"MEDtech","url":"https:\/\/medtech-ingenieur.de\/","logo":{"@type":"ImageObject","inLanguage":"en-US","@id":"https:\/\/medtech-ingenieur.de\/#\/schema\/logo\/image\/","url":"https:\/\/medtech-ingenieur.de\/wp-content\/uploads\/2024\/01\/logo-700x700-1.png","contentUrl":"https:\/\/medtech-ingenieur.de\/wp-content\/uploads\/2024\/01\/logo-700x700-1.png","width":700,"height":700,"caption":"MEDtech Ingenieur"},"image":{"@id":"https:\/\/medtech-ingenieur.de\/#\/schema\/logo\/image\/"},"sameAs":["https:\/\/www.facebook.com\/medtechIngenieur","https:\/\/x.com\/MedtechIng","https:\/\/www.instagram.com\/medtech.ingenieure\/","https:\/\/www.linkedin.com\/company\/37871229\/"]}]}},"_links":{"self":[{"href":"https:\/\/medtech-ingenieur.de\/en\/wp-json\/wp\/v2\/pages\/10318","targetHints":{"allow":["GET"]}}],"collection":[{"href":"https:\/\/medtech-ingenieur.de\/en\/wp-json\/wp\/v2\/pages"}],"about":[{"href":"https:\/\/medtech-ingenieur.de\/en\/wp-json\/wp\/v2\/types\/page"}],"author":[{"embeddable":true,"href":"https:\/\/medtech-ingenieur.de\/en\/wp-json\/wp\/v2\/users\/48"}],"replies":[{"embeddable":true,"href":"https:\/\/medtech-ingenieur.de\/en\/wp-json\/wp\/v2\/comments?post=10318"}],"version-history":[{"count":40,"href":"https:\/\/medtech-ingenieur.de\/en\/wp-json\/wp\/v2\/pages\/10318\/revisions"}],"predecessor-version":[{"id":12568,"href":"https:\/\/medtech-ingenieur.de\/en\/wp-json\/wp\/v2\/pages\/10318\/revisions\/12568"}],"wp:attachment":[{"href":"https:\/\/medtech-ingenieur.de\/en\/wp-json\/wp\/v2\/media?parent=10318"}],"curies":[{"name":"wp","href":"https:\/\/api.w.org\/{rel}","templated":true}]}}