{"id":10288,"date":"2025-09-19T11:28:36","date_gmt":"2025-09-19T09:28:36","guid":{"rendered":"https:\/\/medtech-ingenieur.de\/?page_id=10288"},"modified":"2025-12-12T13:10:19","modified_gmt":"2025-12-12T12:10:19","slug":"eda-sensor","status":"publish","type":"page","link":"https:\/\/medtech-ingenieur.de\/en\/eda-sensor\/","title":{"rendered":"EDA (Electrodermal Activity) sensor"},"content":{"rendered":"<h1 style=\"text-align: center;\"><span><span><span>EDA sensors for precision measurement in medicine and research<\/span>ng<\/span><\/span><\/h1>\n<h1 style=\"text-align: center;\"><span style=\"\"><span style=\"\"><span style=\"\">EDA sensors for precision measurement in medicine and research<\/span>ng<\/span><\/span><\/h1>\n<p style=\"text-align: center;\">From medical diagnostics to wearables: Mobile recording of electrodermal activity with diverse application possibilities and great user-friendliness.<\/p>\n<h3 style=\"text-align: left;\">100%<\/h3>\n<p style=\"\">CE-Ready<\/p>\n<h3 style=\"text-align: left;\">100%<\/h3>\n<p style=\"text-align: left;\">Customizable<\/p>\n<h3 style=\"text-align: left;\">48+<\/h3>\n<p style=\"text-align: center;\">Hours of battery life<\/p>\n<h3 style=\"text-align: left;\">10+<\/h3>\n<p style=\"text-align: center;\">Engineers involved<\/p>\n<h2 style=\"\"><strong>Areas of application<\/strong><\/h2>\n<p data-pm-slice=\"0 0 []\" style=\"text-align: justify;\">Our EDA sensor can be used in stress and emotion monitoring, sleep analysis, wearables for fitness tracking, or market research. The sensor platform can be individually programmed for a wide variety of medical products.<\/p>\n<p style=\"text-align: center;\"><span style=\"--tcb-text-highlight-color: transparent !important;\">Stress and emotion monitoring<\/span><\/p>\n<p style=\"text-align: center;\"><span style=\"--tcb-text-highlight-color: transparent !important;\">Health and <\/span><span style=\"--tcb-text-highlight-color: transparent !important;\">Fitness tracking<\/span><\/p>\n<p style=\"text-align: center;\"><span style=\"--tcb-text-highlight-color: transparent !important;\">Sleep monitoring<\/span><\/p>\n<p style=\"text-align: center;\"><span style=\"--tcb-text-highlight-color: transparent !important;\">Market research and user testing<\/span><\/p>\n<h2 style=\"text-align: left;\"><strong>Precise EDA measurement in miniature format<\/strong><\/h2>\n<p style=\"text-align: justify;\">Our compact sensor board enables high-resolution measurements of electrodermal activity (EDA) \u2013 a direct indicator of emotional and physiological states. Featuring state-of-the-art technology, millisecond data logging, and wireless transmission via Bluetooth, it&#039;s ideal for applications in research, healthcare, and wearables. Thanks to EN 60601-1 compliance, it&#039;s also suitable for use in medical settings.<\/p>\n<h2 style=\"text-align: center;\">Technical data<\/h2>\n<p style=\"text-align: justify;\">Our compact measurement electronics combine high precision with an energy-efficient design. They offer 14-bit resolution, millisecond data logging, and wireless connectivity \u2013 all packaged in a robust, medically certified format.<\/p>\n<p>Measuring range 2-100 \u00b5S, 14-bit resolution, battery-operated, runtime &gt; 48 h, EN 60601-1 compliant<!--! Font Awesome Free 6.7.1 by @fontawesome - https:\/\/fontawesome.com License - https:\/\/fontawesome.com\/license\/free (Icons: CC BY 4.0, Fonts: SIL OFL 1.1, Code: MIT License) Copyright 2024 Fonticons, Inc. -->Bluetooth Low Energy interface; data logging with 1 ms resolution<!--! Font Awesome Free 6.7.1 by @fontawesome - https:\/\/fontawesome.com License - https:\/\/fontawesome.com\/license\/free (Icons: CC BY 4.0, Fonts: SIL OFL 1.1, Code: MIT License) Copyright 2024 Fonticons, Inc. -->Log data in CSV format for analysis and further processing; USB station for loading and reading log data<\/p>\n<h2 style=\"text-align: left;\"><strong>Evaluation of EDA analysis data via app<\/strong><\/h2>\n<p style=\"text-align: justify;\">The associated Android app allows the recorded EDA data to be visualized and analyzed in real time.<\/p>\n<p style=\"text-align: justify;\">Users gain direct insight into trends and changes in skin conductivity \u2013 clearly presented and exportable in CSV format. The app supports both live data transmission via Bluetooth and the reading of stored log data. This makes the interpretation of physiological reactions simple, mobile, and flexible.<\/p>\n<p><span style=\"\"><img decoding=\"async\" alt=\"\" data-id=\"11483\" width=\"523\" data-init-width=\"1350\" height=\"418\" data-init-height=\"1080\" title=\"SoMe Portrait (5)\" loading=\"lazy\" src=\"https:\/\/medtech-ingenieur.de\/wp-content\/uploads\/2025\/07\/SoMe-Hochkant-5.png\" data-width=\"523\" data-height=\"418\" style=\"aspect-ratio: auto 1350 \/ 1080;\" ml-m=\"0\" mt-m=\"0\"\/><\/span><\/p>\n<h2 style=\"\"><strong>Advantages of the sensor<\/strong><\/h2>\n<h3 style=\"text-align: center;\">\u2013 From your idea to the product \u2013 Start with our EDA sensor<\/h3>\n<h2 style=\"text-align: center;\"><strong><span style=\"\">References<\/span><\/strong><\/h2>\n<p><span><a href=\"https:\/\/mri.tum.de\/de\" target=\"_blank\"><img decoding=\"async\" alt=\"\" data-id=\"10520\" width=\"292\" data-init-width=\"2560\" height=\"130\" data-init-height=\"1140\" title=\"2560px-Klinikum_rechts_der_Isar_logo.svg\" loading=\"lazy\" src=\"https:\/\/medtech-ingenieur.de\/wp-content\/uploads\/2025\/06\/2560px-Klinikum_rechts_der_Isar_logo.svg.png\" data-width=\"292\" data-height=\"130\" style=\"aspect-ratio: auto 2560 \/ 1140;\" data-link-wrap=\"true\"\/><\/a><\/span><\/p>\n<p style=\"\"><em>\u201e&quot;As part of a study, I was provided with a prototype of the EDA sensor. The use of the wearable and the associated app proved to be clearly structured and extremely user-friendly. The measurement results were easily accessible and presented in a clear and concise manner.&quot;.<\/em><\/p>\n<p style=\"\"><em>The technical specifications were also impressive: The battery life proved to be reliably long, and the charging process was straightforward. The measured values largely correlated with those of an established EDA measuring device, indicating the prototype&#039;s high precision.<\/em><\/p>\n<p style=\"\"><em>The test subjects found wearing the wearable comfortable; the majority were open to using the sensor in everyday life.<\/em><\/p>\n<p style=\"\"><em>Overall, this is a very user-friendly wearable with solid technical performance and valid measurement results, leaving a promising impression.\u201c<\/em><\/p>\n<h4 style=\"text-align: center;\"><strong>\u2013 TU Munich Clinic<\/strong><\/h4>\n<p><!--! Font Awesome Free 6.7.1 by @fontawesome - https:\/\/fontawesome.com License - https:\/\/fontawesome.com\/license\/free (Icons: CC BY 4.0, Fonts: SIL OFL 1.1, Code: MIT License) Copyright 2024 Fonticons, Inc. --><\/p>\n<h6 style=\"text-align: center;\"><strong>Your expert for Electrodermal Activity<\/strong><\/h6>\n<p><span style=\"\"><img decoding=\"async\" alt=\"\" data-id=\"10644\" width=\"350\" data-init-width=\"600\" height=\"467\" data-init-height=\"800\" title=\"Protait Martin Bosch\" loading=\"lazy\" src=\"https:\/\/medtech-ingenieur.de\/wp-content\/uploads\/2025\/06\/Protait-Martin-Bosch.png\" data-width=\"350\" data-height=\"467\" style=\"aspect-ratio: auto 600 \/ 800;\" mt-d=\"0\" ml-d=\"0\"\/><\/span><\/p>\n<h6 style=\"text-align: center;\"><strong><span style=\"font-size: 24px !important;\">Martin Bosch<\/span><\/strong><strong><span style=\"font-size: 16px !important;\">Managing Director &amp; Hardware Developer<\/span><\/strong><strong><span style=\"font-size: 16px !important;\">at MEDtech Engineer<\/span><\/strong><\/h6>\n<h3 style=\"text-align: center;\"><strong>From your idea to the product: Start with our EDA sensor<\/strong><\/h3>\n<h6 style=\"text-align: center;\">Contact us &amp; start development<\/h6>\n<p style=\"text-align: center;\">Developed in collaboration with\u2026<\/p>\n<p><span><a href=\"https:\/\/www.bmftr.bund.de\/DE\/Home\/home_node.html\" target=\"_blank\"><img decoding=\"async\" alt=\"\" data-id=\"11150\" width=\"232\" data-init-width=\"850\" height=\"155\" data-init-height=\"567\" title=\"BMFTR_de_Web_RGB_gef_durch\" loading=\"lazy\" src=\"https:\/\/medtech-ingenieur.de\/wp-content\/uploads\/2025\/07\/BMFTR_de_Web_RGB_gef_durch.jpg\" data-width=\"232\" data-height=\"155\" style=\"aspect-ratio: auto 850 \/ 567;\" data-link-wrap=\"true\"\/><\/a><\/span><span style=\"\"><a href=\"https:\/\/www.mri.tum.de\/de\" target=\"_blank\"><img decoding=\"async\" alt=\"\" data-id=\"10520\" width=\"250\" data-init-width=\"2560\" height=\"111\" data-init-height=\"1140\" title=\"2560px-Klinikum_rechts_der_Isar_logo.svg\" loading=\"lazy\" src=\"https:\/\/medtech-ingenieur.de\/wp-content\/uploads\/2025\/06\/2560px-Klinikum_rechts_der_Isar_logo.svg.png\" data-width=\"250\" data-height=\"111\" style=\"aspect-ratio: auto 2560 \/ 1140;\" data-link-wrap=\"true\" mt-d=\"0\" ml-d=\"0\"\/><\/a><\/span><\/p>","protected":false},"excerpt":{"rendered":"<p>EDA-Sensoren f\u00fcr Pr\u00e4zisionsmessung in Medizin und Forschung EDA-Sensoren f\u00fcr Pr\u00e4zisionsmessung in Medizin und Forschung Von medizinischer Diagnostik bis Wearables: Mobile Erfassung elektrodermaler Aktivit\u00e4t mit vielf\u00e4ltigen Anwendungsm\u00f6glichkeiten und gro\u00dfer Benutzerfreundlichkeit. 100% CE-Ready 100% Individualisierbar 48+ Stunden Akkulaufzeit 10+ Beteiligte Ingenieure Anwendungsbereiche Unser EDA-Sensor kann im Bereich der Stress- und Emotions\u00fcberwachung, der Schlafanalyse, f\u00fcr Wearables im Fitness-Tracking [&hellip;]<\/p>\n","protected":false},"author":39,"featured_media":0,"parent":0,"menu_order":0,"comment_status":"closed","ping_status":"closed","template":"","meta":{"footnotes":""},"class_list":["post-10288","page","type-page","status-publish","hentry","post-wrapper","thrv_wrapper"],"yoast_head":"<!-- This site is optimized with the Yoast SEO plugin v27.4 - https:\/\/yoast.com\/product\/yoast-seo-wordpress\/ -->\n<title>EDA (Electrodermal Activity) Sensor - MEDtech Ingenieur GmbH<\/title>\n<meta name=\"description\" content=\"Entdecken Sie unseren EDA-Sensor zur pr\u00e4zisen Messung der elektrodermalen Aktivit\u00e4t \u2013 entwickelt f\u00fcr Forschung &amp; medizinische Anwendungen\" \/>\n<meta name=\"robots\" content=\"index, follow, max-snippet:-1, max-image-preview:large, max-video-preview:-1\" \/>\n<link rel=\"canonical\" href=\"https:\/\/medtech-ingenieur.de\/en\/eda-sensor\/\" \/>\n<meta property=\"og:locale\" content=\"en_US\" \/>\n<meta property=\"og:type\" content=\"article\" \/>\n<meta property=\"og:title\" content=\"EDA (Electrodermal Activity) Sensor - MEDtech Ingenieur GmbH\" \/>\n<meta property=\"og:description\" content=\"Entdecken Sie unseren EDA-Sensor zur pr\u00e4zisen Messung der elektrodermalen Aktivit\u00e4t \u2013 entwickelt f\u00fcr Forschung &amp; medizinische Anwendungen\" \/>\n<meta property=\"og:url\" content=\"https:\/\/medtech-ingenieur.de\/en\/eda-sensor\/\" \/>\n<meta property=\"og:site_name\" content=\"MEDtech Ingenieur GmbH\" \/>\n<meta property=\"article:publisher\" content=\"https:\/\/www.facebook.com\/medtechIngenieur\" \/>\n<meta property=\"article:modified_time\" content=\"2025-12-12T12:10:19+00:00\" \/>\n<meta property=\"og:image\" content=\"https:\/\/medtech-ingenieur.de\/wp-content\/uploads\/2025\/07\/SoMe-Hochkant-5.png\" \/>\n<meta name=\"twitter:card\" content=\"summary_large_image\" \/>\n<meta name=\"twitter:site\" content=\"@MedtechIng\" \/>\n<meta name=\"twitter:label1\" content=\"Est. reading time\" \/>\n\t<meta name=\"twitter:data1\" content=\"5 minutes\" \/>\n<script type=\"application\/ld+json\" class=\"yoast-schema-graph\">{\"@context\":\"https:\\\/\\\/schema.org\",\"@graph\":[{\"@type\":\"WebPage\",\"@id\":\"https:\\\/\\\/medtech-ingenieur.de\\\/eda-sensor\\\/\",\"url\":\"https:\\\/\\\/medtech-ingenieur.de\\\/eda-sensor\\\/\",\"name\":\"EDA (Electrodermal Activity) Sensor - MEDtech Ingenieur GmbH\",\"isPartOf\":{\"@id\":\"https:\\\/\\\/medtech-ingenieur.de\\\/#website\"},\"primaryImageOfPage\":{\"@id\":\"https:\\\/\\\/medtech-ingenieur.de\\\/eda-sensor\\\/#primaryimage\"},\"image\":{\"@id\":\"https:\\\/\\\/medtech-ingenieur.de\\\/eda-sensor\\\/#primaryimage\"},\"thumbnailUrl\":\"https:\\\/\\\/medtech-ingenieur.de\\\/wp-content\\\/uploads\\\/2025\\\/07\\\/SoMe-Hochkant-5.png\",\"datePublished\":\"2025-09-19T09:28:36+00:00\",\"dateModified\":\"2025-12-12T12:10:19+00:00\",\"description\":\"Entdecken Sie unseren EDA-Sensor zur pr\u00e4zisen Messung der elektrodermalen Aktivit\u00e4t \u2013 entwickelt f\u00fcr Forschung & medizinische Anwendungen\",\"breadcrumb\":{\"@id\":\"https:\\\/\\\/medtech-ingenieur.de\\\/eda-sensor\\\/#breadcrumb\"},\"inLanguage\":\"en-US\",\"potentialAction\":[{\"@type\":\"ReadAction\",\"target\":[\"https:\\\/\\\/medtech-ingenieur.de\\\/eda-sensor\\\/\"]}]},{\"@type\":\"ImageObject\",\"inLanguage\":\"en-US\",\"@id\":\"https:\\\/\\\/medtech-ingenieur.de\\\/eda-sensor\\\/#primaryimage\",\"url\":\"https:\\\/\\\/medtech-ingenieur.de\\\/wp-content\\\/uploads\\\/2025\\\/07\\\/SoMe-Hochkant-5.png\",\"contentUrl\":\"https:\\\/\\\/medtech-ingenieur.de\\\/wp-content\\\/uploads\\\/2025\\\/07\\\/SoMe-Hochkant-5.png\"},{\"@type\":\"BreadcrumbList\",\"@id\":\"https:\\\/\\\/medtech-ingenieur.de\\\/eda-sensor\\\/#breadcrumb\",\"itemListElement\":[{\"@type\":\"ListItem\",\"position\":1,\"name\":\"Startseite\",\"item\":\"https:\\\/\\\/medtech-ingenieur.de\\\/\"},{\"@type\":\"ListItem\",\"position\":2,\"name\":\"EDA (Electrodermal Activity) Sensor\"}]},{\"@type\":\"WebSite\",\"@id\":\"https:\\\/\\\/medtech-ingenieur.de\\\/#website\",\"url\":\"https:\\\/\\\/medtech-ingenieur.de\\\/\",\"name\":\"MEDtech Ingenieur GmbH\",\"description\":\"Ingenieursdienstleister f\u00fcr Medizintechnik\",\"publisher\":{\"@id\":\"https:\\\/\\\/medtech-ingenieur.de\\\/#organization\"},\"alternateName\":\"MEDtech\",\"potentialAction\":[{\"@type\":\"SearchAction\",\"target\":{\"@type\":\"EntryPoint\",\"urlTemplate\":\"https:\\\/\\\/medtech-ingenieur.de\\\/?s={search_term_string}\"},\"query-input\":{\"@type\":\"PropertyValueSpecification\",\"valueRequired\":true,\"valueName\":\"search_term_string\"}}],\"inLanguage\":\"en-US\"},{\"@type\":\"Organization\",\"@id\":\"https:\\\/\\\/medtech-ingenieur.de\\\/#organization\",\"name\":\"MEDtech Ingenieur\",\"alternateName\":\"MEDtech\",\"url\":\"https:\\\/\\\/medtech-ingenieur.de\\\/\",\"logo\":{\"@type\":\"ImageObject\",\"inLanguage\":\"en-US\",\"@id\":\"https:\\\/\\\/medtech-ingenieur.de\\\/#\\\/schema\\\/logo\\\/image\\\/\",\"url\":\"https:\\\/\\\/medtech-ingenieur.de\\\/wp-content\\\/uploads\\\/2024\\\/01\\\/logo-700x700-1.png\",\"contentUrl\":\"https:\\\/\\\/medtech-ingenieur.de\\\/wp-content\\\/uploads\\\/2024\\\/01\\\/logo-700x700-1.png\",\"width\":700,\"height\":700,\"caption\":\"MEDtech Ingenieur\"},\"image\":{\"@id\":\"https:\\\/\\\/medtech-ingenieur.de\\\/#\\\/schema\\\/logo\\\/image\\\/\"},\"sameAs\":[\"https:\\\/\\\/www.facebook.com\\\/medtechIngenieur\",\"https:\\\/\\\/x.com\\\/MedtechIng\",\"https:\\\/\\\/www.instagram.com\\\/medtech.ingenieure\\\/\",\"https:\\\/\\\/www.linkedin.com\\\/company\\\/37871229\\\/\"]}]}<\/script>\n<!-- \/ Yoast SEO plugin. -->","yoast_head_json":{"title":"EDA (Electrodermal Activity) Sensor - MEDtech Ingenieur GmbH","description":"Discover our EDA sensor for precise measurement of electrodermal activity \u2013 developed for research and medical applications.","robots":{"index":"index","follow":"follow","max-snippet":"max-snippet:-1","max-image-preview":"max-image-preview:large","max-video-preview":"max-video-preview:-1"},"canonical":"https:\/\/medtech-ingenieur.de\/en\/eda-sensor\/","og_locale":"en_US","og_type":"article","og_title":"EDA (Electrodermal Activity) Sensor - MEDtech Ingenieur GmbH","og_description":"Entdecken Sie unseren EDA-Sensor zur pr\u00e4zisen Messung der elektrodermalen Aktivit\u00e4t \u2013 entwickelt f\u00fcr Forschung & medizinische Anwendungen","og_url":"https:\/\/medtech-ingenieur.de\/en\/eda-sensor\/","og_site_name":"MEDtech Ingenieur GmbH","article_publisher":"https:\/\/www.facebook.com\/medtechIngenieur","article_modified_time":"2025-12-12T12:10:19+00:00","og_image":[{"url":"https:\/\/medtech-ingenieur.de\/wp-content\/uploads\/2025\/07\/SoMe-Hochkant-5.png","type":"","width":"","height":""}],"twitter_card":"summary_large_image","twitter_site":"@MedtechIng","twitter_misc":{"Est. reading time":"5 minutes"},"schema":{"@context":"https:\/\/schema.org","@graph":[{"@type":"WebPage","@id":"https:\/\/medtech-ingenieur.de\/eda-sensor\/","url":"https:\/\/medtech-ingenieur.de\/eda-sensor\/","name":"EDA (Electrodermal Activity) Sensor - MEDtech Ingenieur GmbH","isPartOf":{"@id":"https:\/\/medtech-ingenieur.de\/#website"},"primaryImageOfPage":{"@id":"https:\/\/medtech-ingenieur.de\/eda-sensor\/#primaryimage"},"image":{"@id":"https:\/\/medtech-ingenieur.de\/eda-sensor\/#primaryimage"},"thumbnailUrl":"https:\/\/medtech-ingenieur.de\/wp-content\/uploads\/2025\/07\/SoMe-Hochkant-5.png","datePublished":"2025-09-19T09:28:36+00:00","dateModified":"2025-12-12T12:10:19+00:00","description":"Discover our EDA sensor for precise measurement of electrodermal activity \u2013 developed for research and medical applications.","breadcrumb":{"@id":"https:\/\/medtech-ingenieur.de\/eda-sensor\/#breadcrumb"},"inLanguage":"en-US","potentialAction":[{"@type":"ReadAction","target":["https:\/\/medtech-ingenieur.de\/eda-sensor\/"]}]},{"@type":"ImageObject","inLanguage":"en-US","@id":"https:\/\/medtech-ingenieur.de\/eda-sensor\/#primaryimage","url":"https:\/\/medtech-ingenieur.de\/wp-content\/uploads\/2025\/07\/SoMe-Hochkant-5.png","contentUrl":"https:\/\/medtech-ingenieur.de\/wp-content\/uploads\/2025\/07\/SoMe-Hochkant-5.png"},{"@type":"BreadcrumbList","@id":"https:\/\/medtech-ingenieur.de\/eda-sensor\/#breadcrumb","itemListElement":[{"@type":"ListItem","position":1,"name":"Startseite","item":"https:\/\/medtech-ingenieur.de\/"},{"@type":"ListItem","position":2,"name":"EDA (Electrodermal Activity) Sensor"}]},{"@type":"WebSite","@id":"https:\/\/medtech-ingenieur.de\/#website","url":"https:\/\/medtech-ingenieur.de\/","name":"MEDtech Ingenieur GmbH","description":"Engineering service provider for medical technology","publisher":{"@id":"https:\/\/medtech-ingenieur.de\/#organization"},"alternateName":"MEDtech","potentialAction":[{"@type":"SearchAction","target":{"@type":"EntryPoint","urlTemplate":"https:\/\/medtech-ingenieur.de\/?s={search_term_string}"},"query-input":{"@type":"PropertyValueSpecification","valueRequired":true,"valueName":"search_term_string"}}],"inLanguage":"en-US"},{"@type":"Organization","@id":"https:\/\/medtech-ingenieur.de\/#organization","name":"MEDtech Engineer","alternateName":"MEDtech","url":"https:\/\/medtech-ingenieur.de\/","logo":{"@type":"ImageObject","inLanguage":"en-US","@id":"https:\/\/medtech-ingenieur.de\/#\/schema\/logo\/image\/","url":"https:\/\/medtech-ingenieur.de\/wp-content\/uploads\/2024\/01\/logo-700x700-1.png","contentUrl":"https:\/\/medtech-ingenieur.de\/wp-content\/uploads\/2024\/01\/logo-700x700-1.png","width":700,"height":700,"caption":"MEDtech Ingenieur"},"image":{"@id":"https:\/\/medtech-ingenieur.de\/#\/schema\/logo\/image\/"},"sameAs":["https:\/\/www.facebook.com\/medtechIngenieur","https:\/\/x.com\/MedtechIng","https:\/\/www.instagram.com\/medtech.ingenieure\/","https:\/\/www.linkedin.com\/company\/37871229\/"]}]}},"_links":{"self":[{"href":"https:\/\/medtech-ingenieur.de\/en\/wp-json\/wp\/v2\/pages\/10288","targetHints":{"allow":["GET"]}}],"collection":[{"href":"https:\/\/medtech-ingenieur.de\/en\/wp-json\/wp\/v2\/pages"}],"about":[{"href":"https:\/\/medtech-ingenieur.de\/en\/wp-json\/wp\/v2\/types\/page"}],"author":[{"embeddable":true,"href":"https:\/\/medtech-ingenieur.de\/en\/wp-json\/wp\/v2\/users\/39"}],"replies":[{"embeddable":true,"href":"https:\/\/medtech-ingenieur.de\/en\/wp-json\/wp\/v2\/comments?post=10288"}],"version-history":[{"count":511,"href":"https:\/\/medtech-ingenieur.de\/en\/wp-json\/wp\/v2\/pages\/10288\/revisions"}],"predecessor-version":[{"id":12665,"href":"https:\/\/medtech-ingenieur.de\/en\/wp-json\/wp\/v2\/pages\/10288\/revisions\/12665"}],"wp:attachment":[{"href":"https:\/\/medtech-ingenieur.de\/en\/wp-json\/wp\/v2\/media?parent=10288"}],"curies":[{"name":"wp","href":"https:\/\/api.w.org\/{rel}","templated":true}]}}