{"id":10108,"date":"2025-04-22T22:03:33","date_gmt":"2025-04-22T20:03:33","guid":{"rendered":"https:\/\/medtech-ingenieur.de\/?page_id=10108"},"modified":"2026-01-25T15:42:26","modified_gmt":"2026-01-25T14:42:26","slug":"impressum","status":"publish","type":"page","link":"https:\/\/medtech-ingenieur.de\/en\/impressum\/","title":{"rendered":"imprint"},"content":{"rendered":"<h1 style=\"text-align: center;\">imprint<\/h1>\n<p><strong>Information according to DDG<\/strong>MEDtech Ingenieur GmbH, Am Weichselgarten 7, 91058 Erlangen, Commercial Register: HRB 16939, Register Court: F\u00fcrth District Court, VAT ID No. pursuant to \u00a727a of the German VAT Act: DE320079776, Represented by the Managing Directors: Dipl.-Ing. Goran Madzar, Dipl.-Ing. (FH) Martin Bosch<\/p>\n<p><strong>contact<\/strong>info@medtech-ingenieur.de https:\/\/www.medtech-ingenieur.de Telephone +49 9131 691-240 Fax +49 9131 691-244 Privacy Policy Disclaimer<strong>Dispute resolution<\/strong>MEDtech Ingenieur GmbH is&nbsp;<strong>not willing and not obliged<\/strong>to participate in dispute resolution proceedings before a consumer arbitration board.<strong>Liability for content<\/strong>As a service provider, we are responsible for our own content on these pages in accordance with Section 7 Paragraph 1 of the German Data Protection Act (DDG). However, according to Sections 8 to 10 of the DDG, we are not obligated as a service provider to monitor transmitted or stored third-party information or to investigate circumstances that indicate illegal activity. Obligations to remove or block the use of information under general law remain unaffected. However, liability in this respect is only possible from the point at which we become aware of a specific legal infringement. Upon becoming aware of such legal infringements, we will remove this content immediately.<strong>Liability for links<\/strong>Our website contains links to external websites of third parties, over whose content we have no influence. Therefore, we cannot assume any liability for this external content. The respective provider or operator of the linked pages is always responsible for their content. The linked pages were checked for possible legal violations at the time the links were created. Illegal content was not apparent at the time the links were created. However, continuous monitoring of the content of linked pages is not reasonable without concrete evidence of a legal violation. Upon notification of legal violations, we will remove such links immediately.<strong>copyright<\/strong>The content and works created by the website operators on these pages are subject to German copyright law. Reproduction, processing, distribution, and any form of exploitation beyond the limits of copyright law require the written consent of the respective author or creator. Downloads and copies of this page are permitted only for private, non-commercial use. Insofar as the content on this page was not created by the operator, the copyrights of third parties are respected. In particular, third-party content is identified as such. Should you nevertheless become aware of a copyright infringement, please inform us accordingly. Upon notification of legal violations, we will remove such content immediately. Sources: eRecht24<\/p>","protected":false},"excerpt":{"rendered":"<p>Impressum Angaben gem\u00e4\u00df DDGMEDtech Ingenieur GmbHAm Weichselgarten 791058 ErlangenHandelsregister: HRB 16939Registergericht: Amtsgericht F\u00fcrthUSt-IdNr gem\u00e4\u00df \u00a727a Umsatzsteuergesetz: DE320079776Vertreten durch die Gesch\u00e4ftsf\u00fchrer:Dipl.-Ing. Goran MadzarDipl.-Ing. (FH) Martin Bosch Kontaktinfo@medtech-ingenieur.dehttps:\/\/www.medtech-ingenieur.deTelefon 09131 691 \u2013 240Fax 09131 691 \u2013 244Datenschutzerkl\u00e4rungHaftungsausschluss (Disclaimer)StreitschlichtungDie MEDtech Ingenieur GmbH ist&nbsp;nicht bereit und nicht verpflichtet, an Streitbeilegungsverfahren vor einer Verbraucherschlichtungsstelle teilzunehmen.Haftung f\u00fcr InhalteAls Diensteanbieter sind wir gem\u00e4\u00df [&hellip;]<\/p>\n","protected":false},"author":48,"featured_media":0,"parent":0,"menu_order":0,"comment_status":"closed","ping_status":"closed","template":"","meta":{"footnotes":""},"class_list":["post-10108","page","type-page","status-publish","hentry","post-wrapper","thrv_wrapper"],"yoast_head":"<!-- This site is optimized with the Yoast SEO plugin v27.4 - https:\/\/yoast.com\/product\/yoast-seo-wordpress\/ -->\n<title>Impressum - MEDtech Ingenieur GmbH<\/title>\n<meta name=\"description\" content=\"Gesetzliche Angaben zur MEDtech Ingenieur GmbH \u2013 Adresse, Vertretung, Haftungsausschluss und Kontaktinformationen.\" \/>\n<meta name=\"robots\" content=\"index, follow, max-snippet:-1, max-image-preview:large, max-video-preview:-1\" \/>\n<link rel=\"canonical\" href=\"https:\/\/medtech-ingenieur.de\/en\/impressum\/\" \/>\n<meta property=\"og:locale\" content=\"en_US\" \/>\n<meta property=\"og:type\" content=\"article\" \/>\n<meta property=\"og:title\" content=\"Impressum - MEDtech Ingenieur GmbH\" \/>\n<meta property=\"og:description\" content=\"Gesetzliche Angaben zur MEDtech Ingenieur GmbH \u2013 Adresse, Vertretung, Haftungsausschluss und Kontaktinformationen.\" \/>\n<meta property=\"og:url\" content=\"https:\/\/medtech-ingenieur.de\/en\/impressum\/\" \/>\n<meta property=\"og:site_name\" content=\"MEDtech Ingenieur GmbH\" \/>\n<meta property=\"article:publisher\" content=\"https:\/\/www.facebook.com\/medtechIngenieur\" \/>\n<meta property=\"article:modified_time\" content=\"2026-01-25T14:42:26+00:00\" \/>\n<meta name=\"twitter:card\" content=\"summary_large_image\" \/>\n<meta name=\"twitter:site\" content=\"@MedtechIng\" \/>\n<meta name=\"twitter:label1\" content=\"Est. reading time\" \/>\n\t<meta name=\"twitter:data1\" content=\"3 minutes\" \/>\n<script type=\"application\/ld+json\" class=\"yoast-schema-graph\">{\"@context\":\"https:\\\/\\\/schema.org\",\"@graph\":[{\"@type\":\"WebPage\",\"@id\":\"https:\\\/\\\/medtech-ingenieur.de\\\/impressum\\\/\",\"url\":\"https:\\\/\\\/medtech-ingenieur.de\\\/impressum\\\/\",\"name\":\"Impressum - MEDtech Ingenieur GmbH\",\"isPartOf\":{\"@id\":\"https:\\\/\\\/medtech-ingenieur.de\\\/#website\"},\"datePublished\":\"2025-04-22T20:03:33+00:00\",\"dateModified\":\"2026-01-25T14:42:26+00:00\",\"description\":\"Gesetzliche Angaben zur MEDtech Ingenieur GmbH \u2013 Adresse, Vertretung, Haftungsausschluss und Kontaktinformationen.\",\"breadcrumb\":{\"@id\":\"https:\\\/\\\/medtech-ingenieur.de\\\/impressum\\\/#breadcrumb\"},\"inLanguage\":\"en-US\",\"potentialAction\":[{\"@type\":\"ReadAction\",\"target\":[\"https:\\\/\\\/medtech-ingenieur.de\\\/impressum\\\/\"]}]},{\"@type\":\"BreadcrumbList\",\"@id\":\"https:\\\/\\\/medtech-ingenieur.de\\\/impressum\\\/#breadcrumb\",\"itemListElement\":[{\"@type\":\"ListItem\",\"position\":1,\"name\":\"Startseite\",\"item\":\"https:\\\/\\\/medtech-ingenieur.de\\\/\"},{\"@type\":\"ListItem\",\"position\":2,\"name\":\"Impressum\"}]},{\"@type\":\"WebSite\",\"@id\":\"https:\\\/\\\/medtech-ingenieur.de\\\/#website\",\"url\":\"https:\\\/\\\/medtech-ingenieur.de\\\/\",\"name\":\"MEDtech Ingenieur GmbH\",\"description\":\"Ingenieursdienstleister f\u00fcr Medizintechnik\",\"publisher\":{\"@id\":\"https:\\\/\\\/medtech-ingenieur.de\\\/#organization\"},\"alternateName\":\"MEDtech\",\"potentialAction\":[{\"@type\":\"SearchAction\",\"target\":{\"@type\":\"EntryPoint\",\"urlTemplate\":\"https:\\\/\\\/medtech-ingenieur.de\\\/?s={search_term_string}\"},\"query-input\":{\"@type\":\"PropertyValueSpecification\",\"valueRequired\":true,\"valueName\":\"search_term_string\"}}],\"inLanguage\":\"en-US\"},{\"@type\":\"Organization\",\"@id\":\"https:\\\/\\\/medtech-ingenieur.de\\\/#organization\",\"name\":\"MEDtech Ingenieur\",\"alternateName\":\"MEDtech\",\"url\":\"https:\\\/\\\/medtech-ingenieur.de\\\/\",\"logo\":{\"@type\":\"ImageObject\",\"inLanguage\":\"en-US\",\"@id\":\"https:\\\/\\\/medtech-ingenieur.de\\\/#\\\/schema\\\/logo\\\/image\\\/\",\"url\":\"https:\\\/\\\/medtech-ingenieur.de\\\/wp-content\\\/uploads\\\/2024\\\/01\\\/logo-700x700-1.png\",\"contentUrl\":\"https:\\\/\\\/medtech-ingenieur.de\\\/wp-content\\\/uploads\\\/2024\\\/01\\\/logo-700x700-1.png\",\"width\":700,\"height\":700,\"caption\":\"MEDtech Ingenieur\"},\"image\":{\"@id\":\"https:\\\/\\\/medtech-ingenieur.de\\\/#\\\/schema\\\/logo\\\/image\\\/\"},\"sameAs\":[\"https:\\\/\\\/www.facebook.com\\\/medtechIngenieur\",\"https:\\\/\\\/x.com\\\/MedtechIng\",\"https:\\\/\\\/www.instagram.com\\\/medtech.ingenieure\\\/\",\"https:\\\/\\\/www.linkedin.com\\\/company\\\/37871229\\\/\"]}]}<\/script>\n<!-- \/ Yoast SEO plugin. -->","yoast_head_json":{"title":"Imprint - MEDtech Ingenieur GmbH","description":"Legal information about MEDtech Ingenieur GmbH \u2013 address, representation, disclaimer and contact information.","robots":{"index":"index","follow":"follow","max-snippet":"max-snippet:-1","max-image-preview":"max-image-preview:large","max-video-preview":"max-video-preview:-1"},"canonical":"https:\/\/medtech-ingenieur.de\/en\/impressum\/","og_locale":"en_US","og_type":"article","og_title":"Impressum - MEDtech Ingenieur GmbH","og_description":"Gesetzliche Angaben zur MEDtech Ingenieur GmbH \u2013 Adresse, Vertretung, Haftungsausschluss und Kontaktinformationen.","og_url":"https:\/\/medtech-ingenieur.de\/en\/impressum\/","og_site_name":"MEDtech Ingenieur GmbH","article_publisher":"https:\/\/www.facebook.com\/medtechIngenieur","article_modified_time":"2026-01-25T14:42:26+00:00","twitter_card":"summary_large_image","twitter_site":"@MedtechIng","twitter_misc":{"Est. reading time":"3 minutes"},"schema":{"@context":"https:\/\/schema.org","@graph":[{"@type":"WebPage","@id":"https:\/\/medtech-ingenieur.de\/impressum\/","url":"https:\/\/medtech-ingenieur.de\/impressum\/","name":"Imprint - MEDtech Ingenieur GmbH","isPartOf":{"@id":"https:\/\/medtech-ingenieur.de\/#website"},"datePublished":"2025-04-22T20:03:33+00:00","dateModified":"2026-01-25T14:42:26+00:00","description":"Legal information about MEDtech Ingenieur GmbH \u2013 address, representation, disclaimer and contact information.","breadcrumb":{"@id":"https:\/\/medtech-ingenieur.de\/impressum\/#breadcrumb"},"inLanguage":"en-US","potentialAction":[{"@type":"ReadAction","target":["https:\/\/medtech-ingenieur.de\/impressum\/"]}]},{"@type":"BreadcrumbList","@id":"https:\/\/medtech-ingenieur.de\/impressum\/#breadcrumb","itemListElement":[{"@type":"ListItem","position":1,"name":"Startseite","item":"https:\/\/medtech-ingenieur.de\/"},{"@type":"ListItem","position":2,"name":"Impressum"}]},{"@type":"WebSite","@id":"https:\/\/medtech-ingenieur.de\/#website","url":"https:\/\/medtech-ingenieur.de\/","name":"MEDtech Ingenieur GmbH","description":"Engineering service provider for medical technology","publisher":{"@id":"https:\/\/medtech-ingenieur.de\/#organization"},"alternateName":"MEDtech","potentialAction":[{"@type":"SearchAction","target":{"@type":"EntryPoint","urlTemplate":"https:\/\/medtech-ingenieur.de\/?s={search_term_string}"},"query-input":{"@type":"PropertyValueSpecification","valueRequired":true,"valueName":"search_term_string"}}],"inLanguage":"en-US"},{"@type":"Organization","@id":"https:\/\/medtech-ingenieur.de\/#organization","name":"MEDtech Engineer","alternateName":"MEDtech","url":"https:\/\/medtech-ingenieur.de\/","logo":{"@type":"ImageObject","inLanguage":"en-US","@id":"https:\/\/medtech-ingenieur.de\/#\/schema\/logo\/image\/","url":"https:\/\/medtech-ingenieur.de\/wp-content\/uploads\/2024\/01\/logo-700x700-1.png","contentUrl":"https:\/\/medtech-ingenieur.de\/wp-content\/uploads\/2024\/01\/logo-700x700-1.png","width":700,"height":700,"caption":"MEDtech Ingenieur"},"image":{"@id":"https:\/\/medtech-ingenieur.de\/#\/schema\/logo\/image\/"},"sameAs":["https:\/\/www.facebook.com\/medtechIngenieur","https:\/\/x.com\/MedtechIng","https:\/\/www.instagram.com\/medtech.ingenieure\/","https:\/\/www.linkedin.com\/company\/37871229\/"]}]}},"_links":{"self":[{"href":"https:\/\/medtech-ingenieur.de\/en\/wp-json\/wp\/v2\/pages\/10108","targetHints":{"allow":["GET"]}}],"collection":[{"href":"https:\/\/medtech-ingenieur.de\/en\/wp-json\/wp\/v2\/pages"}],"about":[{"href":"https:\/\/medtech-ingenieur.de\/en\/wp-json\/wp\/v2\/types\/page"}],"author":[{"embeddable":true,"href":"https:\/\/medtech-ingenieur.de\/en\/wp-json\/wp\/v2\/users\/48"}],"replies":[{"embeddable":true,"href":"https:\/\/medtech-ingenieur.de\/en\/wp-json\/wp\/v2\/comments?post=10108"}],"version-history":[{"count":8,"href":"https:\/\/medtech-ingenieur.de\/en\/wp-json\/wp\/v2\/pages\/10108\/revisions"}],"predecessor-version":[{"id":12764,"href":"https:\/\/medtech-ingenieur.de\/en\/wp-json\/wp\/v2\/pages\/10108\/revisions\/12764"}],"wp:attachment":[{"href":"https:\/\/medtech-ingenieur.de\/en\/wp-json\/wp\/v2\/media?parent=10108"}],"curies":[{"name":"wp","href":"https:\/\/api.w.org\/{rel}","templated":true}]}}