{"id":10061,"date":"2025-04-20T20:19:11","date_gmt":"2025-04-20T18:19:11","guid":{"rendered":"https:\/\/medtech-ingenieur.de\/?page_id=10061"},"modified":"2025-04-25T15:00:10","modified_gmt":"2025-04-25T13:00:10","slug":"kontakt","status":"publish","type":"page","link":"https:\/\/medtech-ingenieur.de\/en\/kontakt\/","title":{"rendered":"contact"},"content":{"rendered":"<h1 style=\"\">contact<\/h1>\n<h3 style=\"\">Further contact options<\/h3>\n<p style=\"\">8:00 AM \u2013 5:00 PM<\/p>\n<p style=\"\"><a href=\"tel:09131691240\" target=\"_blank\" style=\"outline: none;\">09131 \/ 691240<\/a><\/p>\n<p style=\"\"><a href=\"mailto:info@medtech-ingenieur.de\" target=\"_blank\">info@medtech-ingenieur.de<\/a><\/p>\n<p style=\"\">Am Weichselgarten 7, 91058 Erlangen<\/p>","protected":false},"excerpt":{"rendered":"<p>Contact Further contact options 8:00 am \u2013 5:00 pm 09131 \/ 691240 info@medtech-ingenieur.de Am Weichselgarten 7, 91058 Erlangen<\/p>","protected":false},"author":48,"featured_media":0,"parent":0,"menu_order":0,"comment_status":"closed","ping_status":"closed","template":"","meta":{"footnotes":""},"class_list":["post-10061","page","type-page","status-publish","hentry","post-wrapper","thrv_wrapper"],"yoast_head":"<!-- This site is optimized with the Yoast SEO plugin v27.4 - https:\/\/yoast.com\/product\/yoast-seo-wordpress\/ -->\n<title>Kontakt \u2013 MEDtech Ingenieur GmbH f\u00fcr Medizintechnik-Projekte<\/title>\n<meta name=\"description\" content=\"Sie m\u00f6chten ein Medizinger\u00e4t entwickeln oder ben\u00f6tigen Unterst\u00fctzung in der CE-Zertifizierung? Nehmen Sie jetzt Kontakt auf.\" \/>\n<meta name=\"robots\" content=\"index, follow, max-snippet:-1, max-image-preview:large, max-video-preview:-1\" \/>\n<link rel=\"canonical\" href=\"https:\/\/medtech-ingenieur.de\/en\/kontakt\/\" \/>\n<meta property=\"og:locale\" content=\"en_US\" \/>\n<meta property=\"og:type\" content=\"article\" \/>\n<meta property=\"og:title\" content=\"Kontakt \u2013 MEDtech Ingenieur GmbH f\u00fcr Medizintechnik-Projekte\" \/>\n<meta property=\"og:description\" content=\"Sie m\u00f6chten ein Medizinger\u00e4t entwickeln oder ben\u00f6tigen Unterst\u00fctzung in der CE-Zertifizierung? Nehmen Sie jetzt Kontakt auf.\" \/>\n<meta property=\"og:url\" content=\"https:\/\/medtech-ingenieur.de\/en\/kontakt\/\" \/>\n<meta property=\"og:site_name\" content=\"MEDtech Ingenieur GmbH\" \/>\n<meta property=\"article:publisher\" content=\"https:\/\/www.facebook.com\/medtechIngenieur\" \/>\n<meta property=\"article:modified_time\" content=\"2025-04-25T13:00:10+00:00\" \/>\n<meta name=\"twitter:card\" content=\"summary_large_image\" \/>\n<meta name=\"twitter:site\" content=\"@MedtechIng\" \/>\n<meta name=\"twitter:label1\" content=\"Est. reading time\" \/>\n\t<meta name=\"twitter:data1\" content=\"1 minute\" \/>\n<script type=\"application\/ld+json\" class=\"yoast-schema-graph\">{\"@context\":\"https:\\\/\\\/schema.org\",\"@graph\":[{\"@type\":\"WebPage\",\"@id\":\"https:\\\/\\\/medtech-ingenieur.de\\\/kontakt\\\/\",\"url\":\"https:\\\/\\\/medtech-ingenieur.de\\\/kontakt\\\/\",\"name\":\"Kontakt \u2013 MEDtech Ingenieur GmbH f\u00fcr Medizintechnik-Projekte\",\"isPartOf\":{\"@id\":\"https:\\\/\\\/medtech-ingenieur.de\\\/#website\"},\"datePublished\":\"2025-04-20T18:19:11+00:00\",\"dateModified\":\"2025-04-25T13:00:10+00:00\",\"description\":\"Sie m\u00f6chten ein Medizinger\u00e4t entwickeln oder ben\u00f6tigen Unterst\u00fctzung in der CE-Zertifizierung? Nehmen Sie jetzt Kontakt auf.\",\"breadcrumb\":{\"@id\":\"https:\\\/\\\/medtech-ingenieur.de\\\/kontakt\\\/#breadcrumb\"},\"inLanguage\":\"en-US\",\"potentialAction\":[{\"@type\":\"ReadAction\",\"target\":[\"https:\\\/\\\/medtech-ingenieur.de\\\/kontakt\\\/\"]}]},{\"@type\":\"BreadcrumbList\",\"@id\":\"https:\\\/\\\/medtech-ingenieur.de\\\/kontakt\\\/#breadcrumb\",\"itemListElement\":[{\"@type\":\"ListItem\",\"position\":1,\"name\":\"Startseite\",\"item\":\"https:\\\/\\\/medtech-ingenieur.de\\\/\"},{\"@type\":\"ListItem\",\"position\":2,\"name\":\"Kontakt\"}]},{\"@type\":\"WebSite\",\"@id\":\"https:\\\/\\\/medtech-ingenieur.de\\\/#website\",\"url\":\"https:\\\/\\\/medtech-ingenieur.de\\\/\",\"name\":\"MEDtech Ingenieur GmbH\",\"description\":\"Ingenieursdienstleister f\u00fcr Medizintechnik\",\"publisher\":{\"@id\":\"https:\\\/\\\/medtech-ingenieur.de\\\/#organization\"},\"alternateName\":\"MEDtech\",\"potentialAction\":[{\"@type\":\"SearchAction\",\"target\":{\"@type\":\"EntryPoint\",\"urlTemplate\":\"https:\\\/\\\/medtech-ingenieur.de\\\/?s={search_term_string}\"},\"query-input\":{\"@type\":\"PropertyValueSpecification\",\"valueRequired\":true,\"valueName\":\"search_term_string\"}}],\"inLanguage\":\"en-US\"},{\"@type\":\"Organization\",\"@id\":\"https:\\\/\\\/medtech-ingenieur.de\\\/#organization\",\"name\":\"MEDtech Ingenieur\",\"alternateName\":\"MEDtech\",\"url\":\"https:\\\/\\\/medtech-ingenieur.de\\\/\",\"logo\":{\"@type\":\"ImageObject\",\"inLanguage\":\"en-US\",\"@id\":\"https:\\\/\\\/medtech-ingenieur.de\\\/#\\\/schema\\\/logo\\\/image\\\/\",\"url\":\"https:\\\/\\\/medtech-ingenieur.de\\\/wp-content\\\/uploads\\\/2024\\\/01\\\/logo-700x700-1.png\",\"contentUrl\":\"https:\\\/\\\/medtech-ingenieur.de\\\/wp-content\\\/uploads\\\/2024\\\/01\\\/logo-700x700-1.png\",\"width\":700,\"height\":700,\"caption\":\"MEDtech Ingenieur\"},\"image\":{\"@id\":\"https:\\\/\\\/medtech-ingenieur.de\\\/#\\\/schema\\\/logo\\\/image\\\/\"},\"sameAs\":[\"https:\\\/\\\/www.facebook.com\\\/medtechIngenieur\",\"https:\\\/\\\/x.com\\\/MedtechIng\",\"https:\\\/\\\/www.instagram.com\\\/medtech.ingenieure\\\/\",\"https:\\\/\\\/www.linkedin.com\\\/company\\\/37871229\\\/\"]}]}<\/script>\n<!-- \/ Yoast SEO plugin. -->","yoast_head_json":{"title":"Contact \u2013 MEDtech Ingenieur GmbH for medical technology projects","description":"Are you looking to develop a medical device or do you need support with CE certification? Get in touch now.","robots":{"index":"index","follow":"follow","max-snippet":"max-snippet:-1","max-image-preview":"max-image-preview:large","max-video-preview":"max-video-preview:-1"},"canonical":"https:\/\/medtech-ingenieur.de\/en\/kontakt\/","og_locale":"en_US","og_type":"article","og_title":"Kontakt \u2013 MEDtech Ingenieur GmbH f\u00fcr Medizintechnik-Projekte","og_description":"Sie m\u00f6chten ein Medizinger\u00e4t entwickeln oder ben\u00f6tigen Unterst\u00fctzung in der CE-Zertifizierung? Nehmen Sie jetzt Kontakt auf.","og_url":"https:\/\/medtech-ingenieur.de\/en\/kontakt\/","og_site_name":"MEDtech Ingenieur GmbH","article_publisher":"https:\/\/www.facebook.com\/medtechIngenieur","article_modified_time":"2025-04-25T13:00:10+00:00","twitter_card":"summary_large_image","twitter_site":"@MedtechIng","twitter_misc":{"Est. reading time":"1 minute"},"schema":{"@context":"https:\/\/schema.org","@graph":[{"@type":"WebPage","@id":"https:\/\/medtech-ingenieur.de\/kontakt\/","url":"https:\/\/medtech-ingenieur.de\/kontakt\/","name":"Contact \u2013 MEDtech Ingenieur GmbH for medical technology projects","isPartOf":{"@id":"https:\/\/medtech-ingenieur.de\/#website"},"datePublished":"2025-04-20T18:19:11+00:00","dateModified":"2025-04-25T13:00:10+00:00","description":"Are you looking to develop a medical device or do you need support with CE certification? Get in touch now.","breadcrumb":{"@id":"https:\/\/medtech-ingenieur.de\/kontakt\/#breadcrumb"},"inLanguage":"en-US","potentialAction":[{"@type":"ReadAction","target":["https:\/\/medtech-ingenieur.de\/kontakt\/"]}]},{"@type":"BreadcrumbList","@id":"https:\/\/medtech-ingenieur.de\/kontakt\/#breadcrumb","itemListElement":[{"@type":"ListItem","position":1,"name":"Startseite","item":"https:\/\/medtech-ingenieur.de\/"},{"@type":"ListItem","position":2,"name":"Kontakt"}]},{"@type":"WebSite","@id":"https:\/\/medtech-ingenieur.de\/#website","url":"https:\/\/medtech-ingenieur.de\/","name":"MEDtech Ingenieur GmbH","description":"Engineering service provider for medical technology","publisher":{"@id":"https:\/\/medtech-ingenieur.de\/#organization"},"alternateName":"MEDtech","potentialAction":[{"@type":"SearchAction","target":{"@type":"EntryPoint","urlTemplate":"https:\/\/medtech-ingenieur.de\/?s={search_term_string}"},"query-input":{"@type":"PropertyValueSpecification","valueRequired":true,"valueName":"search_term_string"}}],"inLanguage":"en-US"},{"@type":"Organization","@id":"https:\/\/medtech-ingenieur.de\/#organization","name":"MEDtech Engineer","alternateName":"MEDtech","url":"https:\/\/medtech-ingenieur.de\/","logo":{"@type":"ImageObject","inLanguage":"en-US","@id":"https:\/\/medtech-ingenieur.de\/#\/schema\/logo\/image\/","url":"https:\/\/medtech-ingenieur.de\/wp-content\/uploads\/2024\/01\/logo-700x700-1.png","contentUrl":"https:\/\/medtech-ingenieur.de\/wp-content\/uploads\/2024\/01\/logo-700x700-1.png","width":700,"height":700,"caption":"MEDtech Ingenieur"},"image":{"@id":"https:\/\/medtech-ingenieur.de\/#\/schema\/logo\/image\/"},"sameAs":["https:\/\/www.facebook.com\/medtechIngenieur","https:\/\/x.com\/MedtechIng","https:\/\/www.instagram.com\/medtech.ingenieure\/","https:\/\/www.linkedin.com\/company\/37871229\/"]}]}},"_links":{"self":[{"href":"https:\/\/medtech-ingenieur.de\/en\/wp-json\/wp\/v2\/pages\/10061","targetHints":{"allow":["GET"]}}],"collection":[{"href":"https:\/\/medtech-ingenieur.de\/en\/wp-json\/wp\/v2\/pages"}],"about":[{"href":"https:\/\/medtech-ingenieur.de\/en\/wp-json\/wp\/v2\/types\/page"}],"author":[{"embeddable":true,"href":"https:\/\/medtech-ingenieur.de\/en\/wp-json\/wp\/v2\/users\/48"}],"replies":[{"embeddable":true,"href":"https:\/\/medtech-ingenieur.de\/en\/wp-json\/wp\/v2\/comments?post=10061"}],"version-history":[{"count":8,"href":"https:\/\/medtech-ingenieur.de\/en\/wp-json\/wp\/v2\/pages\/10061\/revisions"}],"predecessor-version":[{"id":10148,"href":"https:\/\/medtech-ingenieur.de\/en\/wp-json\/wp\/v2\/pages\/10061\/revisions\/10148"}],"wp:attachment":[{"href":"https:\/\/medtech-ingenieur.de\/en\/wp-json\/wp\/v2\/media?parent=10061"}],"curies":[{"name":"wp","href":"https:\/\/api.w.org\/{rel}","templated":true}]}}